{"id":766,"date":"2017-12-22T09:14:06","date_gmt":"2017-12-22T11:14:06","guid":{"rendered":"http:\/\/spmar.crpweb.com.br\/?page_id=766"},"modified":"2026-02-05T08:39:59","modified_gmt":"2026-02-05T11:39:59","slug":"cupom-fiscal","status":"publish","type":"page","link":"https:\/\/www.spmar.com.br\/web\/pedagios\/cupom-fiscal\/","title":{"rendered":"Documento Fiscal Equivalente ou Registro de Passagem Veicular"},"content":{"rendered":"<h1>Documento Fiscal Equivalente ou Registro de Passagem Veicular (RPV)<\/h1>\n<p><strong><br \/>DFE<\/strong><\/p>\n<p>O Documento Fiscal Equivalente (DFE) \u00e9 o documento equivalente \u00e0 nota fiscal para pagamento de ped\u00e1gio. Ele \u00e9 emitido ap\u00f3s o pagamento da tarifa e pode conter informa\u00e7\u00f5es adicionais, como CPF ou CNPJ do usu\u00e1rio e a placa do ve\u00edculo, conforme informado no sistema.<br \/>ATEN\u00c7\u00c3O: o documento fiscal estar\u00e1 dispon\u00edvel online at\u00e9 SETE dias ap\u00f3s o pagamento do ped\u00e1gio em dinheiro ou por sistemas de cobran\u00e7a autom\u00e1tica.<\/p>\n<p><strong><br \/>RPV<\/strong><\/p>\n<p>O Registro de Passagem Veicular (RPV) \u00e9 o comprovante que registra a passagem do ve\u00edculo pela pra\u00e7a de ped\u00e1gio, independentemente do meio de pagamento. Ele informa a data, hor\u00e1rio, local e caracter\u00edsticas da passagem, sem substituir o documento fiscal.<br \/><strong>Por que preciso do Registro de Passagem Veicular (RPV)?<\/strong><br \/>O RPV \u00e9 utilizado para gerar a chave de acesso ao sistema da Receita Federal\/ NFS-e Via.<\/p>\n<p>\u00a0<\/p>\n<h2>Para obter o DFE \/ RPV <a href=\"https:\/\/cupomfiscalgdespmar.com.br\">clique aqui<\/a><\/h2>\n\n\n<p><\/p>\n","protected":false},"excerpt":{"rendered":"<p>Documento Fiscal Equivalente ou Registro de Passagem Veicular (RPV) DFE O Documento Fiscal Equivalente (DFE) \u00e9 o documento equivalente \u00e0 nota fiscal para pagamento de ped\u00e1gio. Ele \u00e9 emitido ap\u00f3s o pagamento da tarifa e pode conter informa\u00e7\u00f5es adicionais, como CPF ou CNPJ do usu\u00e1rio e a placa do ve\u00edculo, conforme informado no sistema.ATEN\u00c7\u00c3O: o [&hellip;]<\/p>\n","protected":false},"author":1,"featured_media":4177,"parent":4149,"menu_order":2,"comment_status":"closed","ping_status":"closed","template":"","meta":{"_acf_changed":false,"inline_featured_image":false,"footnotes":""},"class_list":["post-766","page","type-page","status-publish","has-post-thumbnail","hentry"],"acf":[],"yoast_head":"<!-- This site is optimized with the Yoast SEO plugin v27.4 - https:\/\/yoast.com\/product\/yoast-seo-wordpress\/ -->\n<title>Documento Fiscal Equivalente ou Registro de Passagem Veicular - Somos o caminho que te conecta ao que mais importa!<\/title>\n<meta name=\"robots\" content=\"index, follow, max-snippet:-1, max-image-preview:large, max-video-preview:-1\" \/>\n<link rel=\"canonical\" href=\"https:\/\/www.spmar.com.br\/web\/pedagios\/cupom-fiscal\/\" \/>\n<meta property=\"og:locale\" content=\"pt_BR\" \/>\n<meta property=\"og:type\" content=\"article\" \/>\n<meta property=\"og:title\" content=\"Documento Fiscal Equivalente ou Registro de Passagem Veicular - Somos o caminho que te conecta ao que mais importa!\" \/>\n<meta property=\"og:description\" content=\"Documento Fiscal Equivalente ou Registro de Passagem Veicular (RPV) DFE O Documento Fiscal Equivalente (DFE) \u00e9 o documento equivalente \u00e0 nota fiscal para pagamento de ped\u00e1gio. Ele \u00e9 emitido ap\u00f3s o pagamento da tarifa e pode conter informa\u00e7\u00f5es adicionais, como CPF ou CNPJ do usu\u00e1rio e a placa do ve\u00edculo, conforme informado no sistema.ATEN\u00c7\u00c3O: o [&hellip;]\" \/>\n<meta property=\"og:url\" content=\"https:\/\/www.spmar.com.br\/web\/pedagios\/cupom-fiscal\/\" \/>\n<meta property=\"og:site_name\" content=\"Somos o caminho que te conecta ao que mais importa!\" \/>\n<meta property=\"article:publisher\" content=\"https:\/\/www.facebook.com\/spmar.rodoanel\" \/>\n<meta property=\"article:modified_time\" content=\"2026-02-05T11:39:59+00:00\" \/>\n<meta property=\"og:image\" content=\"https:\/\/www.spmar.com.br\/web\/wp-content\/uploads\/2024\/08\/fiscal-equivalente-scaled.jpg\" \/>\n\t<meta property=\"og:image:width\" content=\"2560\" \/>\n\t<meta property=\"og:image:height\" content=\"1440\" \/>\n\t<meta property=\"og:image:type\" content=\"image\/jpeg\" \/>\n<meta name=\"twitter:card\" content=\"summary_large_image\" \/>\n<meta name=\"twitter:label1\" content=\"Est. tempo de leitura\" \/>\n\t<meta name=\"twitter:data1\" content=\"2 minutos\" \/>\n<script type=\"application\/ld+json\" class=\"yoast-schema-graph\">{\"@context\":\"https:\\\/\\\/schema.org\",\"@graph\":[{\"@type\":\"WebPage\",\"@id\":\"https:\\\/\\\/www.spmar.com.br\\\/web\\\/pedagios\\\/cupom-fiscal\\\/\",\"url\":\"https:\\\/\\\/www.spmar.com.br\\\/web\\\/pedagios\\\/cupom-fiscal\\\/\",\"name\":\"Documento Fiscal Equivalente ou Registro de Passagem Veicular - Somos o caminho que te conecta ao que mais importa!\",\"isPartOf\":{\"@id\":\"https:\\\/\\\/www.spmar.com.br\\\/web\\\/#website\"},\"primaryImageOfPage\":{\"@id\":\"https:\\\/\\\/www.spmar.com.br\\\/web\\\/pedagios\\\/cupom-fiscal\\\/#primaryimage\"},\"image\":{\"@id\":\"https:\\\/\\\/www.spmar.com.br\\\/web\\\/pedagios\\\/cupom-fiscal\\\/#primaryimage\"},\"thumbnailUrl\":\"https:\\\/\\\/www.spmar.com.br\\\/web\\\/wp-content\\\/uploads\\\/2024\\\/08\\\/fiscal-equivalente-scaled.jpg\",\"datePublished\":\"2017-12-22T11:14:06+00:00\",\"dateModified\":\"2026-02-05T11:39:59+00:00\",\"breadcrumb\":{\"@id\":\"https:\\\/\\\/www.spmar.com.br\\\/web\\\/pedagios\\\/cupom-fiscal\\\/#breadcrumb\"},\"inLanguage\":\"pt-BR\",\"potentialAction\":[{\"@type\":\"ReadAction\",\"target\":[\"https:\\\/\\\/www.spmar.com.br\\\/web\\\/pedagios\\\/cupom-fiscal\\\/\"]}]},{\"@type\":\"ImageObject\",\"inLanguage\":\"pt-BR\",\"@id\":\"https:\\\/\\\/www.spmar.com.br\\\/web\\\/pedagios\\\/cupom-fiscal\\\/#primaryimage\",\"url\":\"https:\\\/\\\/www.spmar.com.br\\\/web\\\/wp-content\\\/uploads\\\/2024\\\/08\\\/fiscal-equivalente-scaled.jpg\",\"contentUrl\":\"https:\\\/\\\/www.spmar.com.br\\\/web\\\/wp-content\\\/uploads\\\/2024\\\/08\\\/fiscal-equivalente-scaled.jpg\",\"width\":2560,\"height\":1440,\"caption\":\"DCIM102MEDIADJI_0344.JPG\"},{\"@type\":\"BreadcrumbList\",\"@id\":\"https:\\\/\\\/www.spmar.com.br\\\/web\\\/pedagios\\\/cupom-fiscal\\\/#breadcrumb\",\"itemListElement\":[{\"@type\":\"ListItem\",\"position\":1,\"name\":\"Home\",\"item\":\"https:\\\/\\\/www.spmar.com.br\\\/web\\\/\"},{\"@type\":\"ListItem\",\"position\":2,\"name\":\"Ped\u00e1gios\",\"item\":\"https:\\\/\\\/www.spmar.com.br\\\/web\\\/pedagios\\\/\"},{\"@type\":\"ListItem\",\"position\":3,\"name\":\"Documento Fiscal Equivalente ou Registro de Passagem Veicular\"}]},{\"@type\":\"WebSite\",\"@id\":\"https:\\\/\\\/www.spmar.com.br\\\/web\\\/#website\",\"url\":\"https:\\\/\\\/www.spmar.com.br\\\/web\\\/\",\"name\":\"SPMAR\",\"description\":\"A Concession\u00e1ria SPMAR atua na administra\u00e7\u00e3o dos Trechos Sul e Leste do Rodoanel Mario Covas e, com isso,\u00e9 respons\u00e1vel pela gest\u00e3o de 76% do Rodoanel Metropolitano de S\u00e3o Paulo em opera\u00e7\u00e3o.\",\"publisher\":{\"@id\":\"https:\\\/\\\/www.spmar.com.br\\\/web\\\/#organization\"},\"potentialAction\":[{\"@type\":\"SearchAction\",\"target\":{\"@type\":\"EntryPoint\",\"urlTemplate\":\"https:\\\/\\\/www.spmar.com.br\\\/web\\\/?s={search_term_string}\"},\"query-input\":{\"@type\":\"PropertyValueSpecification\",\"valueRequired\":true,\"valueName\":\"search_term_string\"}}],\"inLanguage\":\"pt-BR\"},{\"@type\":\"Organization\",\"@id\":\"https:\\\/\\\/www.spmar.com.br\\\/web\\\/#organization\",\"name\":\"Concession\u00e1ria SPMAR\",\"url\":\"https:\\\/\\\/www.spmar.com.br\\\/web\\\/\",\"logo\":{\"@type\":\"ImageObject\",\"inLanguage\":\"pt-BR\",\"@id\":\"https:\\\/\\\/www.spmar.com.br\\\/web\\\/#\\\/schema\\\/logo\\\/image\\\/\",\"url\":\"https:\\\/\\\/www.spmar.com.br\\\/web\\\/wp-content\\\/uploads\\\/2017\\\/11\\\/logo_H.jpg\",\"contentUrl\":\"https:\\\/\\\/www.spmar.com.br\\\/web\\\/wp-content\\\/uploads\\\/2017\\\/11\\\/logo_H.jpg\",\"width\":448,\"height\":97,\"caption\":\"Concession\u00e1ria SPMAR\"},\"image\":{\"@id\":\"https:\\\/\\\/www.spmar.com.br\\\/web\\\/#\\\/schema\\\/logo\\\/image\\\/\"},\"sameAs\":[\"https:\\\/\\\/www.facebook.com\\\/spmar.rodoanel\",\"https:\\\/\\\/www.linkedin.com\\\/company\\\/spmarbr\\\/\",\"https:\\\/\\\/www.instagram.com\\\/spmarbr\\\/\"]}]}<\/script>\n<!-- \/ Yoast SEO plugin. -->","yoast_head_json":{"title":"Documento Fiscal Equivalente ou Registro de Passagem Veicular - Somos o caminho que te conecta ao que mais importa!","robots":{"index":"index","follow":"follow","max-snippet":"max-snippet:-1","max-image-preview":"max-image-preview:large","max-video-preview":"max-video-preview:-1"},"canonical":"https:\/\/www.spmar.com.br\/web\/pedagios\/cupom-fiscal\/","og_locale":"pt_BR","og_type":"article","og_title":"Documento Fiscal Equivalente ou Registro de Passagem Veicular - Somos o caminho que te conecta ao que mais importa!","og_description":"Documento Fiscal Equivalente ou Registro de Passagem Veicular (RPV) DFE O Documento Fiscal Equivalente (DFE) \u00e9 o documento equivalente \u00e0 nota fiscal para pagamento de ped\u00e1gio. Ele \u00e9 emitido ap\u00f3s o pagamento da tarifa e pode conter informa\u00e7\u00f5es adicionais, como CPF ou CNPJ do usu\u00e1rio e a placa do ve\u00edculo, conforme informado no sistema.ATEN\u00c7\u00c3O: o [&hellip;]","og_url":"https:\/\/www.spmar.com.br\/web\/pedagios\/cupom-fiscal\/","og_site_name":"Somos o caminho que te conecta ao que mais importa!","article_publisher":"https:\/\/www.facebook.com\/spmar.rodoanel","article_modified_time":"2026-02-05T11:39:59+00:00","og_image":[{"width":2560,"height":1440,"url":"https:\/\/www.spmar.com.br\/web\/wp-content\/uploads\/2024\/08\/fiscal-equivalente-scaled.jpg","type":"image\/jpeg"}],"twitter_card":"summary_large_image","twitter_misc":{"Est. tempo de leitura":"2 minutos"},"schema":{"@context":"https:\/\/schema.org","@graph":[{"@type":"WebPage","@id":"https:\/\/www.spmar.com.br\/web\/pedagios\/cupom-fiscal\/","url":"https:\/\/www.spmar.com.br\/web\/pedagios\/cupom-fiscal\/","name":"Documento Fiscal Equivalente ou Registro de Passagem Veicular - Somos o caminho que te conecta ao que mais importa!","isPartOf":{"@id":"https:\/\/www.spmar.com.br\/web\/#website"},"primaryImageOfPage":{"@id":"https:\/\/www.spmar.com.br\/web\/pedagios\/cupom-fiscal\/#primaryimage"},"image":{"@id":"https:\/\/www.spmar.com.br\/web\/pedagios\/cupom-fiscal\/#primaryimage"},"thumbnailUrl":"https:\/\/www.spmar.com.br\/web\/wp-content\/uploads\/2024\/08\/fiscal-equivalente-scaled.jpg","datePublished":"2017-12-22T11:14:06+00:00","dateModified":"2026-02-05T11:39:59+00:00","breadcrumb":{"@id":"https:\/\/www.spmar.com.br\/web\/pedagios\/cupom-fiscal\/#breadcrumb"},"inLanguage":"pt-BR","potentialAction":[{"@type":"ReadAction","target":["https:\/\/www.spmar.com.br\/web\/pedagios\/cupom-fiscal\/"]}]},{"@type":"ImageObject","inLanguage":"pt-BR","@id":"https:\/\/www.spmar.com.br\/web\/pedagios\/cupom-fiscal\/#primaryimage","url":"https:\/\/www.spmar.com.br\/web\/wp-content\/uploads\/2024\/08\/fiscal-equivalente-scaled.jpg","contentUrl":"https:\/\/www.spmar.com.br\/web\/wp-content\/uploads\/2024\/08\/fiscal-equivalente-scaled.jpg","width":2560,"height":1440,"caption":"DCIM102MEDIADJI_0344.JPG"},{"@type":"BreadcrumbList","@id":"https:\/\/www.spmar.com.br\/web\/pedagios\/cupom-fiscal\/#breadcrumb","itemListElement":[{"@type":"ListItem","position":1,"name":"Home","item":"https:\/\/www.spmar.com.br\/web\/"},{"@type":"ListItem","position":2,"name":"Ped\u00e1gios","item":"https:\/\/www.spmar.com.br\/web\/pedagios\/"},{"@type":"ListItem","position":3,"name":"Documento Fiscal Equivalente ou Registro de Passagem Veicular"}]},{"@type":"WebSite","@id":"https:\/\/www.spmar.com.br\/web\/#website","url":"https:\/\/www.spmar.com.br\/web\/","name":"SPMAR","description":"A Concession\u00e1ria SPMAR atua na administra\u00e7\u00e3o dos Trechos Sul e Leste do Rodoanel Mario Covas e, com isso,\u00e9 respons\u00e1vel pela gest\u00e3o de 76% do Rodoanel Metropolitano de S\u00e3o Paulo em opera\u00e7\u00e3o.","publisher":{"@id":"https:\/\/www.spmar.com.br\/web\/#organization"},"potentialAction":[{"@type":"SearchAction","target":{"@type":"EntryPoint","urlTemplate":"https:\/\/www.spmar.com.br\/web\/?s={search_term_string}"},"query-input":{"@type":"PropertyValueSpecification","valueRequired":true,"valueName":"search_term_string"}}],"inLanguage":"pt-BR"},{"@type":"Organization","@id":"https:\/\/www.spmar.com.br\/web\/#organization","name":"Concession\u00e1ria SPMAR","url":"https:\/\/www.spmar.com.br\/web\/","logo":{"@type":"ImageObject","inLanguage":"pt-BR","@id":"https:\/\/www.spmar.com.br\/web\/#\/schema\/logo\/image\/","url":"https:\/\/www.spmar.com.br\/web\/wp-content\/uploads\/2017\/11\/logo_H.jpg","contentUrl":"https:\/\/www.spmar.com.br\/web\/wp-content\/uploads\/2017\/11\/logo_H.jpg","width":448,"height":97,"caption":"Concession\u00e1ria SPMAR"},"image":{"@id":"https:\/\/www.spmar.com.br\/web\/#\/schema\/logo\/image\/"},"sameAs":["https:\/\/www.facebook.com\/spmar.rodoanel","https:\/\/www.linkedin.com\/company\/spmarbr\/","https:\/\/www.instagram.com\/spmarbr\/"]}]}},"jetpack_sharing_enabled":true,"_links":{"self":[{"href":"https:\/\/www.spmar.com.br\/web\/wp-json\/wp\/v2\/pages\/766","targetHints":{"allow":["GET"]}}],"collection":[{"href":"https:\/\/www.spmar.com.br\/web\/wp-json\/wp\/v2\/pages"}],"about":[{"href":"https:\/\/www.spmar.com.br\/web\/wp-json\/wp\/v2\/types\/page"}],"author":[{"embeddable":true,"href":"https:\/\/www.spmar.com.br\/web\/wp-json\/wp\/v2\/users\/1"}],"replies":[{"embeddable":true,"href":"https:\/\/www.spmar.com.br\/web\/wp-json\/wp\/v2\/comments?post=766"}],"version-history":[{"count":15,"href":"https:\/\/www.spmar.com.br\/web\/wp-json\/wp\/v2\/pages\/766\/revisions"}],"predecessor-version":[{"id":5632,"href":"https:\/\/www.spmar.com.br\/web\/wp-json\/wp\/v2\/pages\/766\/revisions\/5632"}],"up":[{"embeddable":true,"href":"https:\/\/www.spmar.com.br\/web\/wp-json\/wp\/v2\/pages\/4149"}],"wp:featuredmedia":[{"embeddable":true,"href":"https:\/\/www.spmar.com.br\/web\/wp-json\/wp\/v2\/media\/4177"}],"wp:attachment":[{"href":"https:\/\/www.spmar.com.br\/web\/wp-json\/wp\/v2\/media?parent=766"}],"curies":[{"name":"wp","href":"https:\/\/api.w.org\/{rel}","templated":true}]}}