{"id":724,"date":"2017-12-08T11:05:44","date_gmt":"2017-12-08T13:05:44","guid":{"rendered":"http:\/\/spmar.crpweb.com.br\/?page_id=724"},"modified":"2024-08-07T13:59:10","modified_gmt":"2024-08-07T16:59:10","slug":"codigo-de-etica","status":"publish","type":"page","link":"https:\/\/www.spmar.com.br\/web\/compliance\/codigo-de-etica\/","title":{"rendered":"C\u00f3digo de Conduta \u00c9tica"},"content":{"rendered":"<p>O presente <strong>C\u00f3digo de Conduta \u00c9tica<\/strong> tem por finalidade reafirmar o comprometimento da <strong>Concession\u00e1ria SPMAR<\/strong> com os princ\u00edpios e valores que refletem a identidade e a cultura da companhia.<\/p>\n<p>O cumprimento deste C\u00f3digo por todos (colaboradores, parceiros, fornecedores e terceiros) \u00e9 obrigat\u00f3rio. O conhecimento dos valores e princ\u00edpios aqui estabelecidos eleva o n\u00edvel dos relacionamentos no sentido da promo\u00e7\u00e3o constante no tocante \u00e0 promo\u00e7\u00e3o da \u00e9tica e integridade, aumentando a confian\u00e7a de todos na qualidade de nossos servi\u00e7os, da legitimidade de nossas a\u00e7\u00f5es e da integridade de nossa atua\u00e7\u00e3o na sociedade.<\/p>\n<p><a href=\"https:\/\/www.spmar.com.br\/web\/wp-content\/uploads\/2024\/04\/CODIGO%20DE%20CONDUTA%20ETICA.pdf\" target=\"_blank\" rel=\"noopener\"><img decoding=\"async\" class=\"wp-image-3432 size-full alignleft\" src=\"https:\/\/www.spmar.com.br\/web\/wp-content\/uploads\/2024\/04\/codigo_conduta.jpg\" alt=\"\" width=\"160\" height=\"226\" srcset=\"https:\/\/www.spmar.com.br\/web\/wp-content\/uploads\/2024\/04\/codigo_conduta.jpg 160w, https:\/\/www.spmar.com.br\/web\/wp-content\/uploads\/2024\/04\/codigo_conduta-149x211.jpg 149w\" sizes=\"(max-width: 160px) 100vw, 160px\" \/><\/a><\/p>\n<p>Ao <strong>Comit\u00ea de \u00c9tica<\/strong>, que foi criado para apurar pr\u00e1ticas que violem o C\u00f3digo de Conduta \u00c9tica, cabe receber e julgar todas as den\u00fancias recebidas atrav\u00e9s de colaboradores, parceiros, usu\u00e1rios, clientes, fornecedores de bens e servi\u00e7os. Estas den\u00fancias s\u00e3o sigilosas e seguem procedimento de confidencialidade desde o recebimento at\u00e9 o desfecho do caso.<\/p>\n<p>Em caso de d\u00favidas sobre o C\u00f3digo de Conduta \u00c9tica, envie e-mail para<a href=\"mailto:integridade@spmar.com.br\">\u00a0<strong>integridade@spmar.com.br<\/strong><\/a><\/p>\n<p>Em caso de viola\u00e7\u00f5es, acesse o nosso <strong><a href=\"http:\/\/www.ouvidordigital.com.br\/spmar\">canal de den\u00fancias<\/a>.<\/strong><\/p>\n","protected":false},"excerpt":{"rendered":"<p>O presente C\u00f3digo de Conduta \u00c9tica tem por finalidade reafirmar o comprometimento da Concession\u00e1ria SPMAR com os princ\u00edpios e valores que refletem a identidade e a cultura da companhia. O cumprimento deste C\u00f3digo por todos (colaboradores, parceiros, fornecedores e terceiros) \u00e9 obrigat\u00f3rio. O conhecimento dos valores e princ\u00edpios aqui estabelecidos eleva o n\u00edvel dos relacionamentos [&hellip;]<\/p>\n","protected":false},"author":1,"featured_media":4173,"parent":1960,"menu_order":6,"comment_status":"closed","ping_status":"closed","template":"","meta":{"_acf_changed":false,"inline_featured_image":false,"footnotes":""},"class_list":["post-724","page","type-page","status-publish","has-post-thumbnail","hentry"],"acf":[],"yoast_head":"<!-- This site is optimized with the Yoast SEO plugin v27.4 - https:\/\/yoast.com\/product\/yoast-seo-wordpress\/ -->\n<title>C\u00f3digo de Conduta \u00c9tica - Somos o caminho que te conecta ao que mais importa!<\/title>\n<meta name=\"robots\" content=\"index, follow, max-snippet:-1, max-image-preview:large, max-video-preview:-1\" \/>\n<link rel=\"canonical\" href=\"https:\/\/www.spmar.com.br\/web\/compliance\/codigo-de-etica\/\" \/>\n<meta property=\"og:locale\" content=\"pt_BR\" \/>\n<meta property=\"og:type\" content=\"article\" \/>\n<meta property=\"og:title\" content=\"C\u00f3digo de Conduta \u00c9tica - Somos o caminho que te conecta ao que mais importa!\" \/>\n<meta property=\"og:description\" content=\"O presente C\u00f3digo de Conduta \u00c9tica tem por finalidade reafirmar o comprometimento da Concession\u00e1ria SPMAR com os princ\u00edpios e valores que refletem a identidade e a cultura da companhia. O cumprimento deste C\u00f3digo por todos (colaboradores, parceiros, fornecedores e terceiros) \u00e9 obrigat\u00f3rio. O conhecimento dos valores e princ\u00edpios aqui estabelecidos eleva o n\u00edvel dos relacionamentos [&hellip;]\" \/>\n<meta property=\"og:url\" content=\"https:\/\/www.spmar.com.br\/web\/compliance\/codigo-de-etica\/\" \/>\n<meta property=\"og:site_name\" content=\"Somos o caminho que te conecta ao que mais importa!\" \/>\n<meta property=\"article:publisher\" content=\"https:\/\/www.facebook.com\/spmar.rodoanel\" \/>\n<meta property=\"article:modified_time\" content=\"2024-08-07T16:59:10+00:00\" \/>\n<meta property=\"og:image\" content=\"https:\/\/www.spmar.com.br\/web\/wp-content\/uploads\/2020\/03\/Capa-1-212x300.jpg\" \/>\n<meta name=\"twitter:card\" content=\"summary_large_image\" \/>\n<meta name=\"twitter:label1\" content=\"Est. tempo de leitura\" \/>\n\t<meta name=\"twitter:data1\" content=\"1 minuto\" \/>\n<script type=\"application\/ld+json\" class=\"yoast-schema-graph\">{\"@context\":\"https:\\\/\\\/schema.org\",\"@graph\":[{\"@type\":\"WebPage\",\"@id\":\"https:\\\/\\\/www.spmar.com.br\\\/web\\\/compliance\\\/codigo-de-etica\\\/\",\"url\":\"https:\\\/\\\/www.spmar.com.br\\\/web\\\/compliance\\\/codigo-de-etica\\\/\",\"name\":\"C\u00f3digo de Conduta \u00c9tica - Somos o caminho que te conecta ao que mais importa!\",\"isPartOf\":{\"@id\":\"https:\\\/\\\/www.spmar.com.br\\\/web\\\/#website\"},\"primaryImageOfPage\":{\"@id\":\"https:\\\/\\\/www.spmar.com.br\\\/web\\\/compliance\\\/codigo-de-etica\\\/#primaryimage\"},\"image\":{\"@id\":\"https:\\\/\\\/www.spmar.com.br\\\/web\\\/compliance\\\/codigo-de-etica\\\/#primaryimage\"},\"thumbnailUrl\":\"https:\\\/\\\/www.spmar.com.br\\\/web\\\/wp-content\\\/uploads\\\/2024\\\/08\\\/etica-scaled.jpg\",\"datePublished\":\"2017-12-08T13:05:44+00:00\",\"dateModified\":\"2024-08-07T16:59:10+00:00\",\"breadcrumb\":{\"@id\":\"https:\\\/\\\/www.spmar.com.br\\\/web\\\/compliance\\\/codigo-de-etica\\\/#breadcrumb\"},\"inLanguage\":\"pt-BR\",\"potentialAction\":[{\"@type\":\"ReadAction\",\"target\":[\"https:\\\/\\\/www.spmar.com.br\\\/web\\\/compliance\\\/codigo-de-etica\\\/\"]}]},{\"@type\":\"ImageObject\",\"inLanguage\":\"pt-BR\",\"@id\":\"https:\\\/\\\/www.spmar.com.br\\\/web\\\/compliance\\\/codigo-de-etica\\\/#primaryimage\",\"url\":\"https:\\\/\\\/www.spmar.com.br\\\/web\\\/wp-content\\\/uploads\\\/2024\\\/08\\\/etica-scaled.jpg\",\"contentUrl\":\"https:\\\/\\\/www.spmar.com.br\\\/web\\\/wp-content\\\/uploads\\\/2024\\\/08\\\/etica-scaled.jpg\",\"width\":2560,\"height\":1707},{\"@type\":\"BreadcrumbList\",\"@id\":\"https:\\\/\\\/www.spmar.com.br\\\/web\\\/compliance\\\/codigo-de-etica\\\/#breadcrumb\",\"itemListElement\":[{\"@type\":\"ListItem\",\"position\":1,\"name\":\"Home\",\"item\":\"https:\\\/\\\/www.spmar.com.br\\\/web\\\/\"},{\"@type\":\"ListItem\",\"position\":2,\"name\":\"COMPLIANCE\",\"item\":\"https:\\\/\\\/www.spmar.com.br\\\/web\\\/compliance\\\/\"},{\"@type\":\"ListItem\",\"position\":3,\"name\":\"C\u00f3digo de Conduta \u00c9tica\"}]},{\"@type\":\"WebSite\",\"@id\":\"https:\\\/\\\/www.spmar.com.br\\\/web\\\/#website\",\"url\":\"https:\\\/\\\/www.spmar.com.br\\\/web\\\/\",\"name\":\"SPMAR\",\"description\":\"A Concession\u00e1ria SPMAR atua na administra\u00e7\u00e3o dos Trechos Sul e Leste do Rodoanel Mario Covas e, com isso,\u00e9 respons\u00e1vel pela gest\u00e3o de 76% do Rodoanel Metropolitano de S\u00e3o Paulo em opera\u00e7\u00e3o.\",\"publisher\":{\"@id\":\"https:\\\/\\\/www.spmar.com.br\\\/web\\\/#organization\"},\"potentialAction\":[{\"@type\":\"SearchAction\",\"target\":{\"@type\":\"EntryPoint\",\"urlTemplate\":\"https:\\\/\\\/www.spmar.com.br\\\/web\\\/?s={search_term_string}\"},\"query-input\":{\"@type\":\"PropertyValueSpecification\",\"valueRequired\":true,\"valueName\":\"search_term_string\"}}],\"inLanguage\":\"pt-BR\"},{\"@type\":\"Organization\",\"@id\":\"https:\\\/\\\/www.spmar.com.br\\\/web\\\/#organization\",\"name\":\"Concession\u00e1ria SPMAR\",\"url\":\"https:\\\/\\\/www.spmar.com.br\\\/web\\\/\",\"logo\":{\"@type\":\"ImageObject\",\"inLanguage\":\"pt-BR\",\"@id\":\"https:\\\/\\\/www.spmar.com.br\\\/web\\\/#\\\/schema\\\/logo\\\/image\\\/\",\"url\":\"https:\\\/\\\/www.spmar.com.br\\\/web\\\/wp-content\\\/uploads\\\/2017\\\/11\\\/logo_H.jpg\",\"contentUrl\":\"https:\\\/\\\/www.spmar.com.br\\\/web\\\/wp-content\\\/uploads\\\/2017\\\/11\\\/logo_H.jpg\",\"width\":448,\"height\":97,\"caption\":\"Concession\u00e1ria SPMAR\"},\"image\":{\"@id\":\"https:\\\/\\\/www.spmar.com.br\\\/web\\\/#\\\/schema\\\/logo\\\/image\\\/\"},\"sameAs\":[\"https:\\\/\\\/www.facebook.com\\\/spmar.rodoanel\",\"https:\\\/\\\/www.linkedin.com\\\/company\\\/spmarbr\\\/\",\"https:\\\/\\\/www.instagram.com\\\/spmarbr\\\/\"]}]}<\/script>\n<!-- \/ Yoast SEO plugin. -->","yoast_head_json":{"title":"C\u00f3digo de Conduta \u00c9tica - Somos o caminho que te conecta ao que mais importa!","robots":{"index":"index","follow":"follow","max-snippet":"max-snippet:-1","max-image-preview":"max-image-preview:large","max-video-preview":"max-video-preview:-1"},"canonical":"https:\/\/www.spmar.com.br\/web\/compliance\/codigo-de-etica\/","og_locale":"pt_BR","og_type":"article","og_title":"C\u00f3digo de Conduta \u00c9tica - Somos o caminho que te conecta ao que mais importa!","og_description":"O presente C\u00f3digo de Conduta \u00c9tica tem por finalidade reafirmar o comprometimento da Concession\u00e1ria SPMAR com os princ\u00edpios e valores que refletem a identidade e a cultura da companhia. O cumprimento deste C\u00f3digo por todos (colaboradores, parceiros, fornecedores e terceiros) \u00e9 obrigat\u00f3rio. O conhecimento dos valores e princ\u00edpios aqui estabelecidos eleva o n\u00edvel dos relacionamentos [&hellip;]","og_url":"https:\/\/www.spmar.com.br\/web\/compliance\/codigo-de-etica\/","og_site_name":"Somos o caminho que te conecta ao que mais importa!","article_publisher":"https:\/\/www.facebook.com\/spmar.rodoanel","article_modified_time":"2024-08-07T16:59:10+00:00","og_image":[{"url":"https:\/\/www.spmar.com.br\/web\/wp-content\/uploads\/2020\/03\/Capa-1-212x300.jpg","type":"","width":"","height":""}],"twitter_card":"summary_large_image","twitter_misc":{"Est. tempo de leitura":"1 minuto"},"schema":{"@context":"https:\/\/schema.org","@graph":[{"@type":"WebPage","@id":"https:\/\/www.spmar.com.br\/web\/compliance\/codigo-de-etica\/","url":"https:\/\/www.spmar.com.br\/web\/compliance\/codigo-de-etica\/","name":"C\u00f3digo de Conduta \u00c9tica - Somos o caminho que te conecta ao que mais importa!","isPartOf":{"@id":"https:\/\/www.spmar.com.br\/web\/#website"},"primaryImageOfPage":{"@id":"https:\/\/www.spmar.com.br\/web\/compliance\/codigo-de-etica\/#primaryimage"},"image":{"@id":"https:\/\/www.spmar.com.br\/web\/compliance\/codigo-de-etica\/#primaryimage"},"thumbnailUrl":"https:\/\/www.spmar.com.br\/web\/wp-content\/uploads\/2024\/08\/etica-scaled.jpg","datePublished":"2017-12-08T13:05:44+00:00","dateModified":"2024-08-07T16:59:10+00:00","breadcrumb":{"@id":"https:\/\/www.spmar.com.br\/web\/compliance\/codigo-de-etica\/#breadcrumb"},"inLanguage":"pt-BR","potentialAction":[{"@type":"ReadAction","target":["https:\/\/www.spmar.com.br\/web\/compliance\/codigo-de-etica\/"]}]},{"@type":"ImageObject","inLanguage":"pt-BR","@id":"https:\/\/www.spmar.com.br\/web\/compliance\/codigo-de-etica\/#primaryimage","url":"https:\/\/www.spmar.com.br\/web\/wp-content\/uploads\/2024\/08\/etica-scaled.jpg","contentUrl":"https:\/\/www.spmar.com.br\/web\/wp-content\/uploads\/2024\/08\/etica-scaled.jpg","width":2560,"height":1707},{"@type":"BreadcrumbList","@id":"https:\/\/www.spmar.com.br\/web\/compliance\/codigo-de-etica\/#breadcrumb","itemListElement":[{"@type":"ListItem","position":1,"name":"Home","item":"https:\/\/www.spmar.com.br\/web\/"},{"@type":"ListItem","position":2,"name":"COMPLIANCE","item":"https:\/\/www.spmar.com.br\/web\/compliance\/"},{"@type":"ListItem","position":3,"name":"C\u00f3digo de Conduta \u00c9tica"}]},{"@type":"WebSite","@id":"https:\/\/www.spmar.com.br\/web\/#website","url":"https:\/\/www.spmar.com.br\/web\/","name":"SPMAR","description":"A Concession\u00e1ria SPMAR atua na administra\u00e7\u00e3o dos Trechos Sul e Leste do Rodoanel Mario Covas e, com isso,\u00e9 respons\u00e1vel pela gest\u00e3o de 76% do Rodoanel Metropolitano de S\u00e3o Paulo em opera\u00e7\u00e3o.","publisher":{"@id":"https:\/\/www.spmar.com.br\/web\/#organization"},"potentialAction":[{"@type":"SearchAction","target":{"@type":"EntryPoint","urlTemplate":"https:\/\/www.spmar.com.br\/web\/?s={search_term_string}"},"query-input":{"@type":"PropertyValueSpecification","valueRequired":true,"valueName":"search_term_string"}}],"inLanguage":"pt-BR"},{"@type":"Organization","@id":"https:\/\/www.spmar.com.br\/web\/#organization","name":"Concession\u00e1ria SPMAR","url":"https:\/\/www.spmar.com.br\/web\/","logo":{"@type":"ImageObject","inLanguage":"pt-BR","@id":"https:\/\/www.spmar.com.br\/web\/#\/schema\/logo\/image\/","url":"https:\/\/www.spmar.com.br\/web\/wp-content\/uploads\/2017\/11\/logo_H.jpg","contentUrl":"https:\/\/www.spmar.com.br\/web\/wp-content\/uploads\/2017\/11\/logo_H.jpg","width":448,"height":97,"caption":"Concession\u00e1ria SPMAR"},"image":{"@id":"https:\/\/www.spmar.com.br\/web\/#\/schema\/logo\/image\/"},"sameAs":["https:\/\/www.facebook.com\/spmar.rodoanel","https:\/\/www.linkedin.com\/company\/spmarbr\/","https:\/\/www.instagram.com\/spmarbr\/"]}]}},"jetpack_sharing_enabled":true,"_links":{"self":[{"href":"https:\/\/www.spmar.com.br\/web\/wp-json\/wp\/v2\/pages\/724","targetHints":{"allow":["GET"]}}],"collection":[{"href":"https:\/\/www.spmar.com.br\/web\/wp-json\/wp\/v2\/pages"}],"about":[{"href":"https:\/\/www.spmar.com.br\/web\/wp-json\/wp\/v2\/types\/page"}],"author":[{"embeddable":true,"href":"https:\/\/www.spmar.com.br\/web\/wp-json\/wp\/v2\/users\/1"}],"replies":[{"embeddable":true,"href":"https:\/\/www.spmar.com.br\/web\/wp-json\/wp\/v2\/comments?post=724"}],"version-history":[{"count":38,"href":"https:\/\/www.spmar.com.br\/web\/wp-json\/wp\/v2\/pages\/724\/revisions"}],"predecessor-version":[{"id":3439,"href":"https:\/\/www.spmar.com.br\/web\/wp-json\/wp\/v2\/pages\/724\/revisions\/3439"}],"up":[{"embeddable":true,"href":"https:\/\/www.spmar.com.br\/web\/wp-json\/wp\/v2\/pages\/1960"}],"wp:featuredmedia":[{"embeddable":true,"href":"https:\/\/www.spmar.com.br\/web\/wp-json\/wp\/v2\/media\/4173"}],"wp:attachment":[{"href":"https:\/\/www.spmar.com.br\/web\/wp-json\/wp\/v2\/media?parent=724"}],"curies":[{"name":"wp","href":"https:\/\/api.w.org\/{rel}","templated":true}]}}