{"id":3520,"date":"2024-06-25T15:45:09","date_gmt":"2024-06-25T18:45:09","guid":{"rendered":"https:\/\/www.spmar.com.br\/web\/?page_id=3520"},"modified":"2025-06-30T17:10:48","modified_gmt":"2025-06-30T20:10:48","slug":"evolucao-das-tarifas","status":"publish","type":"page","link":"https:\/\/www.spmar.com.br\/web\/pedagios\/evolucao-das-tarifas\/","title":{"rendered":"Evolu\u00e7\u00e3o das Farifas"},"content":{"rendered":"<p>Em cumprimento ao par\u00e1grafo 5\u00ba do artigo 9\u00ba da Lei Federal n\u00ba 8987\/95, a concession\u00e1ria SPMAR informa aos seus usu\u00e1rios o valor de todas as tarifas cobradas e a evolu\u00e7\u00e3o das revis\u00f5es e reajustes ocorridos nos \u00faltimos cinco anos.<\/p>\n\n\n<p><\/p>\n\n\n\n<div class=\"wp-block-group is-vertical is-layout-flex wp-container-core-group-is-layout-fe9cc265 wp-block-group-is-layout-flex\">\n<details class=\"wp-block-details is-layout-flow wp-block-details-is-layout-flow\" open><summary>2024<\/summary>\n<figure class=\"wp-block-image size-large\"><img fetchpriority=\"high\" decoding=\"async\" width=\"1024\" height=\"539\" src=\"https:\/\/www.spmar.com.br\/web\/wp-content\/uploads\/2024\/06\/Trecho-Leste-4-1024x539.jpg\" alt=\"\" class=\"wp-image-3576\" srcset=\"https:\/\/www.spmar.com.br\/web\/wp-content\/uploads\/2024\/06\/Trecho-Leste-4-1024x539.jpg 1024w, https:\/\/www.spmar.com.br\/web\/wp-content\/uploads\/2024\/06\/Trecho-Leste-4-300x158.jpg 300w, https:\/\/www.spmar.com.br\/web\/wp-content\/uploads\/2024\/06\/Trecho-Leste-4-768x404.jpg 768w, https:\/\/www.spmar.com.br\/web\/wp-content\/uploads\/2024\/06\/Trecho-Leste-4-1536x809.jpg 1536w, https:\/\/www.spmar.com.br\/web\/wp-content\/uploads\/2024\/06\/Trecho-Leste-4-2048x1078.jpg 2048w, https:\/\/www.spmar.com.br\/web\/wp-content\/uploads\/2024\/06\/Trecho-Leste-4-211x111.jpg 211w, https:\/\/www.spmar.com.br\/web\/wp-content\/uploads\/2024\/06\/Trecho-Leste-4-200x105.jpg 200w\" sizes=\"(max-width: 1024px) 100vw, 1024px\" \/><\/figure>\n\n\n\n<figure class=\"wp-block-image size-large\"><img decoding=\"async\" width=\"1024\" height=\"539\" src=\"https:\/\/www.spmar.com.br\/web\/wp-content\/uploads\/2024\/06\/Trecho-Sul-5-1024x539.jpg\" alt=\"\" class=\"wp-image-3578\" srcset=\"https:\/\/www.spmar.com.br\/web\/wp-content\/uploads\/2024\/06\/Trecho-Sul-5-1024x539.jpg 1024w, https:\/\/www.spmar.com.br\/web\/wp-content\/uploads\/2024\/06\/Trecho-Sul-5-300x158.jpg 300w, https:\/\/www.spmar.com.br\/web\/wp-content\/uploads\/2024\/06\/Trecho-Sul-5-768x404.jpg 768w, https:\/\/www.spmar.com.br\/web\/wp-content\/uploads\/2024\/06\/Trecho-Sul-5-1536x809.jpg 1536w, https:\/\/www.spmar.com.br\/web\/wp-content\/uploads\/2024\/06\/Trecho-Sul-5-2048x1078.jpg 2048w, https:\/\/www.spmar.com.br\/web\/wp-content\/uploads\/2024\/06\/Trecho-Sul-5-211x111.jpg 211w, https:\/\/www.spmar.com.br\/web\/wp-content\/uploads\/2024\/06\/Trecho-Sul-5-200x105.jpg 200w\" sizes=\"(max-width: 1024px) 100vw, 1024px\" \/><\/figure>\n<\/details>\n\n\n\n<details class=\"wp-block-details is-layout-flow wp-block-details-is-layout-flow\" open><summary>2023<\/summary>\n<figure class=\"wp-block-image size-large\"><img decoding=\"async\" width=\"1024\" height=\"539\" src=\"https:\/\/www.spmar.com.br\/web\/wp-content\/uploads\/2024\/06\/2023_trecho_leste-1024x539.webp\" alt=\"\" class=\"wp-image-3533\" srcset=\"https:\/\/www.spmar.com.br\/web\/wp-content\/uploads\/2024\/06\/2023_trecho_leste-1024x539.webp 1024w, https:\/\/www.spmar.com.br\/web\/wp-content\/uploads\/2024\/06\/2023_trecho_leste-300x158.webp 300w, https:\/\/www.spmar.com.br\/web\/wp-content\/uploads\/2024\/06\/2023_trecho_leste-768x404.webp 768w, https:\/\/www.spmar.com.br\/web\/wp-content\/uploads\/2024\/06\/2023_trecho_leste-1536x809.webp 1536w, https:\/\/www.spmar.com.br\/web\/wp-content\/uploads\/2024\/06\/2023_trecho_leste-2048x1078.webp 2048w, https:\/\/www.spmar.com.br\/web\/wp-content\/uploads\/2024\/06\/2023_trecho_leste-211x111.webp 211w, https:\/\/www.spmar.com.br\/web\/wp-content\/uploads\/2024\/06\/2023_trecho_leste-200x105.webp 200w\" sizes=\"(max-width: 1024px) 100vw, 1024px\" \/><\/figure>\n\n\n\n<figure class=\"wp-block-image size-large\"><img loading=\"lazy\" decoding=\"async\" width=\"1024\" height=\"539\" src=\"https:\/\/www.spmar.com.br\/web\/wp-content\/uploads\/2024\/06\/2023_trecho_sul-1024x539.webp\" alt=\"\" class=\"wp-image-3534\" srcset=\"https:\/\/www.spmar.com.br\/web\/wp-content\/uploads\/2024\/06\/2023_trecho_sul-1024x539.webp 1024w, https:\/\/www.spmar.com.br\/web\/wp-content\/uploads\/2024\/06\/2023_trecho_sul-300x158.webp 300w, https:\/\/www.spmar.com.br\/web\/wp-content\/uploads\/2024\/06\/2023_trecho_sul-768x404.webp 768w, https:\/\/www.spmar.com.br\/web\/wp-content\/uploads\/2024\/06\/2023_trecho_sul-1536x809.webp 1536w, https:\/\/www.spmar.com.br\/web\/wp-content\/uploads\/2024\/06\/2023_trecho_sul-2048x1078.webp 2048w, https:\/\/www.spmar.com.br\/web\/wp-content\/uploads\/2024\/06\/2023_trecho_sul-211x111.webp 211w, https:\/\/www.spmar.com.br\/web\/wp-content\/uploads\/2024\/06\/2023_trecho_sul-200x105.webp 200w\" sizes=\"(max-width: 1024px) 100vw, 1024px\" \/><\/figure>\n<\/details>\n\n\n\n<details class=\"wp-block-details is-layout-flow wp-block-details-is-layout-flow\"><summary>2022<\/summary>\n<figure class=\"wp-block-image size-large\"><img loading=\"lazy\" decoding=\"async\" width=\"1024\" height=\"539\" src=\"https:\/\/www.spmar.com.br\/web\/wp-content\/uploads\/2024\/06\/2022_trecho_leste-1024x539.webp\" alt=\"\" class=\"wp-image-3531\" srcset=\"https:\/\/www.spmar.com.br\/web\/wp-content\/uploads\/2024\/06\/2022_trecho_leste-1024x539.webp 1024w, https:\/\/www.spmar.com.br\/web\/wp-content\/uploads\/2024\/06\/2022_trecho_leste-300x158.webp 300w, https:\/\/www.spmar.com.br\/web\/wp-content\/uploads\/2024\/06\/2022_trecho_leste-768x404.webp 768w, https:\/\/www.spmar.com.br\/web\/wp-content\/uploads\/2024\/06\/2022_trecho_leste-211x111.webp 211w, https:\/\/www.spmar.com.br\/web\/wp-content\/uploads\/2024\/06\/2022_trecho_leste-200x105.webp 200w, https:\/\/www.spmar.com.br\/web\/wp-content\/uploads\/2024\/06\/2022_trecho_leste.webp 1504w\" sizes=\"(max-width: 1024px) 100vw, 1024px\" \/><\/figure>\n\n\n\n<figure class=\"wp-block-image size-large\"><img loading=\"lazy\" decoding=\"async\" width=\"1024\" height=\"539\" src=\"https:\/\/www.spmar.com.br\/web\/wp-content\/uploads\/2024\/06\/2022_trecho_sul-1024x539.webp\" alt=\"\" class=\"wp-image-3532\" srcset=\"https:\/\/www.spmar.com.br\/web\/wp-content\/uploads\/2024\/06\/2022_trecho_sul-1024x539.webp 1024w, https:\/\/www.spmar.com.br\/web\/wp-content\/uploads\/2024\/06\/2022_trecho_sul-300x158.webp 300w, https:\/\/www.spmar.com.br\/web\/wp-content\/uploads\/2024\/06\/2022_trecho_sul-768x404.webp 768w, https:\/\/www.spmar.com.br\/web\/wp-content\/uploads\/2024\/06\/2022_trecho_sul-211x111.webp 211w, https:\/\/www.spmar.com.br\/web\/wp-content\/uploads\/2024\/06\/2022_trecho_sul-200x105.webp 200w, https:\/\/www.spmar.com.br\/web\/wp-content\/uploads\/2024\/06\/2022_trecho_sul.webp 1504w\" sizes=\"(max-width: 1024px) 100vw, 1024px\" \/><\/figure>\n<\/details>\n\n\n\n<details class=\"wp-block-details is-layout-flow wp-block-details-is-layout-flow\"><summary>2021<\/summary>\n<figure class=\"wp-block-image size-large\"><img loading=\"lazy\" decoding=\"async\" width=\"1024\" height=\"539\" src=\"https:\/\/www.spmar.com.br\/web\/wp-content\/uploads\/2024\/06\/2021_trecho_leste-1024x539.webp\" alt=\"\" class=\"wp-image-3529\" srcset=\"https:\/\/www.spmar.com.br\/web\/wp-content\/uploads\/2024\/06\/2021_trecho_leste-1024x539.webp 1024w, https:\/\/www.spmar.com.br\/web\/wp-content\/uploads\/2024\/06\/2021_trecho_leste-300x158.webp 300w, https:\/\/www.spmar.com.br\/web\/wp-content\/uploads\/2024\/06\/2021_trecho_leste-768x404.webp 768w, https:\/\/www.spmar.com.br\/web\/wp-content\/uploads\/2024\/06\/2021_trecho_leste-211x111.webp 211w, https:\/\/www.spmar.com.br\/web\/wp-content\/uploads\/2024\/06\/2021_trecho_leste-200x105.webp 200w, https:\/\/www.spmar.com.br\/web\/wp-content\/uploads\/2024\/06\/2021_trecho_leste.webp 1504w\" sizes=\"(max-width: 1024px) 100vw, 1024px\" \/><\/figure>\n\n\n\n<figure class=\"wp-block-image size-large\"><img loading=\"lazy\" decoding=\"async\" width=\"1024\" height=\"539\" src=\"https:\/\/www.spmar.com.br\/web\/wp-content\/uploads\/2024\/06\/2021_trecho_sul-1024x539.webp\" alt=\"\" class=\"wp-image-3530\" srcset=\"https:\/\/www.spmar.com.br\/web\/wp-content\/uploads\/2024\/06\/2021_trecho_sul-1024x539.webp 1024w, https:\/\/www.spmar.com.br\/web\/wp-content\/uploads\/2024\/06\/2021_trecho_sul-300x158.webp 300w, https:\/\/www.spmar.com.br\/web\/wp-content\/uploads\/2024\/06\/2021_trecho_sul-768x404.webp 768w, https:\/\/www.spmar.com.br\/web\/wp-content\/uploads\/2024\/06\/2021_trecho_sul-211x111.webp 211w, https:\/\/www.spmar.com.br\/web\/wp-content\/uploads\/2024\/06\/2021_trecho_sul-200x105.webp 200w, https:\/\/www.spmar.com.br\/web\/wp-content\/uploads\/2024\/06\/2021_trecho_sul.webp 1504w\" sizes=\"(max-width: 1024px) 100vw, 1024px\" \/><\/figure>\n<\/details>\n\n\n\n<details class=\"wp-block-details is-layout-flow wp-block-details-is-layout-flow\"><summary>2020<\/summary>\n<figure class=\"wp-block-image size-large\"><img loading=\"lazy\" decoding=\"async\" width=\"1024\" height=\"539\" src=\"https:\/\/www.spmar.com.br\/web\/wp-content\/uploads\/2024\/06\/2020_trecho_leste-1024x539.webp\" alt=\"\" class=\"wp-image-3527\" srcset=\"https:\/\/www.spmar.com.br\/web\/wp-content\/uploads\/2024\/06\/2020_trecho_leste-1024x539.webp 1024w, https:\/\/www.spmar.com.br\/web\/wp-content\/uploads\/2024\/06\/2020_trecho_leste-300x158.webp 300w, https:\/\/www.spmar.com.br\/web\/wp-content\/uploads\/2024\/06\/2020_trecho_leste-768x404.webp 768w, https:\/\/www.spmar.com.br\/web\/wp-content\/uploads\/2024\/06\/2020_trecho_leste-1536x808.webp 1536w, https:\/\/www.spmar.com.br\/web\/wp-content\/uploads\/2024\/06\/2020_trecho_leste-2048x1078.webp 2048w, https:\/\/www.spmar.com.br\/web\/wp-content\/uploads\/2024\/06\/2020_trecho_leste-211x111.webp 211w, https:\/\/www.spmar.com.br\/web\/wp-content\/uploads\/2024\/06\/2020_trecho_leste-200x105.webp 200w\" sizes=\"(max-width: 1024px) 100vw, 1024px\" \/><\/figure>\n\n\n\n<figure class=\"wp-block-image size-large\"><img loading=\"lazy\" decoding=\"async\" width=\"1024\" height=\"539\" src=\"https:\/\/www.spmar.com.br\/web\/wp-content\/uploads\/2024\/06\/2020_trecho_sul-1024x539.webp\" alt=\"\" class=\"wp-image-3528\" srcset=\"https:\/\/www.spmar.com.br\/web\/wp-content\/uploads\/2024\/06\/2020_trecho_sul-1024x539.webp 1024w, https:\/\/www.spmar.com.br\/web\/wp-content\/uploads\/2024\/06\/2020_trecho_sul-300x158.webp 300w, https:\/\/www.spmar.com.br\/web\/wp-content\/uploads\/2024\/06\/2020_trecho_sul-768x404.webp 768w, https:\/\/www.spmar.com.br\/web\/wp-content\/uploads\/2024\/06\/2020_trecho_sul-1536x809.webp 1536w, https:\/\/www.spmar.com.br\/web\/wp-content\/uploads\/2024\/06\/2020_trecho_sul-2048x1078.webp 2048w, https:\/\/www.spmar.com.br\/web\/wp-content\/uploads\/2024\/06\/2020_trecho_sul-211x111.webp 211w, https:\/\/www.spmar.com.br\/web\/wp-content\/uploads\/2024\/06\/2020_trecho_sul-200x105.webp 200w\" sizes=\"(max-width: 1024px) 100vw, 1024px\" \/><\/figure>\n<\/details>\n\n\n\n<details class=\"wp-block-details is-layout-flow wp-block-details-is-layout-flow\"><summary>2019<\/summary>\n<figure class=\"wp-block-image size-large\"><img loading=\"lazy\" decoding=\"async\" width=\"1024\" height=\"539\" src=\"https:\/\/www.spmar.com.br\/web\/wp-content\/uploads\/2024\/06\/2019_trecho_leste-1024x539.webp\" alt=\"\" class=\"wp-image-3525\" srcset=\"https:\/\/www.spmar.com.br\/web\/wp-content\/uploads\/2024\/06\/2019_trecho_leste-1024x539.webp 1024w, https:\/\/www.spmar.com.br\/web\/wp-content\/uploads\/2024\/06\/2019_trecho_leste-300x158.webp 300w, https:\/\/www.spmar.com.br\/web\/wp-content\/uploads\/2024\/06\/2019_trecho_leste-768x404.webp 768w, https:\/\/www.spmar.com.br\/web\/wp-content\/uploads\/2024\/06\/2019_trecho_leste-1536x809.webp 1536w, https:\/\/www.spmar.com.br\/web\/wp-content\/uploads\/2024\/06\/2019_trecho_leste-2048x1078.webp 2048w, https:\/\/www.spmar.com.br\/web\/wp-content\/uploads\/2024\/06\/2019_trecho_leste-211x111.webp 211w, https:\/\/www.spmar.com.br\/web\/wp-content\/uploads\/2024\/06\/2019_trecho_leste-200x105.webp 200w\" sizes=\"(max-width: 1024px) 100vw, 1024px\" \/><\/figure>\n\n\n\n<figure class=\"wp-block-image size-large\"><img loading=\"lazy\" decoding=\"async\" width=\"1024\" height=\"539\" src=\"https:\/\/www.spmar.com.br\/web\/wp-content\/uploads\/2024\/06\/2019_trecho_sul-1024x539.webp\" alt=\"\" class=\"wp-image-3526\" srcset=\"https:\/\/www.spmar.com.br\/web\/wp-content\/uploads\/2024\/06\/2019_trecho_sul-1024x539.webp 1024w, https:\/\/www.spmar.com.br\/web\/wp-content\/uploads\/2024\/06\/2019_trecho_sul-300x158.webp 300w, https:\/\/www.spmar.com.br\/web\/wp-content\/uploads\/2024\/06\/2019_trecho_sul-768x404.webp 768w, https:\/\/www.spmar.com.br\/web\/wp-content\/uploads\/2024\/06\/2019_trecho_sul-1536x809.webp 1536w, https:\/\/www.spmar.com.br\/web\/wp-content\/uploads\/2024\/06\/2019_trecho_sul-2048x1078.webp 2048w, https:\/\/www.spmar.com.br\/web\/wp-content\/uploads\/2024\/06\/2019_trecho_sul-211x111.webp 211w, https:\/\/www.spmar.com.br\/web\/wp-content\/uploads\/2024\/06\/2019_trecho_sul-200x105.webp 200w\" sizes=\"(max-width: 1024px) 100vw, 1024px\" \/><\/figure>\n<\/details>\n<\/div>\n","protected":false},"excerpt":{"rendered":"<p>Em cumprimento ao par\u00e1grafo 5\u00ba do artigo 9\u00ba da Lei Federal n\u00ba 8987\/95, a concession\u00e1ria SPMAR informa aos seus usu\u00e1rios o valor de todas as tarifas cobradas e a evolu\u00e7\u00e3o das revis\u00f5es e reajustes ocorridos nos \u00faltimos cinco anos.<\/p>\n","protected":false},"author":1,"featured_media":0,"parent":4149,"menu_order":5,"comment_status":"closed","ping_status":"closed","template":"","meta":{"_acf_changed":false,"inline_featured_image":false,"footnotes":""},"class_list":["post-3520","page","type-page","status-publish","hentry"],"acf":[],"yoast_head":"<!-- This site is optimized with the Yoast SEO plugin v27.4 - https:\/\/yoast.com\/product\/yoast-seo-wordpress\/ -->\n<title>Evolu\u00e7\u00e3o das Farifas - Somos o caminho que te conecta ao que mais importa!<\/title>\n<meta name=\"robots\" content=\"index, follow, max-snippet:-1, max-image-preview:large, max-video-preview:-1\" \/>\n<link rel=\"canonical\" href=\"https:\/\/www.spmar.com.br\/web\/pedagios\/evolucao-das-tarifas\/\" \/>\n<meta property=\"og:locale\" content=\"pt_BR\" \/>\n<meta property=\"og:type\" content=\"article\" \/>\n<meta property=\"og:title\" content=\"Evolu\u00e7\u00e3o das Farifas - Somos o caminho que te conecta ao que mais importa!\" \/>\n<meta property=\"og:description\" content=\"Em cumprimento ao par\u00e1grafo 5\u00ba do artigo 9\u00ba da Lei Federal n\u00ba 8987\/95, a concession\u00e1ria SPMAR informa aos seus usu\u00e1rios o valor de todas as tarifas cobradas e a evolu\u00e7\u00e3o das revis\u00f5es e reajustes ocorridos nos \u00faltimos cinco anos.\" \/>\n<meta property=\"og:url\" content=\"https:\/\/www.spmar.com.br\/web\/pedagios\/evolucao-das-tarifas\/\" \/>\n<meta property=\"og:site_name\" content=\"Somos o caminho que te conecta ao que mais importa!\" \/>\n<meta property=\"article:publisher\" content=\"https:\/\/www.facebook.com\/spmar.rodoanel\" \/>\n<meta property=\"article:modified_time\" content=\"2025-06-30T20:10:48+00:00\" \/>\n<meta property=\"og:image\" content=\"https:\/\/www.spmar.com.br\/web\/wp-content\/uploads\/2024\/06\/Trecho-Leste-4.jpg\" \/>\n\t<meta property=\"og:image:width\" content=\"2256\" \/>\n\t<meta property=\"og:image:height\" content=\"1188\" \/>\n\t<meta property=\"og:image:type\" content=\"image\/jpeg\" \/>\n<meta name=\"twitter:card\" content=\"summary_large_image\" \/>\n<meta name=\"twitter:label1\" content=\"Est. tempo de leitura\" \/>\n\t<meta name=\"twitter:data1\" content=\"3 minutos\" \/>\n<script type=\"application\/ld+json\" class=\"yoast-schema-graph\">{\"@context\":\"https:\\\/\\\/schema.org\",\"@graph\":[{\"@type\":\"WebPage\",\"@id\":\"https:\\\/\\\/www.spmar.com.br\\\/web\\\/pedagios\\\/evolucao-das-tarifas\\\/\",\"url\":\"https:\\\/\\\/www.spmar.com.br\\\/web\\\/pedagios\\\/evolucao-das-tarifas\\\/\",\"name\":\"Evolu\u00e7\u00e3o das Farifas - Somos o caminho que te conecta ao que mais importa!\",\"isPartOf\":{\"@id\":\"https:\\\/\\\/www.spmar.com.br\\\/web\\\/#website\"},\"primaryImageOfPage\":{\"@id\":\"https:\\\/\\\/www.spmar.com.br\\\/web\\\/pedagios\\\/evolucao-das-tarifas\\\/#primaryimage\"},\"image\":{\"@id\":\"https:\\\/\\\/www.spmar.com.br\\\/web\\\/pedagios\\\/evolucao-das-tarifas\\\/#primaryimage\"},\"thumbnailUrl\":\"https:\\\/\\\/www.spmar.com.br\\\/web\\\/wp-content\\\/uploads\\\/2024\\\/06\\\/Trecho-Leste-4-1024x539.jpg\",\"datePublished\":\"2024-06-25T18:45:09+00:00\",\"dateModified\":\"2025-06-30T20:10:48+00:00\",\"breadcrumb\":{\"@id\":\"https:\\\/\\\/www.spmar.com.br\\\/web\\\/pedagios\\\/evolucao-das-tarifas\\\/#breadcrumb\"},\"inLanguage\":\"pt-BR\",\"potentialAction\":[{\"@type\":\"ReadAction\",\"target\":[\"https:\\\/\\\/www.spmar.com.br\\\/web\\\/pedagios\\\/evolucao-das-tarifas\\\/\"]}]},{\"@type\":\"ImageObject\",\"inLanguage\":\"pt-BR\",\"@id\":\"https:\\\/\\\/www.spmar.com.br\\\/web\\\/pedagios\\\/evolucao-das-tarifas\\\/#primaryimage\",\"url\":\"https:\\\/\\\/www.spmar.com.br\\\/web\\\/wp-content\\\/uploads\\\/2024\\\/06\\\/Trecho-Leste-4.jpg\",\"contentUrl\":\"https:\\\/\\\/www.spmar.com.br\\\/web\\\/wp-content\\\/uploads\\\/2024\\\/06\\\/Trecho-Leste-4.jpg\",\"width\":2256,\"height\":1188},{\"@type\":\"BreadcrumbList\",\"@id\":\"https:\\\/\\\/www.spmar.com.br\\\/web\\\/pedagios\\\/evolucao-das-tarifas\\\/#breadcrumb\",\"itemListElement\":[{\"@type\":\"ListItem\",\"position\":1,\"name\":\"Home\",\"item\":\"https:\\\/\\\/www.spmar.com.br\\\/web\\\/\"},{\"@type\":\"ListItem\",\"position\":2,\"name\":\"Ped\u00e1gios\",\"item\":\"https:\\\/\\\/www.spmar.com.br\\\/web\\\/pedagios\\\/\"},{\"@type\":\"ListItem\",\"position\":3,\"name\":\"Evolu\u00e7\u00e3o das Farifas\"}]},{\"@type\":\"WebSite\",\"@id\":\"https:\\\/\\\/www.spmar.com.br\\\/web\\\/#website\",\"url\":\"https:\\\/\\\/www.spmar.com.br\\\/web\\\/\",\"name\":\"SPMAR\",\"description\":\"A Concession\u00e1ria SPMAR atua na administra\u00e7\u00e3o dos Trechos Sul e Leste do Rodoanel Mario Covas e, com isso,\u00e9 respons\u00e1vel pela gest\u00e3o de 76% do Rodoanel Metropolitano de S\u00e3o Paulo em opera\u00e7\u00e3o.\",\"publisher\":{\"@id\":\"https:\\\/\\\/www.spmar.com.br\\\/web\\\/#organization\"},\"potentialAction\":[{\"@type\":\"SearchAction\",\"target\":{\"@type\":\"EntryPoint\",\"urlTemplate\":\"https:\\\/\\\/www.spmar.com.br\\\/web\\\/?s={search_term_string}\"},\"query-input\":{\"@type\":\"PropertyValueSpecification\",\"valueRequired\":true,\"valueName\":\"search_term_string\"}}],\"inLanguage\":\"pt-BR\"},{\"@type\":\"Organization\",\"@id\":\"https:\\\/\\\/www.spmar.com.br\\\/web\\\/#organization\",\"name\":\"Concession\u00e1ria SPMAR\",\"url\":\"https:\\\/\\\/www.spmar.com.br\\\/web\\\/\",\"logo\":{\"@type\":\"ImageObject\",\"inLanguage\":\"pt-BR\",\"@id\":\"https:\\\/\\\/www.spmar.com.br\\\/web\\\/#\\\/schema\\\/logo\\\/image\\\/\",\"url\":\"https:\\\/\\\/www.spmar.com.br\\\/web\\\/wp-content\\\/uploads\\\/2017\\\/11\\\/logo_H.jpg\",\"contentUrl\":\"https:\\\/\\\/www.spmar.com.br\\\/web\\\/wp-content\\\/uploads\\\/2017\\\/11\\\/logo_H.jpg\",\"width\":448,\"height\":97,\"caption\":\"Concession\u00e1ria SPMAR\"},\"image\":{\"@id\":\"https:\\\/\\\/www.spmar.com.br\\\/web\\\/#\\\/schema\\\/logo\\\/image\\\/\"},\"sameAs\":[\"https:\\\/\\\/www.facebook.com\\\/spmar.rodoanel\",\"https:\\\/\\\/www.linkedin.com\\\/company\\\/spmarbr\\\/\",\"https:\\\/\\\/www.instagram.com\\\/spmarbr\\\/\"]}]}<\/script>\n<!-- \/ Yoast SEO plugin. -->","yoast_head_json":{"title":"Evolu\u00e7\u00e3o das Farifas - Somos o caminho que te conecta ao que mais importa!","robots":{"index":"index","follow":"follow","max-snippet":"max-snippet:-1","max-image-preview":"max-image-preview:large","max-video-preview":"max-video-preview:-1"},"canonical":"https:\/\/www.spmar.com.br\/web\/pedagios\/evolucao-das-tarifas\/","og_locale":"pt_BR","og_type":"article","og_title":"Evolu\u00e7\u00e3o das Farifas - Somos o caminho que te conecta ao que mais importa!","og_description":"Em cumprimento ao par\u00e1grafo 5\u00ba do artigo 9\u00ba da Lei Federal n\u00ba 8987\/95, a concession\u00e1ria SPMAR informa aos seus usu\u00e1rios o valor de todas as tarifas cobradas e a evolu\u00e7\u00e3o das revis\u00f5es e reajustes ocorridos nos \u00faltimos cinco anos.","og_url":"https:\/\/www.spmar.com.br\/web\/pedagios\/evolucao-das-tarifas\/","og_site_name":"Somos o caminho que te conecta ao que mais importa!","article_publisher":"https:\/\/www.facebook.com\/spmar.rodoanel","article_modified_time":"2025-06-30T20:10:48+00:00","og_image":[{"width":2256,"height":1188,"url":"https:\/\/www.spmar.com.br\/web\/wp-content\/uploads\/2024\/06\/Trecho-Leste-4.jpg","type":"image\/jpeg"}],"twitter_card":"summary_large_image","twitter_misc":{"Est. tempo de leitura":"3 minutos"},"schema":{"@context":"https:\/\/schema.org","@graph":[{"@type":"WebPage","@id":"https:\/\/www.spmar.com.br\/web\/pedagios\/evolucao-das-tarifas\/","url":"https:\/\/www.spmar.com.br\/web\/pedagios\/evolucao-das-tarifas\/","name":"Evolu\u00e7\u00e3o das Farifas - Somos o caminho que te conecta ao que mais importa!","isPartOf":{"@id":"https:\/\/www.spmar.com.br\/web\/#website"},"primaryImageOfPage":{"@id":"https:\/\/www.spmar.com.br\/web\/pedagios\/evolucao-das-tarifas\/#primaryimage"},"image":{"@id":"https:\/\/www.spmar.com.br\/web\/pedagios\/evolucao-das-tarifas\/#primaryimage"},"thumbnailUrl":"https:\/\/www.spmar.com.br\/web\/wp-content\/uploads\/2024\/06\/Trecho-Leste-4-1024x539.jpg","datePublished":"2024-06-25T18:45:09+00:00","dateModified":"2025-06-30T20:10:48+00:00","breadcrumb":{"@id":"https:\/\/www.spmar.com.br\/web\/pedagios\/evolucao-das-tarifas\/#breadcrumb"},"inLanguage":"pt-BR","potentialAction":[{"@type":"ReadAction","target":["https:\/\/www.spmar.com.br\/web\/pedagios\/evolucao-das-tarifas\/"]}]},{"@type":"ImageObject","inLanguage":"pt-BR","@id":"https:\/\/www.spmar.com.br\/web\/pedagios\/evolucao-das-tarifas\/#primaryimage","url":"https:\/\/www.spmar.com.br\/web\/wp-content\/uploads\/2024\/06\/Trecho-Leste-4.jpg","contentUrl":"https:\/\/www.spmar.com.br\/web\/wp-content\/uploads\/2024\/06\/Trecho-Leste-4.jpg","width":2256,"height":1188},{"@type":"BreadcrumbList","@id":"https:\/\/www.spmar.com.br\/web\/pedagios\/evolucao-das-tarifas\/#breadcrumb","itemListElement":[{"@type":"ListItem","position":1,"name":"Home","item":"https:\/\/www.spmar.com.br\/web\/"},{"@type":"ListItem","position":2,"name":"Ped\u00e1gios","item":"https:\/\/www.spmar.com.br\/web\/pedagios\/"},{"@type":"ListItem","position":3,"name":"Evolu\u00e7\u00e3o das Farifas"}]},{"@type":"WebSite","@id":"https:\/\/www.spmar.com.br\/web\/#website","url":"https:\/\/www.spmar.com.br\/web\/","name":"SPMAR","description":"A Concession\u00e1ria SPMAR atua na administra\u00e7\u00e3o dos Trechos Sul e Leste do Rodoanel Mario Covas e, com isso,\u00e9 respons\u00e1vel pela gest\u00e3o de 76% do Rodoanel Metropolitano de S\u00e3o Paulo em opera\u00e7\u00e3o.","publisher":{"@id":"https:\/\/www.spmar.com.br\/web\/#organization"},"potentialAction":[{"@type":"SearchAction","target":{"@type":"EntryPoint","urlTemplate":"https:\/\/www.spmar.com.br\/web\/?s={search_term_string}"},"query-input":{"@type":"PropertyValueSpecification","valueRequired":true,"valueName":"search_term_string"}}],"inLanguage":"pt-BR"},{"@type":"Organization","@id":"https:\/\/www.spmar.com.br\/web\/#organization","name":"Concession\u00e1ria SPMAR","url":"https:\/\/www.spmar.com.br\/web\/","logo":{"@type":"ImageObject","inLanguage":"pt-BR","@id":"https:\/\/www.spmar.com.br\/web\/#\/schema\/logo\/image\/","url":"https:\/\/www.spmar.com.br\/web\/wp-content\/uploads\/2017\/11\/logo_H.jpg","contentUrl":"https:\/\/www.spmar.com.br\/web\/wp-content\/uploads\/2017\/11\/logo_H.jpg","width":448,"height":97,"caption":"Concession\u00e1ria SPMAR"},"image":{"@id":"https:\/\/www.spmar.com.br\/web\/#\/schema\/logo\/image\/"},"sameAs":["https:\/\/www.facebook.com\/spmar.rodoanel","https:\/\/www.linkedin.com\/company\/spmarbr\/","https:\/\/www.instagram.com\/spmarbr\/"]}]}},"jetpack_sharing_enabled":true,"_links":{"self":[{"href":"https:\/\/www.spmar.com.br\/web\/wp-json\/wp\/v2\/pages\/3520","targetHints":{"allow":["GET"]}}],"collection":[{"href":"https:\/\/www.spmar.com.br\/web\/wp-json\/wp\/v2\/pages"}],"about":[{"href":"https:\/\/www.spmar.com.br\/web\/wp-json\/wp\/v2\/types\/page"}],"author":[{"embeddable":true,"href":"https:\/\/www.spmar.com.br\/web\/wp-json\/wp\/v2\/users\/1"}],"replies":[{"embeddable":true,"href":"https:\/\/www.spmar.com.br\/web\/wp-json\/wp\/v2\/comments?post=3520"}],"version-history":[{"count":6,"href":"https:\/\/www.spmar.com.br\/web\/wp-json\/wp\/v2\/pages\/3520\/revisions"}],"predecessor-version":[{"id":5177,"href":"https:\/\/www.spmar.com.br\/web\/wp-json\/wp\/v2\/pages\/3520\/revisions\/5177"}],"up":[{"embeddable":true,"href":"https:\/\/www.spmar.com.br\/web\/wp-json\/wp\/v2\/pages\/4149"}],"wp:attachment":[{"href":"https:\/\/www.spmar.com.br\/web\/wp-json\/wp\/v2\/media?parent=3520"}],"curies":[{"name":"wp","href":"https:\/\/api.w.org\/{rel}","templated":true}]}}