{"id":26,"date":"2017-08-05T23:29:38","date_gmt":"2017-08-06T02:29:38","guid":{"rendered":"http:\/\/localhost\/?page_id=26"},"modified":"2026-02-04T09:20:06","modified_gmt":"2026-02-04T12:20:06","slug":"politica-spmar","status":"publish","type":"page","link":"https:\/\/www.spmar.com.br\/web\/institucional\/politica-spmar\/","title":{"rendered":"Pol\u00edtica SPMAR"},"content":{"rendered":"<h2><b>Pol\u00edtica do Sistema de Gest\u00e3o Integrado SPMar<\/b><\/h2>\n<p><strong>A CONCESSION\u00c1RIA SPMAR<\/strong> \u00e9 uma empresa voltada \u00e0 administra\u00e7\u00e3o do complexo rodovi\u00e1rio dos Trechos Sul e Leste do Rodoanel M\u00e1rio Covas, que busca constantemente a excel\u00eancia de seus processos por meio do seu Sistema de Gest\u00e3o, tendo como compromissos:<\/p>\n<ul>\n<li><strong>Satisfa\u00e7\u00e3o dos Usu\u00e1rios:<\/strong> Oferecer servi\u00e7os com seguran\u00e7a e conforto.<\/li>\n<\/ul>\n<p>\u00a0<\/p>\n<ul>\n<li><strong>Satisfa\u00e7\u00e3o do Poder Concedente \u2013 ARTESP:<\/strong> Atender \u00e0s expectativas por meio do cumprimento dos objetivos e obriga\u00e7\u00f5es estabelecidos no contrato de concess\u00e3o.<\/li>\n<\/ul>\n<p>\u00a0<\/p>\n<ul>\n<li><strong>Rentabilidade dos Acionistas:<\/strong> Gerenciar a Concession\u00e1ria com resultados que atendam aos anseios de seus acionistas.<\/li>\n<\/ul>\n<p>\u00a0<\/p>\n<ul>\n<li><strong>Coopera\u00e7\u00e3o e Uni\u00e3o:<\/strong> Valorizar ideias, incentivar a participa\u00e7\u00e3o ativa dos colaboradores, promover a lideran\u00e7a, o desenvolvimento profissional e um ambiente de trabalho que fortale\u00e7a o comprometimento entre as equipes.<\/li>\n<\/ul>\n<p>\u00a0<\/p>\n<ul>\n<li><strong>Melhoria Cont\u00ednua:<\/strong> Aprimorar continuamente m\u00e9todos, processos e pr\u00e1ticas do Sistema de Gest\u00e3o da Qualidade, Meio Ambiente e Sa\u00fade e Seguran\u00e7a.<\/li>\n<\/ul>\n<p>\u00a0<\/p>\n<ul>\n<li><strong>Atendimento aos Requisitos de Meio Ambiente:<\/strong> Proteger o meio ambiente, promover o uso eficiente e sustent\u00e1vel dos recursos, bem como prevenir e minimizar a polui\u00e7\u00e3o e os impactos ambientais.<\/li>\n<\/ul>\n<p>\u00a0<\/p>\n<ul>\n<li><strong>Atendimento aos Requisitos de Sa\u00fade e Seguran\u00e7a:<\/strong> Prover condi\u00e7\u00f5es de trabalho seguras e saud\u00e1veis para a preven\u00e7\u00e3o de les\u00f5es e doen\u00e7as relacionadas ao trabalho; eliminar perigos, reduzir riscos de SST e promover a consulta e participa\u00e7\u00e3o dos trabalhadores e seus representantes.<\/li>\n<\/ul>\n<p>\u00a0<\/p>\n<ul>\n<li><strong>Atendimento aos Requisitos Legais:<\/strong> Atuar em conformidade com os requisitos legais e normas aplic\u00e1veis, abrangendo os aspectos de Qualidade, Meio Ambiente, Sa\u00fade e Seguran\u00e7a Ocupacional, assegurando o cumprimento das obriga\u00e7\u00f5es contratuais, requisitos subscritos \u00e0s atividades, desempenho socioambiental e Princ\u00edpios do Equador.<\/li>\n<\/ul>\n<p>\u00a0<\/p>\n\n\n<figure class=\"wp-block-image aligncenter size-full\"><img fetchpriority=\"high\" decoding=\"async\" width=\"434\" height=\"406\" src=\"https:\/\/www.spmar.com.br\/web\/wp-content\/uploads\/2023\/07\/Selo-ISO_mini.jpg\" alt=\"\" class=\"wp-image-3178\" srcset=\"https:\/\/www.spmar.com.br\/web\/wp-content\/uploads\/2023\/07\/Selo-ISO_mini.jpg 434w, https:\/\/www.spmar.com.br\/web\/wp-content\/uploads\/2023\/07\/Selo-ISO_mini-300x281.jpg 300w, https:\/\/www.spmar.com.br\/web\/wp-content\/uploads\/2023\/07\/Selo-ISO_mini-211x197.jpg 211w\" sizes=\"(max-width: 434px) 100vw, 434px\" \/><\/figure>\n","protected":false},"excerpt":{"rendered":"<p>Pol\u00edtica do Sistema de Gest\u00e3o Integrado SPMar A CONCESSION\u00c1RIA SPMAR \u00e9 uma empresa voltada \u00e0 administra\u00e7\u00e3o do complexo rodovi\u00e1rio dos Trechos Sul e Leste do Rodoanel M\u00e1rio Covas, que busca constantemente a excel\u00eancia de seus processos por meio do seu Sistema de Gest\u00e3o, tendo como compromissos: Satisfa\u00e7\u00e3o dos Usu\u00e1rios: Oferecer servi\u00e7os com seguran\u00e7a e conforto. [&hellip;]<\/p>\n","protected":false},"author":1,"featured_media":4170,"parent":4797,"menu_order":3,"comment_status":"closed","ping_status":"closed","template":"","meta":{"_acf_changed":false,"inline_featured_image":false,"footnotes":""},"class_list":["post-26","page","type-page","status-publish","has-post-thumbnail","hentry"],"acf":[],"yoast_head":"<!-- This site is optimized with the Yoast SEO plugin v27.4 - https:\/\/yoast.com\/product\/yoast-seo-wordpress\/ -->\n<title>Pol\u00edtica SPMAR - Somos o caminho que te conecta ao que mais importa!<\/title>\n<meta name=\"robots\" content=\"index, follow, max-snippet:-1, max-image-preview:large, max-video-preview:-1\" \/>\n<link rel=\"canonical\" href=\"https:\/\/www.spmar.com.br\/web\/institucional\/politica-spmar\/\" \/>\n<meta property=\"og:locale\" content=\"pt_BR\" \/>\n<meta property=\"og:type\" content=\"article\" \/>\n<meta property=\"og:title\" content=\"Pol\u00edtica SPMAR - Somos o caminho que te conecta ao que mais importa!\" \/>\n<meta property=\"og:description\" content=\"Pol\u00edtica do Sistema de Gest\u00e3o Integrado SPMar A CONCESSION\u00c1RIA SPMAR \u00e9 uma empresa voltada \u00e0 administra\u00e7\u00e3o do complexo rodovi\u00e1rio dos Trechos Sul e Leste do Rodoanel M\u00e1rio Covas, que busca constantemente a excel\u00eancia de seus processos por meio do seu Sistema de Gest\u00e3o, tendo como compromissos: Satisfa\u00e7\u00e3o dos Usu\u00e1rios: Oferecer servi\u00e7os com seguran\u00e7a e conforto. [&hellip;]\" \/>\n<meta property=\"og:url\" content=\"https:\/\/www.spmar.com.br\/web\/institucional\/politica-spmar\/\" \/>\n<meta property=\"og:site_name\" content=\"Somos o caminho que te conecta ao que mais importa!\" \/>\n<meta property=\"article:publisher\" content=\"https:\/\/www.facebook.com\/spmar.rodoanel\" \/>\n<meta property=\"article:modified_time\" content=\"2026-02-04T12:20:06+00:00\" \/>\n<meta property=\"og:image\" content=\"https:\/\/www.spmar.com.br\/web\/wp-content\/uploads\/2024\/08\/politica-scaled.jpg\" \/>\n\t<meta property=\"og:image:width\" content=\"2560\" \/>\n\t<meta property=\"og:image:height\" content=\"1707\" \/>\n\t<meta property=\"og:image:type\" content=\"image\/jpeg\" \/>\n<meta name=\"twitter:card\" content=\"summary_large_image\" \/>\n<meta name=\"twitter:label1\" content=\"Est. tempo de leitura\" \/>\n\t<meta name=\"twitter:data1\" content=\"2 minutos\" \/>\n<script type=\"application\/ld+json\" class=\"yoast-schema-graph\">{\"@context\":\"https:\\\/\\\/schema.org\",\"@graph\":[{\"@type\":\"WebPage\",\"@id\":\"https:\\\/\\\/www.spmar.com.br\\\/web\\\/institucional\\\/politica-spmar\\\/\",\"url\":\"https:\\\/\\\/www.spmar.com.br\\\/web\\\/institucional\\\/politica-spmar\\\/\",\"name\":\"Pol\u00edtica SPMAR - Somos o caminho que te conecta ao que mais importa!\",\"isPartOf\":{\"@id\":\"https:\\\/\\\/www.spmar.com.br\\\/web\\\/#website\"},\"primaryImageOfPage\":{\"@id\":\"https:\\\/\\\/www.spmar.com.br\\\/web\\\/institucional\\\/politica-spmar\\\/#primaryimage\"},\"image\":{\"@id\":\"https:\\\/\\\/www.spmar.com.br\\\/web\\\/institucional\\\/politica-spmar\\\/#primaryimage\"},\"thumbnailUrl\":\"https:\\\/\\\/www.spmar.com.br\\\/web\\\/wp-content\\\/uploads\\\/2024\\\/08\\\/politica-scaled.jpg\",\"datePublished\":\"2017-08-06T02:29:38+00:00\",\"dateModified\":\"2026-02-04T12:20:06+00:00\",\"breadcrumb\":{\"@id\":\"https:\\\/\\\/www.spmar.com.br\\\/web\\\/institucional\\\/politica-spmar\\\/#breadcrumb\"},\"inLanguage\":\"pt-BR\",\"potentialAction\":[{\"@type\":\"ReadAction\",\"target\":[\"https:\\\/\\\/www.spmar.com.br\\\/web\\\/institucional\\\/politica-spmar\\\/\"]}]},{\"@type\":\"ImageObject\",\"inLanguage\":\"pt-BR\",\"@id\":\"https:\\\/\\\/www.spmar.com.br\\\/web\\\/institucional\\\/politica-spmar\\\/#primaryimage\",\"url\":\"https:\\\/\\\/www.spmar.com.br\\\/web\\\/wp-content\\\/uploads\\\/2024\\\/08\\\/politica-scaled.jpg\",\"contentUrl\":\"https:\\\/\\\/www.spmar.com.br\\\/web\\\/wp-content\\\/uploads\\\/2024\\\/08\\\/politica-scaled.jpg\",\"width\":2560,\"height\":1707},{\"@type\":\"BreadcrumbList\",\"@id\":\"https:\\\/\\\/www.spmar.com.br\\\/web\\\/institucional\\\/politica-spmar\\\/#breadcrumb\",\"itemListElement\":[{\"@type\":\"ListItem\",\"position\":1,\"name\":\"Home\",\"item\":\"https:\\\/\\\/www.spmar.com.br\\\/web\\\/\"},{\"@type\":\"ListItem\",\"position\":2,\"name\":\"Institucional\",\"item\":\"https:\\\/\\\/www.spmar.com.br\\\/web\\\/institucional\\\/\"},{\"@type\":\"ListItem\",\"position\":3,\"name\":\"Pol\u00edtica SPMAR\"}]},{\"@type\":\"WebSite\",\"@id\":\"https:\\\/\\\/www.spmar.com.br\\\/web\\\/#website\",\"url\":\"https:\\\/\\\/www.spmar.com.br\\\/web\\\/\",\"name\":\"SPMAR\",\"description\":\"A Concession\u00e1ria SPMAR atua na administra\u00e7\u00e3o dos Trechos Sul e Leste do Rodoanel Mario Covas e, com isso,\u00e9 respons\u00e1vel pela gest\u00e3o de 76% do Rodoanel Metropolitano de S\u00e3o Paulo em opera\u00e7\u00e3o.\",\"publisher\":{\"@id\":\"https:\\\/\\\/www.spmar.com.br\\\/web\\\/#organization\"},\"potentialAction\":[{\"@type\":\"SearchAction\",\"target\":{\"@type\":\"EntryPoint\",\"urlTemplate\":\"https:\\\/\\\/www.spmar.com.br\\\/web\\\/?s={search_term_string}\"},\"query-input\":{\"@type\":\"PropertyValueSpecification\",\"valueRequired\":true,\"valueName\":\"search_term_string\"}}],\"inLanguage\":\"pt-BR\"},{\"@type\":\"Organization\",\"@id\":\"https:\\\/\\\/www.spmar.com.br\\\/web\\\/#organization\",\"name\":\"Concession\u00e1ria SPMAR\",\"url\":\"https:\\\/\\\/www.spmar.com.br\\\/web\\\/\",\"logo\":{\"@type\":\"ImageObject\",\"inLanguage\":\"pt-BR\",\"@id\":\"https:\\\/\\\/www.spmar.com.br\\\/web\\\/#\\\/schema\\\/logo\\\/image\\\/\",\"url\":\"https:\\\/\\\/www.spmar.com.br\\\/web\\\/wp-content\\\/uploads\\\/2017\\\/11\\\/logo_H.jpg\",\"contentUrl\":\"https:\\\/\\\/www.spmar.com.br\\\/web\\\/wp-content\\\/uploads\\\/2017\\\/11\\\/logo_H.jpg\",\"width\":448,\"height\":97,\"caption\":\"Concession\u00e1ria SPMAR\"},\"image\":{\"@id\":\"https:\\\/\\\/www.spmar.com.br\\\/web\\\/#\\\/schema\\\/logo\\\/image\\\/\"},\"sameAs\":[\"https:\\\/\\\/www.facebook.com\\\/spmar.rodoanel\",\"https:\\\/\\\/www.linkedin.com\\\/company\\\/spmarbr\\\/\",\"https:\\\/\\\/www.instagram.com\\\/spmarbr\\\/\"]}]}<\/script>\n<!-- \/ Yoast SEO plugin. -->","yoast_head_json":{"title":"Pol\u00edtica SPMAR - Somos o caminho que te conecta ao que mais importa!","robots":{"index":"index","follow":"follow","max-snippet":"max-snippet:-1","max-image-preview":"max-image-preview:large","max-video-preview":"max-video-preview:-1"},"canonical":"https:\/\/www.spmar.com.br\/web\/institucional\/politica-spmar\/","og_locale":"pt_BR","og_type":"article","og_title":"Pol\u00edtica SPMAR - Somos o caminho que te conecta ao que mais importa!","og_description":"Pol\u00edtica do Sistema de Gest\u00e3o Integrado SPMar A CONCESSION\u00c1RIA SPMAR \u00e9 uma empresa voltada \u00e0 administra\u00e7\u00e3o do complexo rodovi\u00e1rio dos Trechos Sul e Leste do Rodoanel M\u00e1rio Covas, que busca constantemente a excel\u00eancia de seus processos por meio do seu Sistema de Gest\u00e3o, tendo como compromissos: Satisfa\u00e7\u00e3o dos Usu\u00e1rios: Oferecer servi\u00e7os com seguran\u00e7a e conforto. [&hellip;]","og_url":"https:\/\/www.spmar.com.br\/web\/institucional\/politica-spmar\/","og_site_name":"Somos o caminho que te conecta ao que mais importa!","article_publisher":"https:\/\/www.facebook.com\/spmar.rodoanel","article_modified_time":"2026-02-04T12:20:06+00:00","og_image":[{"width":2560,"height":1707,"url":"https:\/\/www.spmar.com.br\/web\/wp-content\/uploads\/2024\/08\/politica-scaled.jpg","type":"image\/jpeg"}],"twitter_card":"summary_large_image","twitter_misc":{"Est. tempo de leitura":"2 minutos"},"schema":{"@context":"https:\/\/schema.org","@graph":[{"@type":"WebPage","@id":"https:\/\/www.spmar.com.br\/web\/institucional\/politica-spmar\/","url":"https:\/\/www.spmar.com.br\/web\/institucional\/politica-spmar\/","name":"Pol\u00edtica SPMAR - Somos o caminho que te conecta ao que mais importa!","isPartOf":{"@id":"https:\/\/www.spmar.com.br\/web\/#website"},"primaryImageOfPage":{"@id":"https:\/\/www.spmar.com.br\/web\/institucional\/politica-spmar\/#primaryimage"},"image":{"@id":"https:\/\/www.spmar.com.br\/web\/institucional\/politica-spmar\/#primaryimage"},"thumbnailUrl":"https:\/\/www.spmar.com.br\/web\/wp-content\/uploads\/2024\/08\/politica-scaled.jpg","datePublished":"2017-08-06T02:29:38+00:00","dateModified":"2026-02-04T12:20:06+00:00","breadcrumb":{"@id":"https:\/\/www.spmar.com.br\/web\/institucional\/politica-spmar\/#breadcrumb"},"inLanguage":"pt-BR","potentialAction":[{"@type":"ReadAction","target":["https:\/\/www.spmar.com.br\/web\/institucional\/politica-spmar\/"]}]},{"@type":"ImageObject","inLanguage":"pt-BR","@id":"https:\/\/www.spmar.com.br\/web\/institucional\/politica-spmar\/#primaryimage","url":"https:\/\/www.spmar.com.br\/web\/wp-content\/uploads\/2024\/08\/politica-scaled.jpg","contentUrl":"https:\/\/www.spmar.com.br\/web\/wp-content\/uploads\/2024\/08\/politica-scaled.jpg","width":2560,"height":1707},{"@type":"BreadcrumbList","@id":"https:\/\/www.spmar.com.br\/web\/institucional\/politica-spmar\/#breadcrumb","itemListElement":[{"@type":"ListItem","position":1,"name":"Home","item":"https:\/\/www.spmar.com.br\/web\/"},{"@type":"ListItem","position":2,"name":"Institucional","item":"https:\/\/www.spmar.com.br\/web\/institucional\/"},{"@type":"ListItem","position":3,"name":"Pol\u00edtica SPMAR"}]},{"@type":"WebSite","@id":"https:\/\/www.spmar.com.br\/web\/#website","url":"https:\/\/www.spmar.com.br\/web\/","name":"SPMAR","description":"A Concession\u00e1ria SPMAR atua na administra\u00e7\u00e3o dos Trechos Sul e Leste do Rodoanel Mario Covas e, com isso,\u00e9 respons\u00e1vel pela gest\u00e3o de 76% do Rodoanel Metropolitano de S\u00e3o Paulo em opera\u00e7\u00e3o.","publisher":{"@id":"https:\/\/www.spmar.com.br\/web\/#organization"},"potentialAction":[{"@type":"SearchAction","target":{"@type":"EntryPoint","urlTemplate":"https:\/\/www.spmar.com.br\/web\/?s={search_term_string}"},"query-input":{"@type":"PropertyValueSpecification","valueRequired":true,"valueName":"search_term_string"}}],"inLanguage":"pt-BR"},{"@type":"Organization","@id":"https:\/\/www.spmar.com.br\/web\/#organization","name":"Concession\u00e1ria SPMAR","url":"https:\/\/www.spmar.com.br\/web\/","logo":{"@type":"ImageObject","inLanguage":"pt-BR","@id":"https:\/\/www.spmar.com.br\/web\/#\/schema\/logo\/image\/","url":"https:\/\/www.spmar.com.br\/web\/wp-content\/uploads\/2017\/11\/logo_H.jpg","contentUrl":"https:\/\/www.spmar.com.br\/web\/wp-content\/uploads\/2017\/11\/logo_H.jpg","width":448,"height":97,"caption":"Concession\u00e1ria SPMAR"},"image":{"@id":"https:\/\/www.spmar.com.br\/web\/#\/schema\/logo\/image\/"},"sameAs":["https:\/\/www.facebook.com\/spmar.rodoanel","https:\/\/www.linkedin.com\/company\/spmarbr\/","https:\/\/www.instagram.com\/spmarbr\/"]}]}},"jetpack_sharing_enabled":true,"_links":{"self":[{"href":"https:\/\/www.spmar.com.br\/web\/wp-json\/wp\/v2\/pages\/26","targetHints":{"allow":["GET"]}}],"collection":[{"href":"https:\/\/www.spmar.com.br\/web\/wp-json\/wp\/v2\/pages"}],"about":[{"href":"https:\/\/www.spmar.com.br\/web\/wp-json\/wp\/v2\/types\/page"}],"author":[{"embeddable":true,"href":"https:\/\/www.spmar.com.br\/web\/wp-json\/wp\/v2\/users\/1"}],"replies":[{"embeddable":true,"href":"https:\/\/www.spmar.com.br\/web\/wp-json\/wp\/v2\/comments?post=26"}],"version-history":[{"count":17,"href":"https:\/\/www.spmar.com.br\/web\/wp-json\/wp\/v2\/pages\/26\/revisions"}],"predecessor-version":[{"id":5628,"href":"https:\/\/www.spmar.com.br\/web\/wp-json\/wp\/v2\/pages\/26\/revisions\/5628"}],"up":[{"embeddable":true,"href":"https:\/\/www.spmar.com.br\/web\/wp-json\/wp\/v2\/pages\/4797"}],"wp:featuredmedia":[{"embeddable":true,"href":"https:\/\/www.spmar.com.br\/web\/wp-json\/wp\/v2\/media\/4170"}],"wp:attachment":[{"href":"https:\/\/www.spmar.com.br\/web\/wp-json\/wp\/v2\/media?parent=26"}],"curies":[{"name":"wp","href":"https:\/\/api.w.org\/{rel}","templated":true}]}}