{"id":24,"date":"2017-08-05T23:28:57","date_gmt":"2017-08-06T02:28:57","guid":{"rendered":"http:\/\/localhost\/?page_id=24"},"modified":"2024-09-12T15:26:39","modified_gmt":"2024-09-12T18:26:39","slug":"missao-visao-e-valores","status":"publish","type":"page","link":"https:\/\/www.spmar.com.br\/web\/institucional\/missao-visao-e-valores\/","title":{"rendered":"Miss\u00e3o, Vis\u00e3o e Valores"},"content":{"rendered":"<h2>MISS\u00c3O<\/h2>\n<p>Administrar o sistema rodovi\u00e1rio, atendendo nossos usu\u00e1rios com excel\u00eancia, considerando as expectativas dos acionistas, Poder Concedente e contribuindo para o desenvolvimento sustent\u00e1vel do pa\u00eds.<\/p>\n<p>&nbsp;<\/p>\n<p>&nbsp;<\/p>\n<h2>VIS\u00c3O<\/h2>\n<p>Ser refer\u00eancia de modelo de gest\u00e3o rodovi\u00e1ria com foco no atendimento ao usu\u00e1rio.<\/p>\n<p>&nbsp;<\/p>\n<p>&nbsp;<\/p>\n<h2>VALORES<\/h2>\n<p><strong>Transpar\u00eancia:<\/strong> Nas informa\u00e7\u00f5es geradas e disponibilizadas para as partes interessadas.<\/p>\n<p><strong>\u00c9tica:<\/strong> Praticar a\u00e7\u00f5es claras e justas em todas rela\u00e7\u00f5es estabelecidas pela empresa.<\/p>\n<p><strong>Disciplina do capital:<\/strong> Austeridade e controle de gastos.<\/p>\n<p><strong>Sustentabilidade empresarial:<\/strong> Pleno atendimento aos requisitos sociais, ambientais e econ\u00f4micos.<\/p>\n<p><strong>Comprometimento e Desenvolvimento Profissional:<\/strong> Valoriza\u00e7\u00e3o do profissional e investimento em a\u00e7\u00f5es de desenvolvimento.<\/p>\n<p>&nbsp;<\/p>\n<p>&nbsp;<\/p>\n","protected":false},"excerpt":{"rendered":"<p>MISS\u00c3O Administrar o sistema rodovi\u00e1rio, atendendo nossos usu\u00e1rios com excel\u00eancia, considerando as expectativas dos acionistas, Poder Concedente e contribuindo para o desenvolvimento sustent\u00e1vel do pa\u00eds. &nbsp; &nbsp; VIS\u00c3O Ser refer\u00eancia de modelo de gest\u00e3o rodovi\u00e1ria com foco no atendimento ao usu\u00e1rio. &nbsp; &nbsp; VALORES Transpar\u00eancia: Nas informa\u00e7\u00f5es geradas e disponibilizadas para as partes interessadas. \u00c9tica: [&hellip;]<\/p>\n","protected":false},"author":1,"featured_media":4169,"parent":4797,"menu_order":2,"comment_status":"closed","ping_status":"closed","template":"","meta":{"_acf_changed":false,"inline_featured_image":false,"footnotes":""},"class_list":["post-24","page","type-page","status-publish","has-post-thumbnail","hentry"],"acf":[],"yoast_head":"<!-- This site is optimized with the Yoast SEO plugin v27.4 - https:\/\/yoast.com\/product\/yoast-seo-wordpress\/ -->\n<title>Miss\u00e3o, Vis\u00e3o e Valores - Somos o caminho que te conecta ao que mais importa!<\/title>\n<meta name=\"robots\" content=\"index, follow, max-snippet:-1, max-image-preview:large, max-video-preview:-1\" \/>\n<link rel=\"canonical\" href=\"https:\/\/www.spmar.com.br\/web\/spmar\/missao-visao-e-valores\/\" \/>\n<meta property=\"og:locale\" content=\"pt_BR\" \/>\n<meta property=\"og:type\" content=\"article\" \/>\n<meta property=\"og:title\" content=\"Miss\u00e3o, Vis\u00e3o e Valores - Somos o caminho que te conecta ao que mais importa!\" \/>\n<meta property=\"og:description\" content=\"MISS\u00c3O Administrar o sistema rodovi\u00e1rio, atendendo nossos usu\u00e1rios com excel\u00eancia, considerando as expectativas dos acionistas, Poder Concedente e contribuindo para o desenvolvimento sustent\u00e1vel do pa\u00eds. &nbsp; &nbsp; VIS\u00c3O Ser refer\u00eancia de modelo de gest\u00e3o rodovi\u00e1ria com foco no atendimento ao usu\u00e1rio. &nbsp; &nbsp; VALORES Transpar\u00eancia: Nas informa\u00e7\u00f5es geradas e disponibilizadas para as partes interessadas. \u00c9tica: [&hellip;]\" \/>\n<meta property=\"og:url\" content=\"https:\/\/www.spmar.com.br\/web\/spmar\/missao-visao-e-valores\/\" \/>\n<meta property=\"og:site_name\" content=\"Somos o caminho que te conecta ao que mais importa!\" \/>\n<meta property=\"article:publisher\" content=\"https:\/\/www.facebook.com\/spmar.rodoanel\" \/>\n<meta property=\"article:modified_time\" content=\"2024-09-12T18:26:39+00:00\" \/>\n<meta name=\"twitter:card\" content=\"summary_large_image\" \/>\n<meta name=\"twitter:label1\" content=\"Est. tempo de leitura\" \/>\n\t<meta name=\"twitter:data1\" content=\"1 minuto\" \/>\n<script type=\"application\/ld+json\" class=\"yoast-schema-graph\">{\"@context\":\"https:\\\/\\\/schema.org\",\"@graph\":[{\"@type\":\"WebPage\",\"@id\":\"https:\\\/\\\/www.spmar.com.br\\\/web\\\/spmar\\\/missao-visao-e-valores\\\/\",\"url\":\"https:\\\/\\\/www.spmar.com.br\\\/web\\\/spmar\\\/missao-visao-e-valores\\\/\",\"name\":\"Miss\u00e3o, Vis\u00e3o e Valores - Somos o caminho que te conecta ao que mais importa!\",\"isPartOf\":{\"@id\":\"https:\\\/\\\/www.spmar.com.br\\\/web\\\/#website\"},\"primaryImageOfPage\":{\"@id\":\"https:\\\/\\\/www.spmar.com.br\\\/web\\\/spmar\\\/missao-visao-e-valores\\\/#primaryimage\"},\"image\":{\"@id\":\"https:\\\/\\\/www.spmar.com.br\\\/web\\\/spmar\\\/missao-visao-e-valores\\\/#primaryimage\"},\"thumbnailUrl\":\"https:\\\/\\\/www.spmar.com.br\\\/web\\\/wp-content\\\/uploads\\\/2024\\\/08\\\/missao-e-valores-scaled.jpg\",\"datePublished\":\"2017-08-06T02:28:57+00:00\",\"dateModified\":\"2024-09-12T18:26:39+00:00\",\"breadcrumb\":{\"@id\":\"https:\\\/\\\/www.spmar.com.br\\\/web\\\/spmar\\\/missao-visao-e-valores\\\/#breadcrumb\"},\"inLanguage\":\"pt-BR\",\"potentialAction\":[{\"@type\":\"ReadAction\",\"target\":[\"https:\\\/\\\/www.spmar.com.br\\\/web\\\/spmar\\\/missao-visao-e-valores\\\/\"]}]},{\"@type\":\"ImageObject\",\"inLanguage\":\"pt-BR\",\"@id\":\"https:\\\/\\\/www.spmar.com.br\\\/web\\\/spmar\\\/missao-visao-e-valores\\\/#primaryimage\",\"url\":\"https:\\\/\\\/www.spmar.com.br\\\/web\\\/wp-content\\\/uploads\\\/2024\\\/08\\\/missao-e-valores-scaled.jpg\",\"contentUrl\":\"https:\\\/\\\/www.spmar.com.br\\\/web\\\/wp-content\\\/uploads\\\/2024\\\/08\\\/missao-e-valores-scaled.jpg\",\"width\":2560,\"height\":1707},{\"@type\":\"BreadcrumbList\",\"@id\":\"https:\\\/\\\/www.spmar.com.br\\\/web\\\/spmar\\\/missao-visao-e-valores\\\/#breadcrumb\",\"itemListElement\":[{\"@type\":\"ListItem\",\"position\":1,\"name\":\"Home\",\"item\":\"https:\\\/\\\/www.spmar.com.br\\\/web\\\/\"},{\"@type\":\"ListItem\",\"position\":2,\"name\":\"SPMAR\",\"item\":\"https:\\\/\\\/www.spmar.com.br\\\/web\\\/spmar\\\/\"},{\"@type\":\"ListItem\",\"position\":3,\"name\":\"Miss\u00e3o, vis\u00e3o e valores\"}]},{\"@type\":\"WebSite\",\"@id\":\"https:\\\/\\\/www.spmar.com.br\\\/web\\\/#website\",\"url\":\"https:\\\/\\\/www.spmar.com.br\\\/web\\\/\",\"name\":\"SPMAR\",\"description\":\"A Concession\u00e1ria SPMAR atua na administra\u00e7\u00e3o dos Trechos Sul e Leste do Rodoanel Mario Covas e, com isso,\u00e9 respons\u00e1vel pela gest\u00e3o de 76% do Rodoanel Metropolitano de S\u00e3o Paulo em opera\u00e7\u00e3o.\",\"publisher\":{\"@id\":\"https:\\\/\\\/www.spmar.com.br\\\/web\\\/#organization\"},\"potentialAction\":[{\"@type\":\"SearchAction\",\"target\":{\"@type\":\"EntryPoint\",\"urlTemplate\":\"https:\\\/\\\/www.spmar.com.br\\\/web\\\/?s={search_term_string}\"},\"query-input\":{\"@type\":\"PropertyValueSpecification\",\"valueRequired\":true,\"valueName\":\"search_term_string\"}}],\"inLanguage\":\"pt-BR\"},{\"@type\":\"Organization\",\"@id\":\"https:\\\/\\\/www.spmar.com.br\\\/web\\\/#organization\",\"name\":\"Concession\u00e1ria SPMAR\",\"url\":\"https:\\\/\\\/www.spmar.com.br\\\/web\\\/\",\"logo\":{\"@type\":\"ImageObject\",\"inLanguage\":\"pt-BR\",\"@id\":\"https:\\\/\\\/www.spmar.com.br\\\/web\\\/#\\\/schema\\\/logo\\\/image\\\/\",\"url\":\"https:\\\/\\\/www.spmar.com.br\\\/web\\\/wp-content\\\/uploads\\\/2017\\\/11\\\/logo_H.jpg\",\"contentUrl\":\"https:\\\/\\\/www.spmar.com.br\\\/web\\\/wp-content\\\/uploads\\\/2017\\\/11\\\/logo_H.jpg\",\"width\":448,\"height\":97,\"caption\":\"Concession\u00e1ria SPMAR\"},\"image\":{\"@id\":\"https:\\\/\\\/www.spmar.com.br\\\/web\\\/#\\\/schema\\\/logo\\\/image\\\/\"},\"sameAs\":[\"https:\\\/\\\/www.facebook.com\\\/spmar.rodoanel\",\"https:\\\/\\\/www.linkedin.com\\\/company\\\/spmarbr\\\/\",\"https:\\\/\\\/www.instagram.com\\\/spmarbr\\\/\"]}]}<\/script>\n<!-- \/ Yoast SEO plugin. -->","yoast_head_json":{"title":"Miss\u00e3o, Vis\u00e3o e Valores - Somos o caminho que te conecta ao que mais importa!","robots":{"index":"index","follow":"follow","max-snippet":"max-snippet:-1","max-image-preview":"max-image-preview:large","max-video-preview":"max-video-preview:-1"},"canonical":"https:\/\/www.spmar.com.br\/web\/spmar\/missao-visao-e-valores\/","og_locale":"pt_BR","og_type":"article","og_title":"Miss\u00e3o, Vis\u00e3o e Valores - Somos o caminho que te conecta ao que mais importa!","og_description":"MISS\u00c3O Administrar o sistema rodovi\u00e1rio, atendendo nossos usu\u00e1rios com excel\u00eancia, considerando as expectativas dos acionistas, Poder Concedente e contribuindo para o desenvolvimento sustent\u00e1vel do pa\u00eds. &nbsp; &nbsp; VIS\u00c3O Ser refer\u00eancia de modelo de gest\u00e3o rodovi\u00e1ria com foco no atendimento ao usu\u00e1rio. &nbsp; &nbsp; VALORES Transpar\u00eancia: Nas informa\u00e7\u00f5es geradas e disponibilizadas para as partes interessadas. \u00c9tica: [&hellip;]","og_url":"https:\/\/www.spmar.com.br\/web\/spmar\/missao-visao-e-valores\/","og_site_name":"Somos o caminho que te conecta ao que mais importa!","article_publisher":"https:\/\/www.facebook.com\/spmar.rodoanel","article_modified_time":"2024-09-12T18:26:39+00:00","twitter_card":"summary_large_image","twitter_misc":{"Est. tempo de leitura":"1 minuto"},"schema":{"@context":"https:\/\/schema.org","@graph":[{"@type":"WebPage","@id":"https:\/\/www.spmar.com.br\/web\/spmar\/missao-visao-e-valores\/","url":"https:\/\/www.spmar.com.br\/web\/spmar\/missao-visao-e-valores\/","name":"Miss\u00e3o, Vis\u00e3o e Valores - Somos o caminho que te conecta ao que mais importa!","isPartOf":{"@id":"https:\/\/www.spmar.com.br\/web\/#website"},"primaryImageOfPage":{"@id":"https:\/\/www.spmar.com.br\/web\/spmar\/missao-visao-e-valores\/#primaryimage"},"image":{"@id":"https:\/\/www.spmar.com.br\/web\/spmar\/missao-visao-e-valores\/#primaryimage"},"thumbnailUrl":"https:\/\/www.spmar.com.br\/web\/wp-content\/uploads\/2024\/08\/missao-e-valores-scaled.jpg","datePublished":"2017-08-06T02:28:57+00:00","dateModified":"2024-09-12T18:26:39+00:00","breadcrumb":{"@id":"https:\/\/www.spmar.com.br\/web\/spmar\/missao-visao-e-valores\/#breadcrumb"},"inLanguage":"pt-BR","potentialAction":[{"@type":"ReadAction","target":["https:\/\/www.spmar.com.br\/web\/spmar\/missao-visao-e-valores\/"]}]},{"@type":"ImageObject","inLanguage":"pt-BR","@id":"https:\/\/www.spmar.com.br\/web\/spmar\/missao-visao-e-valores\/#primaryimage","url":"https:\/\/www.spmar.com.br\/web\/wp-content\/uploads\/2024\/08\/missao-e-valores-scaled.jpg","contentUrl":"https:\/\/www.spmar.com.br\/web\/wp-content\/uploads\/2024\/08\/missao-e-valores-scaled.jpg","width":2560,"height":1707},{"@type":"BreadcrumbList","@id":"https:\/\/www.spmar.com.br\/web\/spmar\/missao-visao-e-valores\/#breadcrumb","itemListElement":[{"@type":"ListItem","position":1,"name":"Home","item":"https:\/\/www.spmar.com.br\/web\/"},{"@type":"ListItem","position":2,"name":"SPMAR","item":"https:\/\/www.spmar.com.br\/web\/spmar\/"},{"@type":"ListItem","position":3,"name":"Miss\u00e3o, vis\u00e3o e valores"}]},{"@type":"WebSite","@id":"https:\/\/www.spmar.com.br\/web\/#website","url":"https:\/\/www.spmar.com.br\/web\/","name":"SPMAR","description":"A Concession\u00e1ria SPMAR atua na administra\u00e7\u00e3o dos Trechos Sul e Leste do Rodoanel Mario Covas e, com isso,\u00e9 respons\u00e1vel pela gest\u00e3o de 76% do Rodoanel Metropolitano de S\u00e3o Paulo em opera\u00e7\u00e3o.","publisher":{"@id":"https:\/\/www.spmar.com.br\/web\/#organization"},"potentialAction":[{"@type":"SearchAction","target":{"@type":"EntryPoint","urlTemplate":"https:\/\/www.spmar.com.br\/web\/?s={search_term_string}"},"query-input":{"@type":"PropertyValueSpecification","valueRequired":true,"valueName":"search_term_string"}}],"inLanguage":"pt-BR"},{"@type":"Organization","@id":"https:\/\/www.spmar.com.br\/web\/#organization","name":"Concession\u00e1ria SPMAR","url":"https:\/\/www.spmar.com.br\/web\/","logo":{"@type":"ImageObject","inLanguage":"pt-BR","@id":"https:\/\/www.spmar.com.br\/web\/#\/schema\/logo\/image\/","url":"https:\/\/www.spmar.com.br\/web\/wp-content\/uploads\/2017\/11\/logo_H.jpg","contentUrl":"https:\/\/www.spmar.com.br\/web\/wp-content\/uploads\/2017\/11\/logo_H.jpg","width":448,"height":97,"caption":"Concession\u00e1ria SPMAR"},"image":{"@id":"https:\/\/www.spmar.com.br\/web\/#\/schema\/logo\/image\/"},"sameAs":["https:\/\/www.facebook.com\/spmar.rodoanel","https:\/\/www.linkedin.com\/company\/spmarbr\/","https:\/\/www.instagram.com\/spmarbr\/"]}]}},"jetpack_sharing_enabled":true,"_links":{"self":[{"href":"https:\/\/www.spmar.com.br\/web\/wp-json\/wp\/v2\/pages\/24","targetHints":{"allow":["GET"]}}],"collection":[{"href":"https:\/\/www.spmar.com.br\/web\/wp-json\/wp\/v2\/pages"}],"about":[{"href":"https:\/\/www.spmar.com.br\/web\/wp-json\/wp\/v2\/types\/page"}],"author":[{"embeddable":true,"href":"https:\/\/www.spmar.com.br\/web\/wp-json\/wp\/v2\/users\/1"}],"replies":[{"embeddable":true,"href":"https:\/\/www.spmar.com.br\/web\/wp-json\/wp\/v2\/comments?post=24"}],"version-history":[{"count":5,"href":"https:\/\/www.spmar.com.br\/web\/wp-json\/wp\/v2\/pages\/24\/revisions"}],"predecessor-version":[{"id":4815,"href":"https:\/\/www.spmar.com.br\/web\/wp-json\/wp\/v2\/pages\/24\/revisions\/4815"}],"up":[{"embeddable":true,"href":"https:\/\/www.spmar.com.br\/web\/wp-json\/wp\/v2\/pages\/4797"}],"wp:featuredmedia":[{"embeddable":true,"href":"https:\/\/www.spmar.com.br\/web\/wp-json\/wp\/v2\/media\/4169"}],"wp:attachment":[{"href":"https:\/\/www.spmar.com.br\/web\/wp-json\/wp\/v2\/media?parent=24"}],"curies":[{"name":"wp","href":"https:\/\/api.w.org\/{rel}","templated":true}]}}