{"id":22,"date":"2017-08-05T23:28:19","date_gmt":"2017-08-06T02:28:19","guid":{"rendered":"http:\/\/localhost\/?page_id=22"},"modified":"2025-12-12T10:27:21","modified_gmt":"2025-12-12T13:27:21","slug":"a-concessionaria","status":"publish","type":"page","link":"https:\/\/www.spmar.com.br\/web\/institucional\/a-concessionaria\/","title":{"rendered":"A Concession\u00e1ria"},"content":{"rendered":"\t\t<div data-elementor-type=\"wp-page\" data-elementor-id=\"22\" class=\"elementor elementor-22\" data-elementor-post-type=\"page\">\n\t\t\t\t<div class=\"elementor-element elementor-element-2aec6d44 e-flex e-con-boxed e-con e-parent\" data-id=\"2aec6d44\" data-element_type=\"container\" data-e-type=\"container\">\n\t\t\t\t\t<div class=\"e-con-inner\">\n\t\t\t\t<div class=\"elementor-element elementor-element-75da054d elementor-widget elementor-widget-text-editor\" data-id=\"75da054d\" data-element_type=\"widget\" data-e-type=\"widget\" data-widget_type=\"text-editor.default\">\n\t\t\t\t<div class=\"elementor-widget-container\">\n\t\t\t\t\t\t\t\t\t<p>A Concession\u00e1ria SPMAR atua na administra\u00e7\u00e3o dos Trechos Sul e Leste do Rodoanel Mario Covas e, com isso, \u00e9 respons\u00e1vel pela gest\u00e3o de 76% do Rodoanel Metropolitano de S\u00e3o Paulo em opera\u00e7\u00e3o. A SPMAR atua, desde 2011, na administra\u00e7\u00e3o do Trecho Sul e, a partir de 2014, passou a administrar tamb\u00e9m o Trecho Leste, obra constru\u00edda sob sua gest\u00e3o. Atualmente, a concession\u00e1ria tem como maior desafio proporcionar aos usu\u00e1rios do Rodoanel os mais altos padr\u00f5es de qualidade vi\u00e1ria e que, ao mesmo tempo, contribuam para o desenvolvimento sustent\u00e1vel do Brasil.<\/p><h2>TRECHO SUL DO RODOANEL<\/h2><p><img fetchpriority=\"high\" decoding=\"async\" class=\"alignright wp-image-84 size-medium\" src=\"https:\/\/www.spmar.com.br\/web\/wp-content\/uploads\/2017\/08\/rodoanel-204x300.jpg\" alt=\"Rodoanel Sul e Leste\" width=\"204\" height=\"300\" srcset=\"https:\/\/www.spmar.com.br\/web\/wp-content\/uploads\/2017\/08\/rodoanel-204x300.jpg 204w, https:\/\/www.spmar.com.br\/web\/wp-content\/uploads\/2017\/08\/rodoanel.jpg 380w\" sizes=\"(max-width: 204px) 100vw, 204px\" \/><\/p><p>Com 61,4km de extens\u00e3o, o tra\u00e7ado do trecho Sul vai do km 30 ao km 86 do Rodoanel Mario Covas, somando 4 quil\u00f4metros de prolongamento at\u00e9 a Avenida Papa Jo\u00e3o XXIII. Sendo cortado pelas rodovias R\u00e9gis Bittencourt (no entroncamento com o Trecho Oeste) no km 30; Imigrantes no km 70 e Anchieta no km 75, al\u00e9m da Av. Papa Jo\u00e3o XXIII e o Complexo Jacu P\u00eassego, em Mau\u00e1, localizada ap\u00f3s o km 4 do prolongamento do Rodoanel.<\/p><p>A atua\u00e7\u00e3o do trecho Sul vem contribuindo fortemente para a redu\u00e7\u00e3o do movimento de caminh\u00f5es nas Marginais Pinheiros e Tiet\u00ea, que normalmente s\u00e3o utilizadas para chegar \u00e0s rodovias que levam at\u00e9 o Porto de Santos. Ou seja, o Rodoanel colabora para a melhoria do tr\u00e2nsito dentro da cidade de S\u00e3o Paulo e, consequentemente, com a redu\u00e7\u00e3o de manuten\u00e7\u00e3o dessas vias especialmente por conta do peso transportado por esses ve\u00edculos.<\/p><h2>TRECHO LESTE DO RODOANEL<\/h2><p><img decoding=\"async\" class=\"alignright wp-image-4462\" src=\"https:\/\/www.spmar.com.br\/web\/wp-content\/uploads\/2024\/08\/Fotos_Aereas-Rodoanel_Leste_Out_2015_RV-51-9x16-1-e1724160243518-228x300.jpg\" alt=\"\" width=\"204\" height=\"268\" srcset=\"https:\/\/www.spmar.com.br\/web\/wp-content\/uploads\/2024\/08\/Fotos_Aereas-Rodoanel_Leste_Out_2015_RV-51-9x16-1-e1724160243518-228x300.jpg 228w, https:\/\/www.spmar.com.br\/web\/wp-content\/uploads\/2024\/08\/Fotos_Aereas-Rodoanel_Leste_Out_2015_RV-51-9x16-1-e1724160243518-778x1024.jpg 778w, https:\/\/www.spmar.com.br\/web\/wp-content\/uploads\/2024\/08\/Fotos_Aereas-Rodoanel_Leste_Out_2015_RV-51-9x16-1-e1724160243518-768x1011.jpg 768w, https:\/\/www.spmar.com.br\/web\/wp-content\/uploads\/2024\/08\/Fotos_Aereas-Rodoanel_Leste_Out_2015_RV-51-9x16-1-e1724160243518-200x263.jpg 200w, https:\/\/www.spmar.com.br\/web\/wp-content\/uploads\/2024\/08\/Fotos_Aereas-Rodoanel_Leste_Out_2015_RV-51-9x16-1-e1724160243518.jpg 1092w\" sizes=\"(max-width: 204px) 100vw, 204px\" \/><\/p><p>Com 43,8 km de extens\u00e3o, \u00e9 a principal liga\u00e7\u00e3o entre o maior porto do Brasil, em Santos, e o maior aeroporto do Pa\u00eds, localizado em Guarulhos, por conectar o Trecho Sul e o sistema Anchieta\/Imigrantes com a SP 066 e as Rodovias Ayrton Senna e Presidente Dutra. Com o Trecho Leste, a cidade de S\u00e3o Paulo ganha tamb\u00e9m uma alternativa que desafoga o tr\u00e1fego do Corredor Jacu-P\u00eassego, que liga a Zona Leste da Capital \u00e0 regi\u00e3o do ABC. O Trecho Leste passa pelos munic\u00edpios de Aruj\u00e1, Itaquaquecetuba, Mau\u00e1, Po\u00e1, Ribeir\u00e3o Pires e Suzano, promovendo a liga\u00e7\u00e3o entre os munic\u00edpios da regi\u00e3o metropolitana de S\u00e3o Paulo, como o Alto Tiet\u00ea, regi\u00e3o formada por 10 cidades e conhecida como \u201cCintur\u00e3o Verde\u201d do estado.<\/p><p>A SPMAR tem como desafio viabilizar solu\u00e7\u00f5es em infraestrutura que proporcionem aos usu\u00e1rios do Rodoanel os mais altos padr\u00f5es de seguran\u00e7a e que ao mesmo tempo, contribuam para o desenvolvimento sustent\u00e1vel do nosso pa\u00eds.<\/p><p>Confira nosso v\u00eddeo institucional:<\/p><p><iframe src=\"https:\/\/www.youtube.com\/embed\/mgwkWbK9o-o?showinfo=1&amp;modestbranding=1\" width=\"729\" height=\"410\" frameborder=\"0\" allowfullscreen=\"allowfullscreen\"><\/iframe><\/p>\t\t\t\t\t\t\t\t<\/div>\n\t\t\t\t<\/div>\n\t\t\t\t\t<\/div>\n\t\t\t\t<\/div>\n\t\t\t\t<\/div>\n\t\t","protected":false},"excerpt":{"rendered":"<p>A Concession\u00e1ria SPMAR atua na administra\u00e7\u00e3o dos Trechos Sul e Leste do Rodoanel Mario Covas e, com isso, \u00e9 respons\u00e1vel pela gest\u00e3o de 76% do Rodoanel Metropolitano de S\u00e3o Paulo em opera\u00e7\u00e3o. A SPMAR atua, desde 2011, na administra\u00e7\u00e3o do Trecho Sul e, a partir de 2014, passou a administrar tamb\u00e9m o Trecho Leste, obra [&hellip;]<\/p>\n","protected":false},"author":1,"featured_media":3148,"parent":4797,"menu_order":1,"comment_status":"closed","ping_status":"closed","template":"","meta":{"_acf_changed":false,"inline_featured_image":false,"footnotes":""},"class_list":["post-22","page","type-page","status-publish","has-post-thumbnail","hentry"],"acf":[],"yoast_head":"<!-- This site is optimized with the Yoast SEO plugin v27.4 - https:\/\/yoast.com\/product\/yoast-seo-wordpress\/ -->\n<title>A Concession\u00e1ria - Somos o caminho que te conecta ao que mais importa!<\/title>\n<meta name=\"robots\" content=\"index, follow, max-snippet:-1, max-image-preview:large, max-video-preview:-1\" \/>\n<link rel=\"canonical\" href=\"https:\/\/www.spmar.com.br\/web\/institucional\/a-concessionaria\/\" \/>\n<meta property=\"og:locale\" content=\"pt_BR\" \/>\n<meta property=\"og:type\" content=\"article\" \/>\n<meta property=\"og:title\" content=\"A Concession\u00e1ria - Somos o caminho que te conecta ao que mais importa!\" \/>\n<meta property=\"og:description\" content=\"A Concession\u00e1ria SPMAR atua na administra\u00e7\u00e3o dos Trechos Sul e Leste do Rodoanel Mario Covas e, com isso, \u00e9 respons\u00e1vel pela gest\u00e3o de 76% do Rodoanel Metropolitano de S\u00e3o Paulo em opera\u00e7\u00e3o. A SPMAR atua, desde 2011, na administra\u00e7\u00e3o do Trecho Sul e, a partir de 2014, passou a administrar tamb\u00e9m o Trecho Leste, obra [&hellip;]\" \/>\n<meta property=\"og:url\" content=\"https:\/\/www.spmar.com.br\/web\/institucional\/a-concessionaria\/\" \/>\n<meta property=\"og:site_name\" content=\"Somos o caminho que te conecta ao que mais importa!\" \/>\n<meta property=\"article:publisher\" content=\"https:\/\/www.facebook.com\/spmar.rodoanel\" \/>\n<meta property=\"article:modified_time\" content=\"2025-12-12T13:27:21+00:00\" \/>\n<meta property=\"og:image\" content=\"https:\/\/www.spmar.com.br\/web\/wp-content\/uploads\/2023\/06\/Foto_Lagoa4.jpg\" \/>\n\t<meta property=\"og:image:width\" content=\"834\" \/>\n\t<meta property=\"og:image:height\" content=\"381\" \/>\n\t<meta property=\"og:image:type\" content=\"image\/jpeg\" \/>\n<meta name=\"twitter:card\" content=\"summary_large_image\" \/>\n<meta name=\"twitter:label1\" content=\"Est. tempo de leitura\" \/>\n\t<meta name=\"twitter:data1\" content=\"3 minutos\" \/>\n<script type=\"application\/ld+json\" class=\"yoast-schema-graph\">{\"@context\":\"https:\\\/\\\/schema.org\",\"@graph\":[{\"@type\":\"WebPage\",\"@id\":\"https:\\\/\\\/www.spmar.com.br\\\/web\\\/institucional\\\/a-concessionaria\\\/\",\"url\":\"https:\\\/\\\/www.spmar.com.br\\\/web\\\/institucional\\\/a-concessionaria\\\/\",\"name\":\"A Concession\u00e1ria - Somos o caminho que te conecta ao que mais importa!\",\"isPartOf\":{\"@id\":\"https:\\\/\\\/www.spmar.com.br\\\/web\\\/#website\"},\"primaryImageOfPage\":{\"@id\":\"https:\\\/\\\/www.spmar.com.br\\\/web\\\/institucional\\\/a-concessionaria\\\/#primaryimage\"},\"image\":{\"@id\":\"https:\\\/\\\/www.spmar.com.br\\\/web\\\/institucional\\\/a-concessionaria\\\/#primaryimage\"},\"thumbnailUrl\":\"https:\\\/\\\/www.spmar.com.br\\\/web\\\/wp-content\\\/uploads\\\/2023\\\/06\\\/Foto_Lagoa4.jpg\",\"datePublished\":\"2017-08-06T02:28:19+00:00\",\"dateModified\":\"2025-12-12T13:27:21+00:00\",\"breadcrumb\":{\"@id\":\"https:\\\/\\\/www.spmar.com.br\\\/web\\\/institucional\\\/a-concessionaria\\\/#breadcrumb\"},\"inLanguage\":\"pt-BR\",\"potentialAction\":[{\"@type\":\"ReadAction\",\"target\":[\"https:\\\/\\\/www.spmar.com.br\\\/web\\\/institucional\\\/a-concessionaria\\\/\"]}]},{\"@type\":\"ImageObject\",\"inLanguage\":\"pt-BR\",\"@id\":\"https:\\\/\\\/www.spmar.com.br\\\/web\\\/institucional\\\/a-concessionaria\\\/#primaryimage\",\"url\":\"https:\\\/\\\/www.spmar.com.br\\\/web\\\/wp-content\\\/uploads\\\/2023\\\/06\\\/Foto_Lagoa4.jpg\",\"contentUrl\":\"https:\\\/\\\/www.spmar.com.br\\\/web\\\/wp-content\\\/uploads\\\/2023\\\/06\\\/Foto_Lagoa4.jpg\",\"width\":834,\"height\":381},{\"@type\":\"BreadcrumbList\",\"@id\":\"https:\\\/\\\/www.spmar.com.br\\\/web\\\/institucional\\\/a-concessionaria\\\/#breadcrumb\",\"itemListElement\":[{\"@type\":\"ListItem\",\"position\":1,\"name\":\"Home\",\"item\":\"https:\\\/\\\/www.spmar.com.br\\\/web\\\/\"},{\"@type\":\"ListItem\",\"position\":2,\"name\":\"Institucional\",\"item\":\"https:\\\/\\\/www.spmar.com.br\\\/web\\\/institucional\\\/\"},{\"@type\":\"ListItem\",\"position\":3,\"name\":\"A Concession\u00e1ria\"}]},{\"@type\":\"WebSite\",\"@id\":\"https:\\\/\\\/www.spmar.com.br\\\/web\\\/#website\",\"url\":\"https:\\\/\\\/www.spmar.com.br\\\/web\\\/\",\"name\":\"SPMAR\",\"description\":\"A Concession\u00e1ria SPMAR atua na administra\u00e7\u00e3o dos Trechos Sul e Leste do Rodoanel Mario Covas e, com isso,\u00e9 respons\u00e1vel pela gest\u00e3o de 76% do Rodoanel Metropolitano de S\u00e3o Paulo em opera\u00e7\u00e3o.\",\"publisher\":{\"@id\":\"https:\\\/\\\/www.spmar.com.br\\\/web\\\/#organization\"},\"potentialAction\":[{\"@type\":\"SearchAction\",\"target\":{\"@type\":\"EntryPoint\",\"urlTemplate\":\"https:\\\/\\\/www.spmar.com.br\\\/web\\\/?s={search_term_string}\"},\"query-input\":{\"@type\":\"PropertyValueSpecification\",\"valueRequired\":true,\"valueName\":\"search_term_string\"}}],\"inLanguage\":\"pt-BR\"},{\"@type\":\"Organization\",\"@id\":\"https:\\\/\\\/www.spmar.com.br\\\/web\\\/#organization\",\"name\":\"Concession\u00e1ria SPMAR\",\"url\":\"https:\\\/\\\/www.spmar.com.br\\\/web\\\/\",\"logo\":{\"@type\":\"ImageObject\",\"inLanguage\":\"pt-BR\",\"@id\":\"https:\\\/\\\/www.spmar.com.br\\\/web\\\/#\\\/schema\\\/logo\\\/image\\\/\",\"url\":\"https:\\\/\\\/www.spmar.com.br\\\/web\\\/wp-content\\\/uploads\\\/2017\\\/11\\\/logo_H.jpg\",\"contentUrl\":\"https:\\\/\\\/www.spmar.com.br\\\/web\\\/wp-content\\\/uploads\\\/2017\\\/11\\\/logo_H.jpg\",\"width\":448,\"height\":97,\"caption\":\"Concession\u00e1ria SPMAR\"},\"image\":{\"@id\":\"https:\\\/\\\/www.spmar.com.br\\\/web\\\/#\\\/schema\\\/logo\\\/image\\\/\"},\"sameAs\":[\"https:\\\/\\\/www.facebook.com\\\/spmar.rodoanel\",\"https:\\\/\\\/www.linkedin.com\\\/company\\\/spmarbr\\\/\",\"https:\\\/\\\/www.instagram.com\\\/spmarbr\\\/\"]}]}<\/script>\n<!-- \/ Yoast SEO plugin. -->","yoast_head_json":{"title":"A Concession\u00e1ria - Somos o caminho que te conecta ao que mais importa!","robots":{"index":"index","follow":"follow","max-snippet":"max-snippet:-1","max-image-preview":"max-image-preview:large","max-video-preview":"max-video-preview:-1"},"canonical":"https:\/\/www.spmar.com.br\/web\/institucional\/a-concessionaria\/","og_locale":"pt_BR","og_type":"article","og_title":"A Concession\u00e1ria - Somos o caminho que te conecta ao que mais importa!","og_description":"A Concession\u00e1ria SPMAR atua na administra\u00e7\u00e3o dos Trechos Sul e Leste do Rodoanel Mario Covas e, com isso, \u00e9 respons\u00e1vel pela gest\u00e3o de 76% do Rodoanel Metropolitano de S\u00e3o Paulo em opera\u00e7\u00e3o. A SPMAR atua, desde 2011, na administra\u00e7\u00e3o do Trecho Sul e, a partir de 2014, passou a administrar tamb\u00e9m o Trecho Leste, obra [&hellip;]","og_url":"https:\/\/www.spmar.com.br\/web\/institucional\/a-concessionaria\/","og_site_name":"Somos o caminho que te conecta ao que mais importa!","article_publisher":"https:\/\/www.facebook.com\/spmar.rodoanel","article_modified_time":"2025-12-12T13:27:21+00:00","og_image":[{"width":834,"height":381,"url":"https:\/\/www.spmar.com.br\/web\/wp-content\/uploads\/2023\/06\/Foto_Lagoa4.jpg","type":"image\/jpeg"}],"twitter_card":"summary_large_image","twitter_misc":{"Est. tempo de leitura":"3 minutos"},"schema":{"@context":"https:\/\/schema.org","@graph":[{"@type":"WebPage","@id":"https:\/\/www.spmar.com.br\/web\/institucional\/a-concessionaria\/","url":"https:\/\/www.spmar.com.br\/web\/institucional\/a-concessionaria\/","name":"A Concession\u00e1ria - Somos o caminho que te conecta ao que mais importa!","isPartOf":{"@id":"https:\/\/www.spmar.com.br\/web\/#website"},"primaryImageOfPage":{"@id":"https:\/\/www.spmar.com.br\/web\/institucional\/a-concessionaria\/#primaryimage"},"image":{"@id":"https:\/\/www.spmar.com.br\/web\/institucional\/a-concessionaria\/#primaryimage"},"thumbnailUrl":"https:\/\/www.spmar.com.br\/web\/wp-content\/uploads\/2023\/06\/Foto_Lagoa4.jpg","datePublished":"2017-08-06T02:28:19+00:00","dateModified":"2025-12-12T13:27:21+00:00","breadcrumb":{"@id":"https:\/\/www.spmar.com.br\/web\/institucional\/a-concessionaria\/#breadcrumb"},"inLanguage":"pt-BR","potentialAction":[{"@type":"ReadAction","target":["https:\/\/www.spmar.com.br\/web\/institucional\/a-concessionaria\/"]}]},{"@type":"ImageObject","inLanguage":"pt-BR","@id":"https:\/\/www.spmar.com.br\/web\/institucional\/a-concessionaria\/#primaryimage","url":"https:\/\/www.spmar.com.br\/web\/wp-content\/uploads\/2023\/06\/Foto_Lagoa4.jpg","contentUrl":"https:\/\/www.spmar.com.br\/web\/wp-content\/uploads\/2023\/06\/Foto_Lagoa4.jpg","width":834,"height":381},{"@type":"BreadcrumbList","@id":"https:\/\/www.spmar.com.br\/web\/institucional\/a-concessionaria\/#breadcrumb","itemListElement":[{"@type":"ListItem","position":1,"name":"Home","item":"https:\/\/www.spmar.com.br\/web\/"},{"@type":"ListItem","position":2,"name":"Institucional","item":"https:\/\/www.spmar.com.br\/web\/institucional\/"},{"@type":"ListItem","position":3,"name":"A Concession\u00e1ria"}]},{"@type":"WebSite","@id":"https:\/\/www.spmar.com.br\/web\/#website","url":"https:\/\/www.spmar.com.br\/web\/","name":"SPMAR","description":"A Concession\u00e1ria SPMAR atua na administra\u00e7\u00e3o dos Trechos Sul e Leste do Rodoanel Mario Covas e, com isso,\u00e9 respons\u00e1vel pela gest\u00e3o de 76% do Rodoanel Metropolitano de S\u00e3o Paulo em opera\u00e7\u00e3o.","publisher":{"@id":"https:\/\/www.spmar.com.br\/web\/#organization"},"potentialAction":[{"@type":"SearchAction","target":{"@type":"EntryPoint","urlTemplate":"https:\/\/www.spmar.com.br\/web\/?s={search_term_string}"},"query-input":{"@type":"PropertyValueSpecification","valueRequired":true,"valueName":"search_term_string"}}],"inLanguage":"pt-BR"},{"@type":"Organization","@id":"https:\/\/www.spmar.com.br\/web\/#organization","name":"Concession\u00e1ria SPMAR","url":"https:\/\/www.spmar.com.br\/web\/","logo":{"@type":"ImageObject","inLanguage":"pt-BR","@id":"https:\/\/www.spmar.com.br\/web\/#\/schema\/logo\/image\/","url":"https:\/\/www.spmar.com.br\/web\/wp-content\/uploads\/2017\/11\/logo_H.jpg","contentUrl":"https:\/\/www.spmar.com.br\/web\/wp-content\/uploads\/2017\/11\/logo_H.jpg","width":448,"height":97,"caption":"Concession\u00e1ria SPMAR"},"image":{"@id":"https:\/\/www.spmar.com.br\/web\/#\/schema\/logo\/image\/"},"sameAs":["https:\/\/www.facebook.com\/spmar.rodoanel","https:\/\/www.linkedin.com\/company\/spmarbr\/","https:\/\/www.instagram.com\/spmarbr\/"]}]}},"jetpack_sharing_enabled":true,"_links":{"self":[{"href":"https:\/\/www.spmar.com.br\/web\/wp-json\/wp\/v2\/pages\/22","targetHints":{"allow":["GET"]}}],"collection":[{"href":"https:\/\/www.spmar.com.br\/web\/wp-json\/wp\/v2\/pages"}],"about":[{"href":"https:\/\/www.spmar.com.br\/web\/wp-json\/wp\/v2\/types\/page"}],"author":[{"embeddable":true,"href":"https:\/\/www.spmar.com.br\/web\/wp-json\/wp\/v2\/users\/1"}],"replies":[{"embeddable":true,"href":"https:\/\/www.spmar.com.br\/web\/wp-json\/wp\/v2\/comments?post=22"}],"version-history":[{"count":53,"href":"https:\/\/www.spmar.com.br\/web\/wp-json\/wp\/v2\/pages\/22\/revisions"}],"predecessor-version":[{"id":5481,"href":"https:\/\/www.spmar.com.br\/web\/wp-json\/wp\/v2\/pages\/22\/revisions\/5481"}],"up":[{"embeddable":true,"href":"https:\/\/www.spmar.com.br\/web\/wp-json\/wp\/v2\/pages\/4797"}],"wp:featuredmedia":[{"embeddable":true,"href":"https:\/\/www.spmar.com.br\/web\/wp-json\/wp\/v2\/media\/3148"}],"wp:attachment":[{"href":"https:\/\/www.spmar.com.br\/web\/wp-json\/wp\/v2\/media?parent=22"}],"curies":[{"name":"wp","href":"https:\/\/api.w.org\/{rel}","templated":true}]}}