{"id":1794,"date":"2019-10-18T16:12:25","date_gmt":"2019-10-18T19:12:25","guid":{"rendered":"https:\/\/www.spmar.com.br\/web\/?page_id=1794"},"modified":"2024-09-10T11:41:10","modified_gmt":"2024-09-10T14:41:10","slug":"programa-de-integridade","status":"publish","type":"page","link":"https:\/\/www.spmar.com.br\/web\/institucional\/programa-de-integridade\/","title":{"rendered":"Programa de Integridade"},"content":{"rendered":"\t\t<div data-elementor-type=\"wp-page\" data-elementor-id=\"1794\" class=\"elementor elementor-1794\" data-elementor-post-type=\"page\">\n\t\t\t\t<div class=\"elementor-element elementor-element-14c7a72 e-flex e-con-boxed e-con e-parent\" data-id=\"14c7a72\" data-element_type=\"container\" data-e-type=\"container\">\n\t\t\t\t\t<div class=\"e-con-inner\">\n\t\t\t\t<div class=\"elementor-element elementor-element-71a2ef70 elementor-widget elementor-widget-text-editor\" data-id=\"71a2ef70\" data-element_type=\"widget\" data-e-type=\"widget\" data-widget_type=\"text-editor.default\">\n\t\t\t\t<div class=\"elementor-widget-container\">\n\t\t\t\t\t\t\t\t\t<p><img decoding=\"async\" class=\"aligncenter wp-image-1834 size-medium\" src=\"https:\/\/www.spmar.com.br\/web\/wp-content\/uploads\/2019\/11\/logo_compliance-300x102.jpg\" alt=\"\" width=\"300\" height=\"102\" srcset=\"https:\/\/www.spmar.com.br\/web\/wp-content\/uploads\/2019\/11\/logo_compliance-300x102.jpg 300w, https:\/\/www.spmar.com.br\/web\/wp-content\/uploads\/2019\/11\/logo_compliance-768x261.jpg 768w, https:\/\/www.spmar.com.br\/web\/wp-content\/uploads\/2019\/11\/logo_compliance-1024x349.jpg 1024w, https:\/\/www.spmar.com.br\/web\/wp-content\/uploads\/2019\/11\/logo_compliance-211x72.jpg 211w\" sizes=\"(max-width: 300px) 100vw, 300px\" \/><\/p><p>\u00a0<\/p><p>Programa de Integridade da SPMar: Compromisso com a \u00c9tica e Transpar\u00eancia<\/p><p>Na SPMar, acreditamos que o combate \u00e0 corrup\u00e7\u00e3o \u00e9 uma das maiores batalhas dos nossos tempos, e estamos totalmente comprometidos com essa causa. A corrup\u00e7\u00e3o tem efeitos devastadores, prejudicando a confian\u00e7a dos investidores, o desenvolvimento sustent\u00e1vel dos neg\u00f3cios e, em \u00faltima an\u00e1lise, afetando toda a sociedade.<\/p><p>Em resposta a esse desafio, a SPMar possui um robusto Programa de Integridade (ou Programa de Compliance), alinhado com as melhores pr\u00e1ticas do mercado. Esse programa tem como objetivo principal garantir que todas as nossas opera\u00e7\u00f5es sejam conduzidas com transpar\u00eancia, \u00e9tica e respeito \u00e0s leis.<\/p><p>Na SPMar, a integridade n\u00e3o \u00e9 apenas uma vantagem competitiva, mas um compromisso claro com a governan\u00e7a respons\u00e1vel. Estamos determinados a promover um ambiente de neg\u00f3cios limpo, justo e transparente, que resulte em servi\u00e7os de qualidade para a sociedade, livres de qualquer forma de corrup\u00e7\u00e3o.<\/p><p>Nosso Programa de Integridade foi desenvolvido com o apoio de especialistas no assunto, garantindo que nossa concess\u00e3o adote as melhores pr\u00e1ticas de \u00e9tica corporativa. Adotamos uma pol\u00edtica de &#8220;toler\u00e2ncia zero&#8221; para qualquer desvio de conduta ou ilegalidade identificada.<\/p><p>Contamos com a colabora\u00e7\u00e3o de todos para tornar a SPMar uma empresa ainda mais \u00e9tica e \u00edntegra em todas as suas a\u00e7\u00f5es. Juntos, faremos da SPMar um exemplo de transpar\u00eancia e honestidade no setor.<\/p>\t\t\t\t\t\t\t\t<\/div>\n\t\t\t\t<\/div>\n\t\t<div class=\"elementor-element elementor-element-fbdf59d e-con-full e-flex e-con e-child\" data-id=\"fbdf59d\" data-element_type=\"container\" data-e-type=\"container\">\n\t\t\t\t<div class=\"elementor-element elementor-element-c9cda7b elementor-mobile-align-justify elementor-widget-mobile__width-auto elementor-tablet-align-justify elementor-align-justify elementor-widget__width-inherit elementor-widget elementor-widget-button\" data-id=\"c9cda7b\" data-element_type=\"widget\" data-e-type=\"widget\" data-widget_type=\"button.default\">\n\t\t\t\t<div class=\"elementor-widget-container\">\n\t\t\t\t\t\t\t\t\t<div class=\"elementor-button-wrapper\">\n\t\t\t\t\t<a class=\"elementor-button elementor-button-link elementor-size-sm\" href=\"https:\/\/www.spmar.com.br\/web\/compliance\/codigo-de-etica\/\" target=\"_blank\">\n\t\t\t\t\t\t<span class=\"elementor-button-content-wrapper\">\n\t\t\t\t\t\t\t\t\t<span class=\"elementor-button-text\">C\u00f3digo de Conduta \u00c9tica<\/span>\n\t\t\t\t\t<\/span>\n\t\t\t\t\t<\/a>\n\t\t\t\t<\/div>\n\t\t\t\t\t\t\t\t<\/div>\n\t\t\t\t<\/div>\n\t\t\t\t<div class=\"elementor-element elementor-element-48dafa4 elementor-mobile-align-justify elementor-widget-mobile__width-auto elementor-tablet-align-justify elementor-align-justify elementor-widget__width-inherit elementor-widget elementor-widget-button\" data-id=\"48dafa4\" data-element_type=\"widget\" data-e-type=\"widget\" data-widget_type=\"button.default\">\n\t\t\t\t<div class=\"elementor-widget-container\">\n\t\t\t\t\t\t\t\t\t<div class=\"elementor-button-wrapper\">\n\t\t\t\t\t<a class=\"elementor-button elementor-button-link elementor-size-sm\" href=\"https:\/\/canal.ouvidordigital.com.br\/spmar\" target=\"_blank\">\n\t\t\t\t\t\t<span class=\"elementor-button-content-wrapper\">\n\t\t\t\t\t\t\t\t\t<span class=\"elementor-button-text\">Canal Confidencial de Den\u00fancias<\/span>\n\t\t\t\t\t<\/span>\n\t\t\t\t\t<\/a>\n\t\t\t\t<\/div>\n\t\t\t\t\t\t\t\t<\/div>\n\t\t\t\t<\/div>\n\t\t\t\t<\/div>\n\t\t\t\t\t<\/div>\n\t\t\t\t<\/div>\n\t\t\t\t<\/div>\n\t\t","protected":false},"excerpt":{"rendered":"<p>\u00a0 Programa de Integridade da SPMar: Compromisso com a \u00c9tica e Transpar\u00eancia Na SPMar, acreditamos que o combate \u00e0 corrup\u00e7\u00e3o \u00e9 uma das maiores batalhas dos nossos tempos, e estamos totalmente comprometidos com essa causa. A corrup\u00e7\u00e3o tem efeitos devastadores, prejudicando a confian\u00e7a dos investidores, o desenvolvimento sustent\u00e1vel dos neg\u00f3cios e, em \u00faltima an\u00e1lise, afetando [&hellip;]<\/p>\n","protected":false},"author":1,"featured_media":0,"parent":4797,"menu_order":5,"comment_status":"closed","ping_status":"closed","template":"","meta":{"_acf_changed":false,"inline_featured_image":false,"footnotes":""},"class_list":["post-1794","page","type-page","status-publish","hentry"],"acf":[],"yoast_head":"<!-- This site is optimized with the Yoast SEO plugin v27.4 - https:\/\/yoast.com\/product\/yoast-seo-wordpress\/ -->\n<title>Programa de Integridade - Somos o caminho que te conecta ao que mais importa!<\/title>\n<meta name=\"robots\" content=\"index, follow, max-snippet:-1, max-image-preview:large, max-video-preview:-1\" \/>\n<link rel=\"canonical\" href=\"https:\/\/www.spmar.com.br\/web\/compliance\/programa-de-integridade\/\" \/>\n<meta property=\"og:locale\" content=\"pt_BR\" \/>\n<meta property=\"og:type\" content=\"article\" \/>\n<meta property=\"og:title\" content=\"Programa de Integridade - Somos o caminho que te conecta ao que mais importa!\" \/>\n<meta property=\"og:description\" content=\"\u00a0 Programa de Integridade da SPMar: Compromisso com a \u00c9tica e Transpar\u00eancia Na SPMar, acreditamos que o combate \u00e0 corrup\u00e7\u00e3o \u00e9 uma das maiores batalhas dos nossos tempos, e estamos totalmente comprometidos com essa causa. A corrup\u00e7\u00e3o tem efeitos devastadores, prejudicando a confian\u00e7a dos investidores, o desenvolvimento sustent\u00e1vel dos neg\u00f3cios e, em \u00faltima an\u00e1lise, afetando [&hellip;]\" \/>\n<meta property=\"og:url\" content=\"https:\/\/www.spmar.com.br\/web\/compliance\/programa-de-integridade\/\" \/>\n<meta property=\"og:site_name\" content=\"Somos o caminho que te conecta ao que mais importa!\" \/>\n<meta property=\"article:publisher\" content=\"https:\/\/www.facebook.com\/spmar.rodoanel\" \/>\n<meta property=\"article:modified_time\" content=\"2024-09-10T14:41:10+00:00\" \/>\n<meta property=\"og:image\" content=\"https:\/\/www.spmar.com.br\/web\/wp-content\/uploads\/2019\/11\/logo_compliance-300x102.jpg\" \/>\n<meta name=\"twitter:card\" content=\"summary_large_image\" \/>\n<meta name=\"twitter:label1\" content=\"Est. tempo de leitura\" \/>\n\t<meta name=\"twitter:data1\" content=\"2 minutos\" \/>\n<script type=\"application\/ld+json\" class=\"yoast-schema-graph\">{\"@context\":\"https:\\\/\\\/schema.org\",\"@graph\":[{\"@type\":\"WebPage\",\"@id\":\"https:\\\/\\\/www.spmar.com.br\\\/web\\\/compliance\\\/programa-de-integridade\\\/\",\"url\":\"https:\\\/\\\/www.spmar.com.br\\\/web\\\/compliance\\\/programa-de-integridade\\\/\",\"name\":\"Programa de Integridade - Somos o caminho que te conecta ao que mais importa!\",\"isPartOf\":{\"@id\":\"https:\\\/\\\/www.spmar.com.br\\\/web\\\/#website\"},\"primaryImageOfPage\":{\"@id\":\"https:\\\/\\\/www.spmar.com.br\\\/web\\\/compliance\\\/programa-de-integridade\\\/#primaryimage\"},\"image\":{\"@id\":\"https:\\\/\\\/www.spmar.com.br\\\/web\\\/compliance\\\/programa-de-integridade\\\/#primaryimage\"},\"thumbnailUrl\":\"https:\\\/\\\/www.spmar.com.br\\\/web\\\/wp-content\\\/uploads\\\/2019\\\/11\\\/logo_compliance-300x102.jpg\",\"datePublished\":\"2019-10-18T19:12:25+00:00\",\"dateModified\":\"2024-09-10T14:41:10+00:00\",\"breadcrumb\":{\"@id\":\"https:\\\/\\\/www.spmar.com.br\\\/web\\\/compliance\\\/programa-de-integridade\\\/#breadcrumb\"},\"inLanguage\":\"pt-BR\",\"potentialAction\":[{\"@type\":\"ReadAction\",\"target\":[\"https:\\\/\\\/www.spmar.com.br\\\/web\\\/compliance\\\/programa-de-integridade\\\/\"]}]},{\"@type\":\"ImageObject\",\"inLanguage\":\"pt-BR\",\"@id\":\"https:\\\/\\\/www.spmar.com.br\\\/web\\\/compliance\\\/programa-de-integridade\\\/#primaryimage\",\"url\":\"https:\\\/\\\/www.spmar.com.br\\\/web\\\/wp-content\\\/uploads\\\/2019\\\/11\\\/logo_compliance.jpg\",\"contentUrl\":\"https:\\\/\\\/www.spmar.com.br\\\/web\\\/wp-content\\\/uploads\\\/2019\\\/11\\\/logo_compliance.jpg\",\"width\":3308,\"height\":1126},{\"@type\":\"BreadcrumbList\",\"@id\":\"https:\\\/\\\/www.spmar.com.br\\\/web\\\/compliance\\\/programa-de-integridade\\\/#breadcrumb\",\"itemListElement\":[{\"@type\":\"ListItem\",\"position\":1,\"name\":\"Home\",\"item\":\"https:\\\/\\\/www.spmar.com.br\\\/web\\\/\"},{\"@type\":\"ListItem\",\"position\":2,\"name\":\"COMPLIANCE\",\"item\":\"https:\\\/\\\/www.spmar.com.br\\\/web\\\/compliance\\\/\"},{\"@type\":\"ListItem\",\"position\":3,\"name\":\"Programa de Integridade\"}]},{\"@type\":\"WebSite\",\"@id\":\"https:\\\/\\\/www.spmar.com.br\\\/web\\\/#website\",\"url\":\"https:\\\/\\\/www.spmar.com.br\\\/web\\\/\",\"name\":\"SPMAR\",\"description\":\"A Concession\u00e1ria SPMAR atua na administra\u00e7\u00e3o dos Trechos Sul e Leste do Rodoanel Mario Covas e, com isso,\u00e9 respons\u00e1vel pela gest\u00e3o de 76% do Rodoanel Metropolitano de S\u00e3o Paulo em opera\u00e7\u00e3o.\",\"publisher\":{\"@id\":\"https:\\\/\\\/www.spmar.com.br\\\/web\\\/#organization\"},\"potentialAction\":[{\"@type\":\"SearchAction\",\"target\":{\"@type\":\"EntryPoint\",\"urlTemplate\":\"https:\\\/\\\/www.spmar.com.br\\\/web\\\/?s={search_term_string}\"},\"query-input\":{\"@type\":\"PropertyValueSpecification\",\"valueRequired\":true,\"valueName\":\"search_term_string\"}}],\"inLanguage\":\"pt-BR\"},{\"@type\":\"Organization\",\"@id\":\"https:\\\/\\\/www.spmar.com.br\\\/web\\\/#organization\",\"name\":\"Concession\u00e1ria SPMAR\",\"url\":\"https:\\\/\\\/www.spmar.com.br\\\/web\\\/\",\"logo\":{\"@type\":\"ImageObject\",\"inLanguage\":\"pt-BR\",\"@id\":\"https:\\\/\\\/www.spmar.com.br\\\/web\\\/#\\\/schema\\\/logo\\\/image\\\/\",\"url\":\"https:\\\/\\\/www.spmar.com.br\\\/web\\\/wp-content\\\/uploads\\\/2017\\\/11\\\/logo_H.jpg\",\"contentUrl\":\"https:\\\/\\\/www.spmar.com.br\\\/web\\\/wp-content\\\/uploads\\\/2017\\\/11\\\/logo_H.jpg\",\"width\":448,\"height\":97,\"caption\":\"Concession\u00e1ria SPMAR\"},\"image\":{\"@id\":\"https:\\\/\\\/www.spmar.com.br\\\/web\\\/#\\\/schema\\\/logo\\\/image\\\/\"},\"sameAs\":[\"https:\\\/\\\/www.facebook.com\\\/spmar.rodoanel\",\"https:\\\/\\\/www.linkedin.com\\\/company\\\/spmarbr\\\/\",\"https:\\\/\\\/www.instagram.com\\\/spmarbr\\\/\"]}]}<\/script>\n<!-- \/ Yoast SEO plugin. -->","yoast_head_json":{"title":"Programa de Integridade - Somos o caminho que te conecta ao que mais importa!","robots":{"index":"index","follow":"follow","max-snippet":"max-snippet:-1","max-image-preview":"max-image-preview:large","max-video-preview":"max-video-preview:-1"},"canonical":"https:\/\/www.spmar.com.br\/web\/compliance\/programa-de-integridade\/","og_locale":"pt_BR","og_type":"article","og_title":"Programa de Integridade - Somos o caminho que te conecta ao que mais importa!","og_description":"\u00a0 Programa de Integridade da SPMar: Compromisso com a \u00c9tica e Transpar\u00eancia Na SPMar, acreditamos que o combate \u00e0 corrup\u00e7\u00e3o \u00e9 uma das maiores batalhas dos nossos tempos, e estamos totalmente comprometidos com essa causa. A corrup\u00e7\u00e3o tem efeitos devastadores, prejudicando a confian\u00e7a dos investidores, o desenvolvimento sustent\u00e1vel dos neg\u00f3cios e, em \u00faltima an\u00e1lise, afetando [&hellip;]","og_url":"https:\/\/www.spmar.com.br\/web\/compliance\/programa-de-integridade\/","og_site_name":"Somos o caminho que te conecta ao que mais importa!","article_publisher":"https:\/\/www.facebook.com\/spmar.rodoanel","article_modified_time":"2024-09-10T14:41:10+00:00","og_image":[{"url":"https:\/\/www.spmar.com.br\/web\/wp-content\/uploads\/2019\/11\/logo_compliance-300x102.jpg","type":"","width":"","height":""}],"twitter_card":"summary_large_image","twitter_misc":{"Est. tempo de leitura":"2 minutos"},"schema":{"@context":"https:\/\/schema.org","@graph":[{"@type":"WebPage","@id":"https:\/\/www.spmar.com.br\/web\/compliance\/programa-de-integridade\/","url":"https:\/\/www.spmar.com.br\/web\/compliance\/programa-de-integridade\/","name":"Programa de Integridade - Somos o caminho que te conecta ao que mais importa!","isPartOf":{"@id":"https:\/\/www.spmar.com.br\/web\/#website"},"primaryImageOfPage":{"@id":"https:\/\/www.spmar.com.br\/web\/compliance\/programa-de-integridade\/#primaryimage"},"image":{"@id":"https:\/\/www.spmar.com.br\/web\/compliance\/programa-de-integridade\/#primaryimage"},"thumbnailUrl":"https:\/\/www.spmar.com.br\/web\/wp-content\/uploads\/2019\/11\/logo_compliance-300x102.jpg","datePublished":"2019-10-18T19:12:25+00:00","dateModified":"2024-09-10T14:41:10+00:00","breadcrumb":{"@id":"https:\/\/www.spmar.com.br\/web\/compliance\/programa-de-integridade\/#breadcrumb"},"inLanguage":"pt-BR","potentialAction":[{"@type":"ReadAction","target":["https:\/\/www.spmar.com.br\/web\/compliance\/programa-de-integridade\/"]}]},{"@type":"ImageObject","inLanguage":"pt-BR","@id":"https:\/\/www.spmar.com.br\/web\/compliance\/programa-de-integridade\/#primaryimage","url":"https:\/\/www.spmar.com.br\/web\/wp-content\/uploads\/2019\/11\/logo_compliance.jpg","contentUrl":"https:\/\/www.spmar.com.br\/web\/wp-content\/uploads\/2019\/11\/logo_compliance.jpg","width":3308,"height":1126},{"@type":"BreadcrumbList","@id":"https:\/\/www.spmar.com.br\/web\/compliance\/programa-de-integridade\/#breadcrumb","itemListElement":[{"@type":"ListItem","position":1,"name":"Home","item":"https:\/\/www.spmar.com.br\/web\/"},{"@type":"ListItem","position":2,"name":"COMPLIANCE","item":"https:\/\/www.spmar.com.br\/web\/compliance\/"},{"@type":"ListItem","position":3,"name":"Programa de Integridade"}]},{"@type":"WebSite","@id":"https:\/\/www.spmar.com.br\/web\/#website","url":"https:\/\/www.spmar.com.br\/web\/","name":"SPMAR","description":"A Concession\u00e1ria SPMAR atua na administra\u00e7\u00e3o dos Trechos Sul e Leste do Rodoanel Mario Covas e, com isso,\u00e9 respons\u00e1vel pela gest\u00e3o de 76% do Rodoanel Metropolitano de S\u00e3o Paulo em opera\u00e7\u00e3o.","publisher":{"@id":"https:\/\/www.spmar.com.br\/web\/#organization"},"potentialAction":[{"@type":"SearchAction","target":{"@type":"EntryPoint","urlTemplate":"https:\/\/www.spmar.com.br\/web\/?s={search_term_string}"},"query-input":{"@type":"PropertyValueSpecification","valueRequired":true,"valueName":"search_term_string"}}],"inLanguage":"pt-BR"},{"@type":"Organization","@id":"https:\/\/www.spmar.com.br\/web\/#organization","name":"Concession\u00e1ria SPMAR","url":"https:\/\/www.spmar.com.br\/web\/","logo":{"@type":"ImageObject","inLanguage":"pt-BR","@id":"https:\/\/www.spmar.com.br\/web\/#\/schema\/logo\/image\/","url":"https:\/\/www.spmar.com.br\/web\/wp-content\/uploads\/2017\/11\/logo_H.jpg","contentUrl":"https:\/\/www.spmar.com.br\/web\/wp-content\/uploads\/2017\/11\/logo_H.jpg","width":448,"height":97,"caption":"Concession\u00e1ria SPMAR"},"image":{"@id":"https:\/\/www.spmar.com.br\/web\/#\/schema\/logo\/image\/"},"sameAs":["https:\/\/www.facebook.com\/spmar.rodoanel","https:\/\/www.linkedin.com\/company\/spmarbr\/","https:\/\/www.instagram.com\/spmarbr\/"]}]}},"jetpack_sharing_enabled":true,"_links":{"self":[{"href":"https:\/\/www.spmar.com.br\/web\/wp-json\/wp\/v2\/pages\/1794","targetHints":{"allow":["GET"]}}],"collection":[{"href":"https:\/\/www.spmar.com.br\/web\/wp-json\/wp\/v2\/pages"}],"about":[{"href":"https:\/\/www.spmar.com.br\/web\/wp-json\/wp\/v2\/types\/page"}],"author":[{"embeddable":true,"href":"https:\/\/www.spmar.com.br\/web\/wp-json\/wp\/v2\/users\/1"}],"replies":[{"embeddable":true,"href":"https:\/\/www.spmar.com.br\/web\/wp-json\/wp\/v2\/comments?post=1794"}],"version-history":[{"count":24,"href":"https:\/\/www.spmar.com.br\/web\/wp-json\/wp\/v2\/pages\/1794\/revisions"}],"predecessor-version":[{"id":4693,"href":"https:\/\/www.spmar.com.br\/web\/wp-json\/wp\/v2\/pages\/1794\/revisions\/4693"}],"up":[{"embeddable":true,"href":"https:\/\/www.spmar.com.br\/web\/wp-json\/wp\/v2\/pages\/4797"}],"wp:attachment":[{"href":"https:\/\/www.spmar.com.br\/web\/wp-json\/wp\/v2\/media?parent=1794"}],"curies":[{"name":"wp","href":"https:\/\/api.w.org\/{rel}","templated":true}]}}