{"id":174,"date":"2017-08-08T10:58:29","date_gmt":"2017-08-08T13:58:29","guid":{"rendered":"http:\/\/spmar.crpweb.com.br\/?page_id=174"},"modified":"2024-09-12T15:28:32","modified_gmt":"2024-09-12T18:28:32","slug":"socorro-medico","status":"publish","type":"page","link":"https:\/\/www.spmar.com.br\/web\/servicos\/socorro-medico\/","title":{"rendered":"Socorro M\u00e9dico"},"content":{"rendered":"<h2>Socorro M\u00e9dico<\/h2>\n<p>&nbsp;<\/p>\n<p>O motorista que passa pelos trechos Sul e Leste do Rodoanel conta com o apoio de 5 (cinco) ambul\u00e2ncias, sendo uma unidade avan\u00e7ada com UTI que realiza o servi\u00e7o pr\u00e9-hospitalar. A equipe de socorro m\u00e9dico \u00e9 composta por m\u00e9dicos, enfermeiros, auxiliares e t\u00e9cnicos de enfermagem, socorristas, coordenador regional e supervisor operacional.<\/p>\n<p>&nbsp;<\/p>\n<p>O acionamento da ambul\u00e2ncia \u00e9 realizado por meio do Centro de Controle Operacional ou diretamente pelos usu\u00e1rios na base do SAU. Os atendimentos s\u00e3o realizados nas ambul\u00e2ncias e, caso necess\u00e1rio, ap\u00f3s a regula\u00e7\u00e3o m\u00e9dica, a v\u00edtima \u00e9 encaminhada para um hospital ou pronto socorro.<\/p>\n<p>&nbsp;<\/p>\n<p>A equipe est\u00e1 apta a realizar e atendimentos e interven\u00e7\u00f5es de APH e Resgate com suporte b\u00e1sico de vida e suporte avan\u00e7ado de vida, retirada de vitimas de local de dif\u00edcil acesso, restrita ou encarceradas nas ferragens, combate inicial a inc\u00eandios, atendimento na vig\u00eancia a produtos perigosos, salvamento em altura, aqu\u00e1tico, entre outros conforme determinados na Portaria 2048 MS.<\/p>\n<p>&nbsp;<\/p>\n<p><img fetchpriority=\"high\" decoding=\"async\" class=\"aligncenter size-large wp-image-2461\" src=\"https:\/\/www.spmar.com.br\/web\/wp-content\/uploads\/2021\/04\/IMG_5353-1024x321.jpg\" alt=\"\" width=\"1024\" height=\"321\" srcset=\"https:\/\/www.spmar.com.br\/web\/wp-content\/uploads\/2021\/04\/IMG_5353-1024x321.jpg 1024w, https:\/\/www.spmar.com.br\/web\/wp-content\/uploads\/2021\/04\/IMG_5353-300x94.jpg 300w, https:\/\/www.spmar.com.br\/web\/wp-content\/uploads\/2021\/04\/IMG_5353-768x241.jpg 768w, https:\/\/www.spmar.com.br\/web\/wp-content\/uploads\/2021\/04\/IMG_5353-211x66.jpg 211w\" sizes=\"(max-width: 1024px) 100vw, 1024px\" \/><\/p>\n<p>&nbsp;<\/p>\n<p>&nbsp;<\/p>\n","protected":false},"excerpt":{"rendered":"<p>Socorro M\u00e9dico &nbsp; O motorista que passa pelos trechos Sul e Leste do Rodoanel conta com o apoio de 5 (cinco) ambul\u00e2ncias, sendo uma unidade avan\u00e7ada com UTI que realiza o servi\u00e7o pr\u00e9-hospitalar. A equipe de socorro m\u00e9dico \u00e9 composta por m\u00e9dicos, enfermeiros, auxiliares e t\u00e9cnicos de enfermagem, socorristas, coordenador regional e supervisor operacional. &nbsp; [&hellip;]<\/p>\n","protected":false},"author":1,"featured_media":4649,"parent":18,"menu_order":10,"comment_status":"closed","ping_status":"closed","template":"","meta":{"_acf_changed":false,"inline_featured_image":false,"footnotes":""},"class_list":["post-174","page","type-page","status-publish","has-post-thumbnail","hentry"],"acf":[],"yoast_head":"<!-- This site is optimized with the Yoast SEO plugin v27.4 - https:\/\/yoast.com\/product\/yoast-seo-wordpress\/ -->\n<title>Socorro M\u00e9dico - Somos o caminho que te conecta ao que mais importa!<\/title>\n<meta name=\"robots\" content=\"index, follow, max-snippet:-1, max-image-preview:large, max-video-preview:-1\" \/>\n<link rel=\"canonical\" href=\"https:\/\/www.spmar.com.br\/web\/servicos\/socorro-medico\/\" \/>\n<meta property=\"og:locale\" content=\"pt_BR\" \/>\n<meta property=\"og:type\" content=\"article\" \/>\n<meta property=\"og:title\" content=\"Socorro M\u00e9dico - Somos o caminho que te conecta ao que mais importa!\" \/>\n<meta property=\"og:description\" content=\"Socorro M\u00e9dico &nbsp; O motorista que passa pelos trechos Sul e Leste do Rodoanel conta com o apoio de 5 (cinco) ambul\u00e2ncias, sendo uma unidade avan\u00e7ada com UTI que realiza o servi\u00e7o pr\u00e9-hospitalar. A equipe de socorro m\u00e9dico \u00e9 composta por m\u00e9dicos, enfermeiros, auxiliares e t\u00e9cnicos de enfermagem, socorristas, coordenador regional e supervisor operacional. &nbsp; [&hellip;]\" \/>\n<meta property=\"og:url\" content=\"https:\/\/www.spmar.com.br\/web\/servicos\/socorro-medico\/\" \/>\n<meta property=\"og:site_name\" content=\"Somos o caminho que te conecta ao que mais importa!\" \/>\n<meta property=\"article:publisher\" content=\"https:\/\/www.facebook.com\/spmar.rodoanel\" \/>\n<meta property=\"article:modified_time\" content=\"2024-09-12T18:28:32+00:00\" \/>\n<meta property=\"og:image\" content=\"https:\/\/www.spmar.com.br\/web\/wp-content\/uploads\/2021\/04\/IMG_5353.jpg\" \/>\n\t<meta property=\"og:image:width\" content=\"5985\" \/>\n\t<meta property=\"og:image:height\" content=\"1876\" \/>\n\t<meta property=\"og:image:type\" content=\"image\/jpeg\" \/>\n<meta name=\"twitter:card\" content=\"summary_large_image\" \/>\n<meta name=\"twitter:label1\" content=\"Est. tempo de leitura\" \/>\n\t<meta name=\"twitter:data1\" content=\"1 minuto\" \/>\n<script type=\"application\/ld+json\" class=\"yoast-schema-graph\">{\"@context\":\"https:\\\/\\\/schema.org\",\"@graph\":[{\"@type\":\"WebPage\",\"@id\":\"https:\\\/\\\/www.spmar.com.br\\\/web\\\/servicos\\\/socorro-medico\\\/\",\"url\":\"https:\\\/\\\/www.spmar.com.br\\\/web\\\/servicos\\\/socorro-medico\\\/\",\"name\":\"Socorro M\u00e9dico - Somos o caminho que te conecta ao que mais importa!\",\"isPartOf\":{\"@id\":\"https:\\\/\\\/www.spmar.com.br\\\/web\\\/#website\"},\"primaryImageOfPage\":{\"@id\":\"https:\\\/\\\/www.spmar.com.br\\\/web\\\/servicos\\\/socorro-medico\\\/#primaryimage\"},\"image\":{\"@id\":\"https:\\\/\\\/www.spmar.com.br\\\/web\\\/servicos\\\/socorro-medico\\\/#primaryimage\"},\"thumbnailUrl\":\"https:\\\/\\\/www.spmar.com.br\\\/web\\\/wp-content\\\/uploads\\\/2024\\\/08\\\/IMG_5353-scaled.webp\",\"datePublished\":\"2017-08-08T13:58:29+00:00\",\"dateModified\":\"2024-09-12T18:28:32+00:00\",\"breadcrumb\":{\"@id\":\"https:\\\/\\\/www.spmar.com.br\\\/web\\\/servicos\\\/socorro-medico\\\/#breadcrumb\"},\"inLanguage\":\"pt-BR\",\"potentialAction\":[{\"@type\":\"ReadAction\",\"target\":[\"https:\\\/\\\/www.spmar.com.br\\\/web\\\/servicos\\\/socorro-medico\\\/\"]}]},{\"@type\":\"ImageObject\",\"inLanguage\":\"pt-BR\",\"@id\":\"https:\\\/\\\/www.spmar.com.br\\\/web\\\/servicos\\\/socorro-medico\\\/#primaryimage\",\"url\":\"https:\\\/\\\/www.spmar.com.br\\\/web\\\/wp-content\\\/uploads\\\/2024\\\/08\\\/IMG_5353-scaled.webp\",\"contentUrl\":\"https:\\\/\\\/www.spmar.com.br\\\/web\\\/wp-content\\\/uploads\\\/2024\\\/08\\\/IMG_5353-scaled.webp\",\"width\":2560,\"height\":802},{\"@type\":\"BreadcrumbList\",\"@id\":\"https:\\\/\\\/www.spmar.com.br\\\/web\\\/servicos\\\/socorro-medico\\\/#breadcrumb\",\"itemListElement\":[{\"@type\":\"ListItem\",\"position\":1,\"name\":\"Home\",\"item\":\"https:\\\/\\\/www.spmar.com.br\\\/web\\\/\"},{\"@type\":\"ListItem\",\"position\":2,\"name\":\"Atendimento ao Usu\u00e1rio\",\"item\":\"https:\\\/\\\/www.spmar.com.br\\\/web\\\/servicos\\\/\"},{\"@type\":\"ListItem\",\"position\":3,\"name\":\"Socorro m\u00e9dico\"}]},{\"@type\":\"WebSite\",\"@id\":\"https:\\\/\\\/www.spmar.com.br\\\/web\\\/#website\",\"url\":\"https:\\\/\\\/www.spmar.com.br\\\/web\\\/\",\"name\":\"SPMAR\",\"description\":\"A Concession\u00e1ria SPMAR atua na administra\u00e7\u00e3o dos Trechos Sul e Leste do Rodoanel Mario Covas e, com isso,\u00e9 respons\u00e1vel pela gest\u00e3o de 76% do Rodoanel Metropolitano de S\u00e3o Paulo em opera\u00e7\u00e3o.\",\"publisher\":{\"@id\":\"https:\\\/\\\/www.spmar.com.br\\\/web\\\/#organization\"},\"potentialAction\":[{\"@type\":\"SearchAction\",\"target\":{\"@type\":\"EntryPoint\",\"urlTemplate\":\"https:\\\/\\\/www.spmar.com.br\\\/web\\\/?s={search_term_string}\"},\"query-input\":{\"@type\":\"PropertyValueSpecification\",\"valueRequired\":true,\"valueName\":\"search_term_string\"}}],\"inLanguage\":\"pt-BR\"},{\"@type\":\"Organization\",\"@id\":\"https:\\\/\\\/www.spmar.com.br\\\/web\\\/#organization\",\"name\":\"Concession\u00e1ria SPMAR\",\"url\":\"https:\\\/\\\/www.spmar.com.br\\\/web\\\/\",\"logo\":{\"@type\":\"ImageObject\",\"inLanguage\":\"pt-BR\",\"@id\":\"https:\\\/\\\/www.spmar.com.br\\\/web\\\/#\\\/schema\\\/logo\\\/image\\\/\",\"url\":\"https:\\\/\\\/www.spmar.com.br\\\/web\\\/wp-content\\\/uploads\\\/2017\\\/11\\\/logo_H.jpg\",\"contentUrl\":\"https:\\\/\\\/www.spmar.com.br\\\/web\\\/wp-content\\\/uploads\\\/2017\\\/11\\\/logo_H.jpg\",\"width\":448,\"height\":97,\"caption\":\"Concession\u00e1ria SPMAR\"},\"image\":{\"@id\":\"https:\\\/\\\/www.spmar.com.br\\\/web\\\/#\\\/schema\\\/logo\\\/image\\\/\"},\"sameAs\":[\"https:\\\/\\\/www.facebook.com\\\/spmar.rodoanel\",\"https:\\\/\\\/www.linkedin.com\\\/company\\\/spmarbr\\\/\",\"https:\\\/\\\/www.instagram.com\\\/spmarbr\\\/\"]}]}<\/script>\n<!-- \/ Yoast SEO plugin. -->","yoast_head_json":{"title":"Socorro M\u00e9dico - Somos o caminho que te conecta ao que mais importa!","robots":{"index":"index","follow":"follow","max-snippet":"max-snippet:-1","max-image-preview":"max-image-preview:large","max-video-preview":"max-video-preview:-1"},"canonical":"https:\/\/www.spmar.com.br\/web\/servicos\/socorro-medico\/","og_locale":"pt_BR","og_type":"article","og_title":"Socorro M\u00e9dico - Somos o caminho que te conecta ao que mais importa!","og_description":"Socorro M\u00e9dico &nbsp; O motorista que passa pelos trechos Sul e Leste do Rodoanel conta com o apoio de 5 (cinco) ambul\u00e2ncias, sendo uma unidade avan\u00e7ada com UTI que realiza o servi\u00e7o pr\u00e9-hospitalar. A equipe de socorro m\u00e9dico \u00e9 composta por m\u00e9dicos, enfermeiros, auxiliares e t\u00e9cnicos de enfermagem, socorristas, coordenador regional e supervisor operacional. &nbsp; [&hellip;]","og_url":"https:\/\/www.spmar.com.br\/web\/servicos\/socorro-medico\/","og_site_name":"Somos o caminho que te conecta ao que mais importa!","article_publisher":"https:\/\/www.facebook.com\/spmar.rodoanel","article_modified_time":"2024-09-12T18:28:32+00:00","og_image":[{"width":5985,"height":1876,"url":"https:\/\/www.spmar.com.br\/web\/wp-content\/uploads\/2021\/04\/IMG_5353.jpg","type":"image\/jpeg"}],"twitter_card":"summary_large_image","twitter_misc":{"Est. tempo de leitura":"1 minuto"},"schema":{"@context":"https:\/\/schema.org","@graph":[{"@type":"WebPage","@id":"https:\/\/www.spmar.com.br\/web\/servicos\/socorro-medico\/","url":"https:\/\/www.spmar.com.br\/web\/servicos\/socorro-medico\/","name":"Socorro M\u00e9dico - Somos o caminho que te conecta ao que mais importa!","isPartOf":{"@id":"https:\/\/www.spmar.com.br\/web\/#website"},"primaryImageOfPage":{"@id":"https:\/\/www.spmar.com.br\/web\/servicos\/socorro-medico\/#primaryimage"},"image":{"@id":"https:\/\/www.spmar.com.br\/web\/servicos\/socorro-medico\/#primaryimage"},"thumbnailUrl":"https:\/\/www.spmar.com.br\/web\/wp-content\/uploads\/2024\/08\/IMG_5353-scaled.webp","datePublished":"2017-08-08T13:58:29+00:00","dateModified":"2024-09-12T18:28:32+00:00","breadcrumb":{"@id":"https:\/\/www.spmar.com.br\/web\/servicos\/socorro-medico\/#breadcrumb"},"inLanguage":"pt-BR","potentialAction":[{"@type":"ReadAction","target":["https:\/\/www.spmar.com.br\/web\/servicos\/socorro-medico\/"]}]},{"@type":"ImageObject","inLanguage":"pt-BR","@id":"https:\/\/www.spmar.com.br\/web\/servicos\/socorro-medico\/#primaryimage","url":"https:\/\/www.spmar.com.br\/web\/wp-content\/uploads\/2024\/08\/IMG_5353-scaled.webp","contentUrl":"https:\/\/www.spmar.com.br\/web\/wp-content\/uploads\/2024\/08\/IMG_5353-scaled.webp","width":2560,"height":802},{"@type":"BreadcrumbList","@id":"https:\/\/www.spmar.com.br\/web\/servicos\/socorro-medico\/#breadcrumb","itemListElement":[{"@type":"ListItem","position":1,"name":"Home","item":"https:\/\/www.spmar.com.br\/web\/"},{"@type":"ListItem","position":2,"name":"Atendimento ao Usu\u00e1rio","item":"https:\/\/www.spmar.com.br\/web\/servicos\/"},{"@type":"ListItem","position":3,"name":"Socorro m\u00e9dico"}]},{"@type":"WebSite","@id":"https:\/\/www.spmar.com.br\/web\/#website","url":"https:\/\/www.spmar.com.br\/web\/","name":"SPMAR","description":"A Concession\u00e1ria SPMAR atua na administra\u00e7\u00e3o dos Trechos Sul e Leste do Rodoanel Mario Covas e, com isso,\u00e9 respons\u00e1vel pela gest\u00e3o de 76% do Rodoanel Metropolitano de S\u00e3o Paulo em opera\u00e7\u00e3o.","publisher":{"@id":"https:\/\/www.spmar.com.br\/web\/#organization"},"potentialAction":[{"@type":"SearchAction","target":{"@type":"EntryPoint","urlTemplate":"https:\/\/www.spmar.com.br\/web\/?s={search_term_string}"},"query-input":{"@type":"PropertyValueSpecification","valueRequired":true,"valueName":"search_term_string"}}],"inLanguage":"pt-BR"},{"@type":"Organization","@id":"https:\/\/www.spmar.com.br\/web\/#organization","name":"Concession\u00e1ria SPMAR","url":"https:\/\/www.spmar.com.br\/web\/","logo":{"@type":"ImageObject","inLanguage":"pt-BR","@id":"https:\/\/www.spmar.com.br\/web\/#\/schema\/logo\/image\/","url":"https:\/\/www.spmar.com.br\/web\/wp-content\/uploads\/2017\/11\/logo_H.jpg","contentUrl":"https:\/\/www.spmar.com.br\/web\/wp-content\/uploads\/2017\/11\/logo_H.jpg","width":448,"height":97,"caption":"Concession\u00e1ria SPMAR"},"image":{"@id":"https:\/\/www.spmar.com.br\/web\/#\/schema\/logo\/image\/"},"sameAs":["https:\/\/www.facebook.com\/spmar.rodoanel","https:\/\/www.linkedin.com\/company\/spmarbr\/","https:\/\/www.instagram.com\/spmarbr\/"]}]}},"jetpack_sharing_enabled":true,"_links":{"self":[{"href":"https:\/\/www.spmar.com.br\/web\/wp-json\/wp\/v2\/pages\/174","targetHints":{"allow":["GET"]}}],"collection":[{"href":"https:\/\/www.spmar.com.br\/web\/wp-json\/wp\/v2\/pages"}],"about":[{"href":"https:\/\/www.spmar.com.br\/web\/wp-json\/wp\/v2\/types\/page"}],"author":[{"embeddable":true,"href":"https:\/\/www.spmar.com.br\/web\/wp-json\/wp\/v2\/users\/1"}],"replies":[{"embeddable":true,"href":"https:\/\/www.spmar.com.br\/web\/wp-json\/wp\/v2\/comments?post=174"}],"version-history":[{"count":6,"href":"https:\/\/www.spmar.com.br\/web\/wp-json\/wp\/v2\/pages\/174\/revisions"}],"predecessor-version":[{"id":4825,"href":"https:\/\/www.spmar.com.br\/web\/wp-json\/wp\/v2\/pages\/174\/revisions\/4825"}],"up":[{"embeddable":true,"href":"https:\/\/www.spmar.com.br\/web\/wp-json\/wp\/v2\/pages\/18"}],"wp:featuredmedia":[{"embeddable":true,"href":"https:\/\/www.spmar.com.br\/web\/wp-json\/wp\/v2\/media\/4649"}],"wp:attachment":[{"href":"https:\/\/www.spmar.com.br\/web\/wp-json\/wp\/v2\/media?parent=174"}],"curies":[{"name":"wp","href":"https:\/\/api.w.org\/{rel}","templated":true}]}}