{"id":171,"date":"2017-08-08T10:54:17","date_gmt":"2017-08-08T13:54:17","guid":{"rendered":"http:\/\/spmar.crpweb.com.br\/?page_id=171"},"modified":"2025-10-22T16:54:55","modified_gmt":"2025-10-22T19:54:55","slug":"servico-de-atendimento-ao-usuario","status":"publish","type":"page","link":"https:\/\/www.spmar.com.br\/web\/servicos\/servico-de-atendimento-ao-usuario\/","title":{"rendered":"Servi\u00e7o de Atendimento ao Usu\u00e1rio"},"content":{"rendered":"\n<h2 class=\"wp-block-heading\">SAU &#8211; Servi\u00e7o de Atendimento ao Usu\u00e1rio<\/h2>\n\n\n\n<p>O SAU \u2013 Servi\u00e7o de Atendimento ao Usu\u00e1rio, \u00e9 um local preparado para voc\u00ea fazer uma pausa em sua viagem ou solicitar algum tipo de informa\u00e7\u00e3o ou atendimento. As quatro estruturas existentes s\u00e3o equipadas com banheiros, frald\u00e1rios, salas de espera com Wi-Fi e \u00e1gua.<\/p>\n\n\n\n<div class=\"wp-block-group is-layout-constrained wp-block-group-is-layout-constrained\" style=\"min-height:1px\">\n<figure class=\"wp-block-embed is-type-video is-provider-youtube wp-block-embed-youtube wp-embed-aspect-9-16 wp-has-aspect-ratio\"><div class=\"wp-block-embed__wrapper\">\n<iframe title=\"SPMAR - SAU\" width=\"563\" height=\"1000\" src=\"https:\/\/www.youtube.com\/embed\/rpcoSZyRhio?feature=oembed\" frameborder=\"0\" allow=\"accelerometer; autoplay; clipboard-write; encrypted-media; gyroscope; picture-in-picture; web-share\" referrerpolicy=\"strict-origin-when-cross-origin\" allowfullscreen><\/iframe>\n<\/div><\/figure>\n<\/div>\n\n\n<p>Estes locais contam com equipes e viaturas atuantes durante 24 horas, oferecendo uma estrutura completa de atendimento no que se refere a guinchos leves e pesados, resgate e atendimento pr\u00e9-hospitalar com ambul\u00e2ncias, recolhimento de animais soltos na faixa de dom\u00ednio e caminh\u00e3o-pipa para combater focos de inc\u00eandio e limpeza da rodovia.<\/p>\n<p>Aliado ao servi\u00e7o 0800-774-8877 (24 horas) e ao monitoramento cont\u00ednuo da rodovia feito pelas viaturas de inspe\u00e7\u00e3o de tr\u00e1fego e ve\u00edculos de apoio operacional, o SAU permite acionar com maior rapidez os recursos da concession\u00e1ria e da Pol\u00edcia Militar Rodovi\u00e1ria (PMR) no atendimento das v\u00e1rias situa\u00e7\u00f5es registradas diariamente.<\/p>\n<p><strong>Localiza\u00e7\u00e3o dos SAU\u00b4s (Servi\u00e7o de Atendimento ao Usu\u00e1rio):<\/strong><\/p>\n<p>CCO \u2013 km 41<br \/>SAU 1 \u2013 km 41<br \/>SAU 2 \u2013 km 68<br \/>SAU 3 \u2013 km 102<br \/>SAU 4 \u2013 km 121<\/p>\n<p><img fetchpriority=\"high\" decoding=\"async\" class=\"aligncenter size-large wp-image-2457\" src=\"https:\/\/www.spmar.com.br\/web\/wp-content\/uploads\/2021\/04\/IMG_1789-1024x586.jpg\" alt=\"\" width=\"1024\" height=\"586\" srcset=\"https:\/\/www.spmar.com.br\/web\/wp-content\/uploads\/2021\/04\/IMG_1789-1024x586.jpg 1024w, https:\/\/www.spmar.com.br\/web\/wp-content\/uploads\/2021\/04\/IMG_1789-300x172.jpg 300w, https:\/\/www.spmar.com.br\/web\/wp-content\/uploads\/2021\/04\/IMG_1789-768x440.jpg 768w, https:\/\/www.spmar.com.br\/web\/wp-content\/uploads\/2021\/04\/IMG_1789-211x121.jpg 211w\" sizes=\"(max-width: 1024px) 100vw, 1024px\" \/><\/p>","protected":false},"excerpt":{"rendered":"<p>SAU &#8211; Servi\u00e7o de Atendimento ao Usu\u00e1rio O SAU \u2013 Servi\u00e7o de Atendimento ao Usu\u00e1rio, \u00e9 um local preparado para voc\u00ea fazer uma pausa em sua viagem ou solicitar algum tipo de informa\u00e7\u00e3o ou atendimento. As quatro estruturas existentes s\u00e3o equipadas com banheiros, frald\u00e1rios, salas de espera com Wi-Fi e \u00e1gua. Estes locais contam com [&hellip;]<\/p>\n","protected":false},"author":1,"featured_media":4650,"parent":18,"menu_order":9,"comment_status":"closed","ping_status":"closed","template":"","meta":{"_acf_changed":false,"inline_featured_image":false,"footnotes":""},"class_list":["post-171","page","type-page","status-publish","has-post-thumbnail","hentry"],"acf":[],"yoast_head":"<!-- This site is optimized with the Yoast SEO plugin v27.4 - https:\/\/yoast.com\/product\/yoast-seo-wordpress\/ -->\n<title>Servi\u00e7o de Atendimento ao Usu\u00e1rio - Somos o caminho que te conecta ao que mais importa!<\/title>\n<meta name=\"robots\" content=\"index, follow, max-snippet:-1, max-image-preview:large, max-video-preview:-1\" \/>\n<link rel=\"canonical\" href=\"https:\/\/www.spmar.com.br\/web\/servicos\/servico-de-atendimento-ao-usuario\/\" \/>\n<meta property=\"og:locale\" content=\"pt_BR\" \/>\n<meta property=\"og:type\" content=\"article\" \/>\n<meta property=\"og:title\" content=\"Servi\u00e7o de Atendimento ao Usu\u00e1rio - Somos o caminho que te conecta ao que mais importa!\" \/>\n<meta property=\"og:description\" content=\"SAU &#8211; Servi\u00e7o de Atendimento ao Usu\u00e1rio O SAU \u2013 Servi\u00e7o de Atendimento ao Usu\u00e1rio, \u00e9 um local preparado para voc\u00ea fazer uma pausa em sua viagem ou solicitar algum tipo de informa\u00e7\u00e3o ou atendimento. As quatro estruturas existentes s\u00e3o equipadas com banheiros, frald\u00e1rios, salas de espera com Wi-Fi e \u00e1gua. Estes locais contam com [&hellip;]\" \/>\n<meta property=\"og:url\" content=\"https:\/\/www.spmar.com.br\/web\/servicos\/servico-de-atendimento-ao-usuario\/\" \/>\n<meta property=\"og:site_name\" content=\"Somos o caminho que te conecta ao que mais importa!\" \/>\n<meta property=\"article:publisher\" content=\"https:\/\/www.facebook.com\/spmar.rodoanel\" \/>\n<meta property=\"article:modified_time\" content=\"2025-10-22T19:54:55+00:00\" \/>\n<meta property=\"og:image\" content=\"https:\/\/www.spmar.com.br\/web\/wp-content\/uploads\/2024\/08\/IMG_1789.webp\" \/>\n\t<meta property=\"og:image:width\" content=\"1886\" \/>\n\t<meta property=\"og:image:height\" content=\"1080\" \/>\n\t<meta property=\"og:image:type\" content=\"image\/webp\" \/>\n<meta name=\"twitter:card\" content=\"summary_large_image\" \/>\n<meta name=\"twitter:label1\" content=\"Est. tempo de leitura\" \/>\n\t<meta name=\"twitter:data1\" content=\"2 minutos\" \/>\n<script type=\"application\/ld+json\" class=\"yoast-schema-graph\">{\"@context\":\"https:\\\/\\\/schema.org\",\"@graph\":[{\"@type\":\"WebPage\",\"@id\":\"https:\\\/\\\/www.spmar.com.br\\\/web\\\/servicos\\\/servico-de-atendimento-ao-usuario\\\/\",\"url\":\"https:\\\/\\\/www.spmar.com.br\\\/web\\\/servicos\\\/servico-de-atendimento-ao-usuario\\\/\",\"name\":\"Servi\u00e7o de Atendimento ao Usu\u00e1rio - Somos o caminho que te conecta ao que mais importa!\",\"isPartOf\":{\"@id\":\"https:\\\/\\\/www.spmar.com.br\\\/web\\\/#website\"},\"primaryImageOfPage\":{\"@id\":\"https:\\\/\\\/www.spmar.com.br\\\/web\\\/servicos\\\/servico-de-atendimento-ao-usuario\\\/#primaryimage\"},\"image\":{\"@id\":\"https:\\\/\\\/www.spmar.com.br\\\/web\\\/servicos\\\/servico-de-atendimento-ao-usuario\\\/#primaryimage\"},\"thumbnailUrl\":\"https:\\\/\\\/www.spmar.com.br\\\/web\\\/wp-content\\\/uploads\\\/2024\\\/08\\\/IMG_1789.webp\",\"datePublished\":\"2017-08-08T13:54:17+00:00\",\"dateModified\":\"2025-10-22T19:54:55+00:00\",\"breadcrumb\":{\"@id\":\"https:\\\/\\\/www.spmar.com.br\\\/web\\\/servicos\\\/servico-de-atendimento-ao-usuario\\\/#breadcrumb\"},\"inLanguage\":\"pt-BR\",\"potentialAction\":[{\"@type\":\"ReadAction\",\"target\":[\"https:\\\/\\\/www.spmar.com.br\\\/web\\\/servicos\\\/servico-de-atendimento-ao-usuario\\\/\"]}]},{\"@type\":\"ImageObject\",\"inLanguage\":\"pt-BR\",\"@id\":\"https:\\\/\\\/www.spmar.com.br\\\/web\\\/servicos\\\/servico-de-atendimento-ao-usuario\\\/#primaryimage\",\"url\":\"https:\\\/\\\/www.spmar.com.br\\\/web\\\/wp-content\\\/uploads\\\/2024\\\/08\\\/IMG_1789.webp\",\"contentUrl\":\"https:\\\/\\\/www.spmar.com.br\\\/web\\\/wp-content\\\/uploads\\\/2024\\\/08\\\/IMG_1789.webp\",\"width\":1886,\"height\":1080},{\"@type\":\"BreadcrumbList\",\"@id\":\"https:\\\/\\\/www.spmar.com.br\\\/web\\\/servicos\\\/servico-de-atendimento-ao-usuario\\\/#breadcrumb\",\"itemListElement\":[{\"@type\":\"ListItem\",\"position\":1,\"name\":\"Home\",\"item\":\"https:\\\/\\\/www.spmar.com.br\\\/web\\\/\"},{\"@type\":\"ListItem\",\"position\":2,\"name\":\"Atendimento ao Usu\u00e1rio\",\"item\":\"https:\\\/\\\/www.spmar.com.br\\\/web\\\/servicos\\\/\"},{\"@type\":\"ListItem\",\"position\":3,\"name\":\"Servi\u00e7o de Atendimento ao Usu\u00e1rio\"}]},{\"@type\":\"WebSite\",\"@id\":\"https:\\\/\\\/www.spmar.com.br\\\/web\\\/#website\",\"url\":\"https:\\\/\\\/www.spmar.com.br\\\/web\\\/\",\"name\":\"SPMAR\",\"description\":\"A Concession\u00e1ria SPMAR atua na administra\u00e7\u00e3o dos Trechos Sul e Leste do Rodoanel Mario Covas e, com isso,\u00e9 respons\u00e1vel pela gest\u00e3o de 76% do Rodoanel Metropolitano de S\u00e3o Paulo em opera\u00e7\u00e3o.\",\"publisher\":{\"@id\":\"https:\\\/\\\/www.spmar.com.br\\\/web\\\/#organization\"},\"potentialAction\":[{\"@type\":\"SearchAction\",\"target\":{\"@type\":\"EntryPoint\",\"urlTemplate\":\"https:\\\/\\\/www.spmar.com.br\\\/web\\\/?s={search_term_string}\"},\"query-input\":{\"@type\":\"PropertyValueSpecification\",\"valueRequired\":true,\"valueName\":\"search_term_string\"}}],\"inLanguage\":\"pt-BR\"},{\"@type\":\"Organization\",\"@id\":\"https:\\\/\\\/www.spmar.com.br\\\/web\\\/#organization\",\"name\":\"Concession\u00e1ria SPMAR\",\"url\":\"https:\\\/\\\/www.spmar.com.br\\\/web\\\/\",\"logo\":{\"@type\":\"ImageObject\",\"inLanguage\":\"pt-BR\",\"@id\":\"https:\\\/\\\/www.spmar.com.br\\\/web\\\/#\\\/schema\\\/logo\\\/image\\\/\",\"url\":\"https:\\\/\\\/www.spmar.com.br\\\/web\\\/wp-content\\\/uploads\\\/2017\\\/11\\\/logo_H.jpg\",\"contentUrl\":\"https:\\\/\\\/www.spmar.com.br\\\/web\\\/wp-content\\\/uploads\\\/2017\\\/11\\\/logo_H.jpg\",\"width\":448,\"height\":97,\"caption\":\"Concession\u00e1ria SPMAR\"},\"image\":{\"@id\":\"https:\\\/\\\/www.spmar.com.br\\\/web\\\/#\\\/schema\\\/logo\\\/image\\\/\"},\"sameAs\":[\"https:\\\/\\\/www.facebook.com\\\/spmar.rodoanel\",\"https:\\\/\\\/www.linkedin.com\\\/company\\\/spmarbr\\\/\",\"https:\\\/\\\/www.instagram.com\\\/spmarbr\\\/\"]}]}<\/script>\n<!-- \/ Yoast SEO plugin. -->","yoast_head_json":{"title":"Servi\u00e7o de Atendimento ao Usu\u00e1rio - Somos o caminho que te conecta ao que mais importa!","robots":{"index":"index","follow":"follow","max-snippet":"max-snippet:-1","max-image-preview":"max-image-preview:large","max-video-preview":"max-video-preview:-1"},"canonical":"https:\/\/www.spmar.com.br\/web\/servicos\/servico-de-atendimento-ao-usuario\/","og_locale":"pt_BR","og_type":"article","og_title":"Servi\u00e7o de Atendimento ao Usu\u00e1rio - Somos o caminho que te conecta ao que mais importa!","og_description":"SAU &#8211; Servi\u00e7o de Atendimento ao Usu\u00e1rio O SAU \u2013 Servi\u00e7o de Atendimento ao Usu\u00e1rio, \u00e9 um local preparado para voc\u00ea fazer uma pausa em sua viagem ou solicitar algum tipo de informa\u00e7\u00e3o ou atendimento. As quatro estruturas existentes s\u00e3o equipadas com banheiros, frald\u00e1rios, salas de espera com Wi-Fi e \u00e1gua. Estes locais contam com [&hellip;]","og_url":"https:\/\/www.spmar.com.br\/web\/servicos\/servico-de-atendimento-ao-usuario\/","og_site_name":"Somos o caminho que te conecta ao que mais importa!","article_publisher":"https:\/\/www.facebook.com\/spmar.rodoanel","article_modified_time":"2025-10-22T19:54:55+00:00","og_image":[{"width":1886,"height":1080,"url":"https:\/\/www.spmar.com.br\/web\/wp-content\/uploads\/2024\/08\/IMG_1789.webp","type":"image\/webp"}],"twitter_card":"summary_large_image","twitter_misc":{"Est. tempo de leitura":"2 minutos"},"schema":{"@context":"https:\/\/schema.org","@graph":[{"@type":"WebPage","@id":"https:\/\/www.spmar.com.br\/web\/servicos\/servico-de-atendimento-ao-usuario\/","url":"https:\/\/www.spmar.com.br\/web\/servicos\/servico-de-atendimento-ao-usuario\/","name":"Servi\u00e7o de Atendimento ao Usu\u00e1rio - Somos o caminho que te conecta ao que mais importa!","isPartOf":{"@id":"https:\/\/www.spmar.com.br\/web\/#website"},"primaryImageOfPage":{"@id":"https:\/\/www.spmar.com.br\/web\/servicos\/servico-de-atendimento-ao-usuario\/#primaryimage"},"image":{"@id":"https:\/\/www.spmar.com.br\/web\/servicos\/servico-de-atendimento-ao-usuario\/#primaryimage"},"thumbnailUrl":"https:\/\/www.spmar.com.br\/web\/wp-content\/uploads\/2024\/08\/IMG_1789.webp","datePublished":"2017-08-08T13:54:17+00:00","dateModified":"2025-10-22T19:54:55+00:00","breadcrumb":{"@id":"https:\/\/www.spmar.com.br\/web\/servicos\/servico-de-atendimento-ao-usuario\/#breadcrumb"},"inLanguage":"pt-BR","potentialAction":[{"@type":"ReadAction","target":["https:\/\/www.spmar.com.br\/web\/servicos\/servico-de-atendimento-ao-usuario\/"]}]},{"@type":"ImageObject","inLanguage":"pt-BR","@id":"https:\/\/www.spmar.com.br\/web\/servicos\/servico-de-atendimento-ao-usuario\/#primaryimage","url":"https:\/\/www.spmar.com.br\/web\/wp-content\/uploads\/2024\/08\/IMG_1789.webp","contentUrl":"https:\/\/www.spmar.com.br\/web\/wp-content\/uploads\/2024\/08\/IMG_1789.webp","width":1886,"height":1080},{"@type":"BreadcrumbList","@id":"https:\/\/www.spmar.com.br\/web\/servicos\/servico-de-atendimento-ao-usuario\/#breadcrumb","itemListElement":[{"@type":"ListItem","position":1,"name":"Home","item":"https:\/\/www.spmar.com.br\/web\/"},{"@type":"ListItem","position":2,"name":"Atendimento ao Usu\u00e1rio","item":"https:\/\/www.spmar.com.br\/web\/servicos\/"},{"@type":"ListItem","position":3,"name":"Servi\u00e7o de Atendimento ao Usu\u00e1rio"}]},{"@type":"WebSite","@id":"https:\/\/www.spmar.com.br\/web\/#website","url":"https:\/\/www.spmar.com.br\/web\/","name":"SPMAR","description":"A Concession\u00e1ria SPMAR atua na administra\u00e7\u00e3o dos Trechos Sul e Leste do Rodoanel Mario Covas e, com isso,\u00e9 respons\u00e1vel pela gest\u00e3o de 76% do Rodoanel Metropolitano de S\u00e3o Paulo em opera\u00e7\u00e3o.","publisher":{"@id":"https:\/\/www.spmar.com.br\/web\/#organization"},"potentialAction":[{"@type":"SearchAction","target":{"@type":"EntryPoint","urlTemplate":"https:\/\/www.spmar.com.br\/web\/?s={search_term_string}"},"query-input":{"@type":"PropertyValueSpecification","valueRequired":true,"valueName":"search_term_string"}}],"inLanguage":"pt-BR"},{"@type":"Organization","@id":"https:\/\/www.spmar.com.br\/web\/#organization","name":"Concession\u00e1ria SPMAR","url":"https:\/\/www.spmar.com.br\/web\/","logo":{"@type":"ImageObject","inLanguage":"pt-BR","@id":"https:\/\/www.spmar.com.br\/web\/#\/schema\/logo\/image\/","url":"https:\/\/www.spmar.com.br\/web\/wp-content\/uploads\/2017\/11\/logo_H.jpg","contentUrl":"https:\/\/www.spmar.com.br\/web\/wp-content\/uploads\/2017\/11\/logo_H.jpg","width":448,"height":97,"caption":"Concession\u00e1ria SPMAR"},"image":{"@id":"https:\/\/www.spmar.com.br\/web\/#\/schema\/logo\/image\/"},"sameAs":["https:\/\/www.facebook.com\/spmar.rodoanel","https:\/\/www.linkedin.com\/company\/spmarbr\/","https:\/\/www.instagram.com\/spmarbr\/"]}]}},"jetpack_sharing_enabled":true,"_links":{"self":[{"href":"https:\/\/www.spmar.com.br\/web\/wp-json\/wp\/v2\/pages\/171","targetHints":{"allow":["GET"]}}],"collection":[{"href":"https:\/\/www.spmar.com.br\/web\/wp-json\/wp\/v2\/pages"}],"about":[{"href":"https:\/\/www.spmar.com.br\/web\/wp-json\/wp\/v2\/types\/page"}],"author":[{"embeddable":true,"href":"https:\/\/www.spmar.com.br\/web\/wp-json\/wp\/v2\/users\/1"}],"replies":[{"embeddable":true,"href":"https:\/\/www.spmar.com.br\/web\/wp-json\/wp\/v2\/comments?post=171"}],"version-history":[{"count":14,"href":"https:\/\/www.spmar.com.br\/web\/wp-json\/wp\/v2\/pages\/171\/revisions"}],"predecessor-version":[{"id":5466,"href":"https:\/\/www.spmar.com.br\/web\/wp-json\/wp\/v2\/pages\/171\/revisions\/5466"}],"up":[{"embeddable":true,"href":"https:\/\/www.spmar.com.br\/web\/wp-json\/wp\/v2\/pages\/18"}],"wp:featuredmedia":[{"embeddable":true,"href":"https:\/\/www.spmar.com.br\/web\/wp-json\/wp\/v2\/media\/4650"}],"wp:attachment":[{"href":"https:\/\/www.spmar.com.br\/web\/wp-json\/wp\/v2\/media?parent=171"}],"curies":[{"name":"wp","href":"https:\/\/api.w.org\/{rel}","templated":true}]}}