{"id":166,"date":"2017-08-08T10:50:40","date_gmt":"2017-08-08T13:50:40","guid":{"rendered":"http:\/\/spmar.crpweb.com.br\/?page_id=166"},"modified":"2024-09-12T15:28:15","modified_gmt":"2024-09-12T18:28:15","slug":"resgate-animal","status":"publish","type":"page","link":"https:\/\/www.spmar.com.br\/web\/servicos\/resgate-animal\/","title":{"rendered":"Resgate Animal"},"content":{"rendered":"<h2>Resgate de Animais<\/h2>\n<p>Com o objetivo de manter a seguran\u00e7a dos usu\u00e1rios que circulam pelo Rodoanel Mario Covas e preservar a vida dos animais que podem aparecer ao longo dos Trechos Sul e Leste, a Concession\u00e1ria SPMAR possui 1 ve\u00edculo exclusivo dispon\u00edvel 24h para o resgate de animais. A equipe \u00e9 treinada e utiliza os Equipamentos Prote\u00e7\u00e3o Individual (EPIs) necess\u00e1rios visando sempre \u00e0 seguran\u00e7a e bem estar dos usu\u00e1rios.<\/p>\n<p>Os animais de grande porte \u2013 como bovinos, equinos, muares, entre outros \u2013 s\u00e3o encaminhados para uma propriedade vinculada \u00e0 Concession\u00e1ria, j\u00e1 os caninos s\u00e3o encaminhados para um abrigo de c\u00e3es regulamentado.<\/p>\n<p>Al\u00e9m dos viadutos e pontes que possibilitam o livre deslocamento de fauna, os Trechos Sul e Leste possuem 25 dispositivos, denominados \u201cpassagens de fauna\u201d, constru\u00eddos especificamente para a passagem de animais. As passagens est\u00e3o distribu\u00eddas sob as pistas, interligando fragmentos florestais do entorno da Rodovia auxiliando o translado de diversas esp\u00e9cies de fauna silvestre e dom\u00e9stica.<\/p>\n","protected":false},"excerpt":{"rendered":"<p>Resgate de Animais Com o objetivo de manter a seguran\u00e7a dos usu\u00e1rios que circulam pelo Rodoanel Mario Covas e preservar a vida dos animais que podem aparecer ao longo dos Trechos Sul e Leste, a Concession\u00e1ria SPMAR possui 1 ve\u00edculo exclusivo dispon\u00edvel 24h para o resgate de animais. A equipe \u00e9 treinada e utiliza os [&hellip;]<\/p>\n","protected":false},"author":1,"featured_media":4539,"parent":18,"menu_order":8,"comment_status":"closed","ping_status":"closed","template":"","meta":{"_acf_changed":false,"inline_featured_image":false,"footnotes":""},"class_list":["post-166","page","type-page","status-publish","has-post-thumbnail","hentry"],"acf":[],"yoast_head":"<!-- This site is optimized with the Yoast SEO plugin v27.4 - https:\/\/yoast.com\/product\/yoast-seo-wordpress\/ -->\n<title>Resgate Animal - Somos o caminho que te conecta ao que mais importa!<\/title>\n<meta name=\"robots\" content=\"index, follow, max-snippet:-1, max-image-preview:large, max-video-preview:-1\" \/>\n<link rel=\"canonical\" href=\"https:\/\/www.spmar.com.br\/web\/servicos\/resgate-animal\/\" \/>\n<meta property=\"og:locale\" content=\"pt_BR\" \/>\n<meta property=\"og:type\" content=\"article\" \/>\n<meta property=\"og:title\" content=\"Resgate Animal - Somos o caminho que te conecta ao que mais importa!\" \/>\n<meta property=\"og:description\" content=\"Resgate de Animais Com o objetivo de manter a seguran\u00e7a dos usu\u00e1rios que circulam pelo Rodoanel Mario Covas e preservar a vida dos animais que podem aparecer ao longo dos Trechos Sul e Leste, a Concession\u00e1ria SPMAR possui 1 ve\u00edculo exclusivo dispon\u00edvel 24h para o resgate de animais. A equipe \u00e9 treinada e utiliza os [&hellip;]\" \/>\n<meta property=\"og:url\" content=\"https:\/\/www.spmar.com.br\/web\/servicos\/resgate-animal\/\" \/>\n<meta property=\"og:site_name\" content=\"Somos o caminho que te conecta ao que mais importa!\" \/>\n<meta property=\"article:publisher\" content=\"https:\/\/www.facebook.com\/spmar.rodoanel\" \/>\n<meta property=\"article:modified_time\" content=\"2024-09-12T18:28:15+00:00\" \/>\n<meta property=\"og:image\" content=\"http:\/\/spmar.crpweb.com.br\/wp-content\/uploads\/2017\/08\/resgateanimal.png\" \/>\n<meta name=\"twitter:card\" content=\"summary_large_image\" \/>\n<meta name=\"twitter:label1\" content=\"Est. tempo de leitura\" \/>\n\t<meta name=\"twitter:data1\" content=\"1 minuto\" \/>\n<script type=\"application\/ld+json\" class=\"yoast-schema-graph\">{\"@context\":\"https:\\\/\\\/schema.org\",\"@graph\":[{\"@type\":\"WebPage\",\"@id\":\"https:\\\/\\\/www.spmar.com.br\\\/web\\\/servicos\\\/resgate-animal\\\/\",\"url\":\"https:\\\/\\\/www.spmar.com.br\\\/web\\\/servicos\\\/resgate-animal\\\/\",\"name\":\"Resgate Animal - Somos o caminho que te conecta ao que mais importa!\",\"isPartOf\":{\"@id\":\"https:\\\/\\\/www.spmar.com.br\\\/web\\\/#website\"},\"primaryImageOfPage\":{\"@id\":\"https:\\\/\\\/www.spmar.com.br\\\/web\\\/servicos\\\/resgate-animal\\\/#primaryimage\"},\"image\":{\"@id\":\"https:\\\/\\\/www.spmar.com.br\\\/web\\\/servicos\\\/resgate-animal\\\/#primaryimage\"},\"thumbnailUrl\":\"https:\\\/\\\/www.spmar.com.br\\\/web\\\/wp-content\\\/uploads\\\/2024\\\/08\\\/resgate_animal.webp\",\"datePublished\":\"2017-08-08T13:50:40+00:00\",\"dateModified\":\"2024-09-12T18:28:15+00:00\",\"breadcrumb\":{\"@id\":\"https:\\\/\\\/www.spmar.com.br\\\/web\\\/servicos\\\/resgate-animal\\\/#breadcrumb\"},\"inLanguage\":\"pt-BR\",\"potentialAction\":[{\"@type\":\"ReadAction\",\"target\":[\"https:\\\/\\\/www.spmar.com.br\\\/web\\\/servicos\\\/resgate-animal\\\/\"]}]},{\"@type\":\"ImageObject\",\"inLanguage\":\"pt-BR\",\"@id\":\"https:\\\/\\\/www.spmar.com.br\\\/web\\\/servicos\\\/resgate-animal\\\/#primaryimage\",\"url\":\"https:\\\/\\\/www.spmar.com.br\\\/web\\\/wp-content\\\/uploads\\\/2024\\\/08\\\/resgate_animal.webp\",\"contentUrl\":\"https:\\\/\\\/www.spmar.com.br\\\/web\\\/wp-content\\\/uploads\\\/2024\\\/08\\\/resgate_animal.webp\",\"width\":1280,\"height\":960},{\"@type\":\"BreadcrumbList\",\"@id\":\"https:\\\/\\\/www.spmar.com.br\\\/web\\\/servicos\\\/resgate-animal\\\/#breadcrumb\",\"itemListElement\":[{\"@type\":\"ListItem\",\"position\":1,\"name\":\"Home\",\"item\":\"https:\\\/\\\/www.spmar.com.br\\\/web\\\/\"},{\"@type\":\"ListItem\",\"position\":2,\"name\":\"Atendimento ao Usu\u00e1rio\",\"item\":\"https:\\\/\\\/www.spmar.com.br\\\/web\\\/servicos\\\/\"},{\"@type\":\"ListItem\",\"position\":3,\"name\":\"Resgate animal\"}]},{\"@type\":\"WebSite\",\"@id\":\"https:\\\/\\\/www.spmar.com.br\\\/web\\\/#website\",\"url\":\"https:\\\/\\\/www.spmar.com.br\\\/web\\\/\",\"name\":\"SPMAR\",\"description\":\"A Concession\u00e1ria SPMAR atua na administra\u00e7\u00e3o dos Trechos Sul e Leste do Rodoanel Mario Covas e, com isso,\u00e9 respons\u00e1vel pela gest\u00e3o de 76% do Rodoanel Metropolitano de S\u00e3o Paulo em opera\u00e7\u00e3o.\",\"publisher\":{\"@id\":\"https:\\\/\\\/www.spmar.com.br\\\/web\\\/#organization\"},\"potentialAction\":[{\"@type\":\"SearchAction\",\"target\":{\"@type\":\"EntryPoint\",\"urlTemplate\":\"https:\\\/\\\/www.spmar.com.br\\\/web\\\/?s={search_term_string}\"},\"query-input\":{\"@type\":\"PropertyValueSpecification\",\"valueRequired\":true,\"valueName\":\"search_term_string\"}}],\"inLanguage\":\"pt-BR\"},{\"@type\":\"Organization\",\"@id\":\"https:\\\/\\\/www.spmar.com.br\\\/web\\\/#organization\",\"name\":\"Concession\u00e1ria SPMAR\",\"url\":\"https:\\\/\\\/www.spmar.com.br\\\/web\\\/\",\"logo\":{\"@type\":\"ImageObject\",\"inLanguage\":\"pt-BR\",\"@id\":\"https:\\\/\\\/www.spmar.com.br\\\/web\\\/#\\\/schema\\\/logo\\\/image\\\/\",\"url\":\"https:\\\/\\\/www.spmar.com.br\\\/web\\\/wp-content\\\/uploads\\\/2017\\\/11\\\/logo_H.jpg\",\"contentUrl\":\"https:\\\/\\\/www.spmar.com.br\\\/web\\\/wp-content\\\/uploads\\\/2017\\\/11\\\/logo_H.jpg\",\"width\":448,\"height\":97,\"caption\":\"Concession\u00e1ria SPMAR\"},\"image\":{\"@id\":\"https:\\\/\\\/www.spmar.com.br\\\/web\\\/#\\\/schema\\\/logo\\\/image\\\/\"},\"sameAs\":[\"https:\\\/\\\/www.facebook.com\\\/spmar.rodoanel\",\"https:\\\/\\\/www.linkedin.com\\\/company\\\/spmarbr\\\/\",\"https:\\\/\\\/www.instagram.com\\\/spmarbr\\\/\"]}]}<\/script>\n<!-- \/ Yoast SEO plugin. -->","yoast_head_json":{"title":"Resgate Animal - Somos o caminho que te conecta ao que mais importa!","robots":{"index":"index","follow":"follow","max-snippet":"max-snippet:-1","max-image-preview":"max-image-preview:large","max-video-preview":"max-video-preview:-1"},"canonical":"https:\/\/www.spmar.com.br\/web\/servicos\/resgate-animal\/","og_locale":"pt_BR","og_type":"article","og_title":"Resgate Animal - Somos o caminho que te conecta ao que mais importa!","og_description":"Resgate de Animais Com o objetivo de manter a seguran\u00e7a dos usu\u00e1rios que circulam pelo Rodoanel Mario Covas e preservar a vida dos animais que podem aparecer ao longo dos Trechos Sul e Leste, a Concession\u00e1ria SPMAR possui 1 ve\u00edculo exclusivo dispon\u00edvel 24h para o resgate de animais. A equipe \u00e9 treinada e utiliza os [&hellip;]","og_url":"https:\/\/www.spmar.com.br\/web\/servicos\/resgate-animal\/","og_site_name":"Somos o caminho que te conecta ao que mais importa!","article_publisher":"https:\/\/www.facebook.com\/spmar.rodoanel","article_modified_time":"2024-09-12T18:28:15+00:00","og_image":[{"url":"http:\/\/spmar.crpweb.com.br\/wp-content\/uploads\/2017\/08\/resgateanimal.png","type":"","width":"","height":""}],"twitter_card":"summary_large_image","twitter_misc":{"Est. tempo de leitura":"1 minuto"},"schema":{"@context":"https:\/\/schema.org","@graph":[{"@type":"WebPage","@id":"https:\/\/www.spmar.com.br\/web\/servicos\/resgate-animal\/","url":"https:\/\/www.spmar.com.br\/web\/servicos\/resgate-animal\/","name":"Resgate Animal - Somos o caminho que te conecta ao que mais importa!","isPartOf":{"@id":"https:\/\/www.spmar.com.br\/web\/#website"},"primaryImageOfPage":{"@id":"https:\/\/www.spmar.com.br\/web\/servicos\/resgate-animal\/#primaryimage"},"image":{"@id":"https:\/\/www.spmar.com.br\/web\/servicos\/resgate-animal\/#primaryimage"},"thumbnailUrl":"https:\/\/www.spmar.com.br\/web\/wp-content\/uploads\/2024\/08\/resgate_animal.webp","datePublished":"2017-08-08T13:50:40+00:00","dateModified":"2024-09-12T18:28:15+00:00","breadcrumb":{"@id":"https:\/\/www.spmar.com.br\/web\/servicos\/resgate-animal\/#breadcrumb"},"inLanguage":"pt-BR","potentialAction":[{"@type":"ReadAction","target":["https:\/\/www.spmar.com.br\/web\/servicos\/resgate-animal\/"]}]},{"@type":"ImageObject","inLanguage":"pt-BR","@id":"https:\/\/www.spmar.com.br\/web\/servicos\/resgate-animal\/#primaryimage","url":"https:\/\/www.spmar.com.br\/web\/wp-content\/uploads\/2024\/08\/resgate_animal.webp","contentUrl":"https:\/\/www.spmar.com.br\/web\/wp-content\/uploads\/2024\/08\/resgate_animal.webp","width":1280,"height":960},{"@type":"BreadcrumbList","@id":"https:\/\/www.spmar.com.br\/web\/servicos\/resgate-animal\/#breadcrumb","itemListElement":[{"@type":"ListItem","position":1,"name":"Home","item":"https:\/\/www.spmar.com.br\/web\/"},{"@type":"ListItem","position":2,"name":"Atendimento ao Usu\u00e1rio","item":"https:\/\/www.spmar.com.br\/web\/servicos\/"},{"@type":"ListItem","position":3,"name":"Resgate animal"}]},{"@type":"WebSite","@id":"https:\/\/www.spmar.com.br\/web\/#website","url":"https:\/\/www.spmar.com.br\/web\/","name":"SPMAR","description":"A Concession\u00e1ria SPMAR atua na administra\u00e7\u00e3o dos Trechos Sul e Leste do Rodoanel Mario Covas e, com isso,\u00e9 respons\u00e1vel pela gest\u00e3o de 76% do Rodoanel Metropolitano de S\u00e3o Paulo em opera\u00e7\u00e3o.","publisher":{"@id":"https:\/\/www.spmar.com.br\/web\/#organization"},"potentialAction":[{"@type":"SearchAction","target":{"@type":"EntryPoint","urlTemplate":"https:\/\/www.spmar.com.br\/web\/?s={search_term_string}"},"query-input":{"@type":"PropertyValueSpecification","valueRequired":true,"valueName":"search_term_string"}}],"inLanguage":"pt-BR"},{"@type":"Organization","@id":"https:\/\/www.spmar.com.br\/web\/#organization","name":"Concession\u00e1ria SPMAR","url":"https:\/\/www.spmar.com.br\/web\/","logo":{"@type":"ImageObject","inLanguage":"pt-BR","@id":"https:\/\/www.spmar.com.br\/web\/#\/schema\/logo\/image\/","url":"https:\/\/www.spmar.com.br\/web\/wp-content\/uploads\/2017\/11\/logo_H.jpg","contentUrl":"https:\/\/www.spmar.com.br\/web\/wp-content\/uploads\/2017\/11\/logo_H.jpg","width":448,"height":97,"caption":"Concession\u00e1ria SPMAR"},"image":{"@id":"https:\/\/www.spmar.com.br\/web\/#\/schema\/logo\/image\/"},"sameAs":["https:\/\/www.facebook.com\/spmar.rodoanel","https:\/\/www.linkedin.com\/company\/spmarbr\/","https:\/\/www.instagram.com\/spmarbr\/"]}]}},"jetpack_sharing_enabled":true,"_links":{"self":[{"href":"https:\/\/www.spmar.com.br\/web\/wp-json\/wp\/v2\/pages\/166","targetHints":{"allow":["GET"]}}],"collection":[{"href":"https:\/\/www.spmar.com.br\/web\/wp-json\/wp\/v2\/pages"}],"about":[{"href":"https:\/\/www.spmar.com.br\/web\/wp-json\/wp\/v2\/types\/page"}],"author":[{"embeddable":true,"href":"https:\/\/www.spmar.com.br\/web\/wp-json\/wp\/v2\/users\/1"}],"replies":[{"embeddable":true,"href":"https:\/\/www.spmar.com.br\/web\/wp-json\/wp\/v2\/comments?post=166"}],"version-history":[{"count":8,"href":"https:\/\/www.spmar.com.br\/web\/wp-json\/wp\/v2\/pages\/166\/revisions"}],"predecessor-version":[{"id":4823,"href":"https:\/\/www.spmar.com.br\/web\/wp-json\/wp\/v2\/pages\/166\/revisions\/4823"}],"up":[{"embeddable":true,"href":"https:\/\/www.spmar.com.br\/web\/wp-json\/wp\/v2\/pages\/18"}],"wp:featuredmedia":[{"embeddable":true,"href":"https:\/\/www.spmar.com.br\/web\/wp-json\/wp\/v2\/media\/4539"}],"wp:attachment":[{"href":"https:\/\/www.spmar.com.br\/web\/wp-json\/wp\/v2\/media?parent=166"}],"curies":[{"name":"wp","href":"https:\/\/api.w.org\/{rel}","templated":true}]}}