{"id":118,"date":"2017-08-08T09:41:04","date_gmt":"2017-08-08T12:41:04","guid":{"rendered":"http:\/\/spmar.crpweb.com.br\/?page_id=118"},"modified":"2024-08-21T12:32:24","modified_gmt":"2024-08-21T15:32:24","slug":"guinchos","status":"publish","type":"page","link":"https:\/\/www.spmar.com.br\/web\/servicos\/guinchos\/","title":{"rendered":"Guinchos"},"content":{"rendered":"<h2>Guinchos<\/h2>\n<p>&nbsp;<\/p>\n<p>Em casos de panes que necessitem de reparos espec\u00edficos, a Concession\u00e1ria SPMAR disponibiliza, gratuitamente, o servi\u00e7o de guincho para remover o ve\u00edculo at\u00e9 um ponto de apoio da concession\u00e1ria mais pr\u00f3ximo, para que o motorista n\u00e3o fique parado na rodovia e tenha a seguran\u00e7a para solicitar um aux\u00edlio especializado. Para esse servi\u00e7o h\u00e1 uma equipe com 5 guinchos leves e 2 pesados disponibilizados ao longo dos Trechos Sul e Leste do Rodoanel.<\/p>\n<p>&nbsp;<\/p>\n<p><img fetchpriority=\"high\" decoding=\"async\" class=\"img-responsive aligncenter wp-image-247 size-full\" src=\"http:\/\/spmar.crpweb.com.br\/wp-content\/uploads\/2017\/08\/guinchos.png\" alt=\"\" width=\"1180\" height=\"355\" srcset=\"https:\/\/www.spmar.com.br\/web\/wp-content\/uploads\/2017\/08\/guinchos.png 1180w, https:\/\/www.spmar.com.br\/web\/wp-content\/uploads\/2017\/08\/guinchos-150x45.png 150w, https:\/\/www.spmar.com.br\/web\/wp-content\/uploads\/2017\/08\/guinchos-300x90.png 300w, https:\/\/www.spmar.com.br\/web\/wp-content\/uploads\/2017\/08\/guinchos-768x231.png 768w, https:\/\/www.spmar.com.br\/web\/wp-content\/uploads\/2017\/08\/guinchos-1024x308.png 1024w\" sizes=\"(max-width: 1180px) 100vw, 1180px\" \/><\/p>\n<p>&nbsp;<\/p>\n<p>&nbsp;<\/p>\n","protected":false},"excerpt":{"rendered":"<p>Guinchos &nbsp; Em casos de panes que necessitem de reparos espec\u00edficos, a Concession\u00e1ria SPMAR disponibiliza, gratuitamente, o servi\u00e7o de guincho para remover o ve\u00edculo at\u00e9 um ponto de apoio da concession\u00e1ria mais pr\u00f3ximo, para que o motorista n\u00e3o fique parado na rodovia e tenha a seguran\u00e7a para solicitar um aux\u00edlio especializado. Para esse servi\u00e7o h\u00e1 [&hellip;]<\/p>\n","protected":false},"author":1,"featured_media":3939,"parent":18,"menu_order":4,"comment_status":"closed","ping_status":"closed","template":"","meta":{"_acf_changed":false,"inline_featured_image":false,"footnotes":""},"class_list":["post-118","page","type-page","status-publish","has-post-thumbnail","hentry"],"acf":[],"yoast_head":"<!-- This site is optimized with the Yoast SEO plugin v27.4 - https:\/\/yoast.com\/product\/yoast-seo-wordpress\/ -->\n<title>Guinchos - Somos o caminho que te conecta ao que mais importa!<\/title>\n<meta name=\"robots\" content=\"index, follow, max-snippet:-1, max-image-preview:large, max-video-preview:-1\" \/>\n<link rel=\"canonical\" href=\"https:\/\/www.spmar.com.br\/web\/servicos\/118-2\/\" \/>\n<meta property=\"og:locale\" content=\"pt_BR\" \/>\n<meta property=\"og:type\" content=\"article\" \/>\n<meta property=\"og:title\" content=\"Guinchos - Somos o caminho que te conecta ao que mais importa!\" \/>\n<meta property=\"og:description\" content=\"Guinchos &nbsp; Em casos de panes que necessitem de reparos espec\u00edficos, a Concession\u00e1ria SPMAR disponibiliza, gratuitamente, o servi\u00e7o de guincho para remover o ve\u00edculo at\u00e9 um ponto de apoio da concession\u00e1ria mais pr\u00f3ximo, para que o motorista n\u00e3o fique parado na rodovia e tenha a seguran\u00e7a para solicitar um aux\u00edlio especializado. Para esse servi\u00e7o h\u00e1 [&hellip;]\" \/>\n<meta property=\"og:url\" content=\"https:\/\/www.spmar.com.br\/web\/servicos\/118-2\/\" \/>\n<meta property=\"og:site_name\" content=\"Somos o caminho que te conecta ao que mais importa!\" \/>\n<meta property=\"article:publisher\" content=\"https:\/\/www.facebook.com\/spmar.rodoanel\" \/>\n<meta property=\"article:modified_time\" content=\"2024-08-21T15:32:24+00:00\" \/>\n<meta property=\"og:image\" content=\"https:\/\/www.spmar.com.br\/web\/wp-content\/uploads\/2017\/08\/guinchos.png\" \/>\n\t<meta property=\"og:image:width\" content=\"1180\" \/>\n\t<meta property=\"og:image:height\" content=\"355\" \/>\n\t<meta property=\"og:image:type\" content=\"image\/png\" \/>\n<meta name=\"twitter:card\" content=\"summary_large_image\" \/>\n<script type=\"application\/ld+json\" class=\"yoast-schema-graph\">{\"@context\":\"https:\\\/\\\/schema.org\",\"@graph\":[{\"@type\":\"WebPage\",\"@id\":\"https:\\\/\\\/www.spmar.com.br\\\/web\\\/servicos\\\/118-2\\\/\",\"url\":\"https:\\\/\\\/www.spmar.com.br\\\/web\\\/servicos\\\/118-2\\\/\",\"name\":\"Guinchos - Somos o caminho que te conecta ao que mais importa!\",\"isPartOf\":{\"@id\":\"https:\\\/\\\/www.spmar.com.br\\\/web\\\/#website\"},\"primaryImageOfPage\":{\"@id\":\"https:\\\/\\\/www.spmar.com.br\\\/web\\\/servicos\\\/118-2\\\/#primaryimage\"},\"image\":{\"@id\":\"https:\\\/\\\/www.spmar.com.br\\\/web\\\/servicos\\\/118-2\\\/#primaryimage\"},\"thumbnailUrl\":\"https:\\\/\\\/www.spmar.com.br\\\/web\\\/wp-content\\\/uploads\\\/2024\\\/07\\\/servico_guincho-e1724254310815.webp\",\"datePublished\":\"2017-08-08T12:41:04+00:00\",\"dateModified\":\"2024-08-21T15:32:24+00:00\",\"breadcrumb\":{\"@id\":\"https:\\\/\\\/www.spmar.com.br\\\/web\\\/servicos\\\/118-2\\\/#breadcrumb\"},\"inLanguage\":\"pt-BR\",\"potentialAction\":[{\"@type\":\"ReadAction\",\"target\":[\"https:\\\/\\\/www.spmar.com.br\\\/web\\\/servicos\\\/118-2\\\/\"]}]},{\"@type\":\"ImageObject\",\"inLanguage\":\"pt-BR\",\"@id\":\"https:\\\/\\\/www.spmar.com.br\\\/web\\\/servicos\\\/118-2\\\/#primaryimage\",\"url\":\"https:\\\/\\\/www.spmar.com.br\\\/web\\\/wp-content\\\/uploads\\\/2024\\\/07\\\/servico_guincho-e1724254310815.webp\",\"contentUrl\":\"https:\\\/\\\/www.spmar.com.br\\\/web\\\/wp-content\\\/uploads\\\/2024\\\/07\\\/servico_guincho-e1724254310815.webp\",\"width\":1200,\"height\":1002},{\"@type\":\"BreadcrumbList\",\"@id\":\"https:\\\/\\\/www.spmar.com.br\\\/web\\\/servicos\\\/118-2\\\/#breadcrumb\",\"itemListElement\":[{\"@type\":\"ListItem\",\"position\":1,\"name\":\"Home\",\"item\":\"https:\\\/\\\/www.spmar.com.br\\\/web\\\/\"},{\"@type\":\"ListItem\",\"position\":2,\"name\":\"Atendimento ao Usu\u00e1rio\",\"item\":\"https:\\\/\\\/www.spmar.com.br\\\/web\\\/servicos\\\/\"},{\"@type\":\"ListItem\",\"position\":3,\"name\":\"Guinchos\"}]},{\"@type\":\"WebSite\",\"@id\":\"https:\\\/\\\/www.spmar.com.br\\\/web\\\/#website\",\"url\":\"https:\\\/\\\/www.spmar.com.br\\\/web\\\/\",\"name\":\"SPMAR\",\"description\":\"A Concession\u00e1ria SPMAR atua na administra\u00e7\u00e3o dos Trechos Sul e Leste do Rodoanel Mario Covas e, com isso,\u00e9 respons\u00e1vel pela gest\u00e3o de 76% do Rodoanel Metropolitano de S\u00e3o Paulo em opera\u00e7\u00e3o.\",\"publisher\":{\"@id\":\"https:\\\/\\\/www.spmar.com.br\\\/web\\\/#organization\"},\"potentialAction\":[{\"@type\":\"SearchAction\",\"target\":{\"@type\":\"EntryPoint\",\"urlTemplate\":\"https:\\\/\\\/www.spmar.com.br\\\/web\\\/?s={search_term_string}\"},\"query-input\":{\"@type\":\"PropertyValueSpecification\",\"valueRequired\":true,\"valueName\":\"search_term_string\"}}],\"inLanguage\":\"pt-BR\"},{\"@type\":\"Organization\",\"@id\":\"https:\\\/\\\/www.spmar.com.br\\\/web\\\/#organization\",\"name\":\"Concession\u00e1ria SPMAR\",\"url\":\"https:\\\/\\\/www.spmar.com.br\\\/web\\\/\",\"logo\":{\"@type\":\"ImageObject\",\"inLanguage\":\"pt-BR\",\"@id\":\"https:\\\/\\\/www.spmar.com.br\\\/web\\\/#\\\/schema\\\/logo\\\/image\\\/\",\"url\":\"https:\\\/\\\/www.spmar.com.br\\\/web\\\/wp-content\\\/uploads\\\/2017\\\/11\\\/logo_H.jpg\",\"contentUrl\":\"https:\\\/\\\/www.spmar.com.br\\\/web\\\/wp-content\\\/uploads\\\/2017\\\/11\\\/logo_H.jpg\",\"width\":448,\"height\":97,\"caption\":\"Concession\u00e1ria SPMAR\"},\"image\":{\"@id\":\"https:\\\/\\\/www.spmar.com.br\\\/web\\\/#\\\/schema\\\/logo\\\/image\\\/\"},\"sameAs\":[\"https:\\\/\\\/www.facebook.com\\\/spmar.rodoanel\",\"https:\\\/\\\/www.linkedin.com\\\/company\\\/spmarbr\\\/\",\"https:\\\/\\\/www.instagram.com\\\/spmarbr\\\/\"]}]}<\/script>\n<!-- \/ Yoast SEO plugin. -->","yoast_head_json":{"title":"Guinchos - Somos o caminho que te conecta ao que mais importa!","robots":{"index":"index","follow":"follow","max-snippet":"max-snippet:-1","max-image-preview":"max-image-preview:large","max-video-preview":"max-video-preview:-1"},"canonical":"https:\/\/www.spmar.com.br\/web\/servicos\/118-2\/","og_locale":"pt_BR","og_type":"article","og_title":"Guinchos - Somos o caminho que te conecta ao que mais importa!","og_description":"Guinchos &nbsp; Em casos de panes que necessitem de reparos espec\u00edficos, a Concession\u00e1ria SPMAR disponibiliza, gratuitamente, o servi\u00e7o de guincho para remover o ve\u00edculo at\u00e9 um ponto de apoio da concession\u00e1ria mais pr\u00f3ximo, para que o motorista n\u00e3o fique parado na rodovia e tenha a seguran\u00e7a para solicitar um aux\u00edlio especializado. Para esse servi\u00e7o h\u00e1 [&hellip;]","og_url":"https:\/\/www.spmar.com.br\/web\/servicos\/118-2\/","og_site_name":"Somos o caminho que te conecta ao que mais importa!","article_publisher":"https:\/\/www.facebook.com\/spmar.rodoanel","article_modified_time":"2024-08-21T15:32:24+00:00","og_image":[{"width":1180,"height":355,"url":"https:\/\/www.spmar.com.br\/web\/wp-content\/uploads\/2017\/08\/guinchos.png","type":"image\/png"}],"twitter_card":"summary_large_image","schema":{"@context":"https:\/\/schema.org","@graph":[{"@type":"WebPage","@id":"https:\/\/www.spmar.com.br\/web\/servicos\/118-2\/","url":"https:\/\/www.spmar.com.br\/web\/servicos\/118-2\/","name":"Guinchos - Somos o caminho que te conecta ao que mais importa!","isPartOf":{"@id":"https:\/\/www.spmar.com.br\/web\/#website"},"primaryImageOfPage":{"@id":"https:\/\/www.spmar.com.br\/web\/servicos\/118-2\/#primaryimage"},"image":{"@id":"https:\/\/www.spmar.com.br\/web\/servicos\/118-2\/#primaryimage"},"thumbnailUrl":"https:\/\/www.spmar.com.br\/web\/wp-content\/uploads\/2024\/07\/servico_guincho-e1724254310815.webp","datePublished":"2017-08-08T12:41:04+00:00","dateModified":"2024-08-21T15:32:24+00:00","breadcrumb":{"@id":"https:\/\/www.spmar.com.br\/web\/servicos\/118-2\/#breadcrumb"},"inLanguage":"pt-BR","potentialAction":[{"@type":"ReadAction","target":["https:\/\/www.spmar.com.br\/web\/servicos\/118-2\/"]}]},{"@type":"ImageObject","inLanguage":"pt-BR","@id":"https:\/\/www.spmar.com.br\/web\/servicos\/118-2\/#primaryimage","url":"https:\/\/www.spmar.com.br\/web\/wp-content\/uploads\/2024\/07\/servico_guincho-e1724254310815.webp","contentUrl":"https:\/\/www.spmar.com.br\/web\/wp-content\/uploads\/2024\/07\/servico_guincho-e1724254310815.webp","width":1200,"height":1002},{"@type":"BreadcrumbList","@id":"https:\/\/www.spmar.com.br\/web\/servicos\/118-2\/#breadcrumb","itemListElement":[{"@type":"ListItem","position":1,"name":"Home","item":"https:\/\/www.spmar.com.br\/web\/"},{"@type":"ListItem","position":2,"name":"Atendimento ao Usu\u00e1rio","item":"https:\/\/www.spmar.com.br\/web\/servicos\/"},{"@type":"ListItem","position":3,"name":"Guinchos"}]},{"@type":"WebSite","@id":"https:\/\/www.spmar.com.br\/web\/#website","url":"https:\/\/www.spmar.com.br\/web\/","name":"SPMAR","description":"A Concession\u00e1ria SPMAR atua na administra\u00e7\u00e3o dos Trechos Sul e Leste do Rodoanel Mario Covas e, com isso,\u00e9 respons\u00e1vel pela gest\u00e3o de 76% do Rodoanel Metropolitano de S\u00e3o Paulo em opera\u00e7\u00e3o.","publisher":{"@id":"https:\/\/www.spmar.com.br\/web\/#organization"},"potentialAction":[{"@type":"SearchAction","target":{"@type":"EntryPoint","urlTemplate":"https:\/\/www.spmar.com.br\/web\/?s={search_term_string}"},"query-input":{"@type":"PropertyValueSpecification","valueRequired":true,"valueName":"search_term_string"}}],"inLanguage":"pt-BR"},{"@type":"Organization","@id":"https:\/\/www.spmar.com.br\/web\/#organization","name":"Concession\u00e1ria SPMAR","url":"https:\/\/www.spmar.com.br\/web\/","logo":{"@type":"ImageObject","inLanguage":"pt-BR","@id":"https:\/\/www.spmar.com.br\/web\/#\/schema\/logo\/image\/","url":"https:\/\/www.spmar.com.br\/web\/wp-content\/uploads\/2017\/11\/logo_H.jpg","contentUrl":"https:\/\/www.spmar.com.br\/web\/wp-content\/uploads\/2017\/11\/logo_H.jpg","width":448,"height":97,"caption":"Concession\u00e1ria SPMAR"},"image":{"@id":"https:\/\/www.spmar.com.br\/web\/#\/schema\/logo\/image\/"},"sameAs":["https:\/\/www.facebook.com\/spmar.rodoanel","https:\/\/www.linkedin.com\/company\/spmarbr\/","https:\/\/www.instagram.com\/spmarbr\/"]}]}},"jetpack_sharing_enabled":true,"_links":{"self":[{"href":"https:\/\/www.spmar.com.br\/web\/wp-json\/wp\/v2\/pages\/118","targetHints":{"allow":["GET"]}}],"collection":[{"href":"https:\/\/www.spmar.com.br\/web\/wp-json\/wp\/v2\/pages"}],"about":[{"href":"https:\/\/www.spmar.com.br\/web\/wp-json\/wp\/v2\/types\/page"}],"author":[{"embeddable":true,"href":"https:\/\/www.spmar.com.br\/web\/wp-json\/wp\/v2\/users\/1"}],"replies":[{"embeddable":true,"href":"https:\/\/www.spmar.com.br\/web\/wp-json\/wp\/v2\/comments?post=118"}],"version-history":[{"count":10,"href":"https:\/\/www.spmar.com.br\/web\/wp-json\/wp\/v2\/pages\/118\/revisions"}],"predecessor-version":[{"id":2290,"href":"https:\/\/www.spmar.com.br\/web\/wp-json\/wp\/v2\/pages\/118\/revisions\/2290"}],"up":[{"embeddable":true,"href":"https:\/\/www.spmar.com.br\/web\/wp-json\/wp\/v2\/pages\/18"}],"wp:featuredmedia":[{"embeddable":true,"href":"https:\/\/www.spmar.com.br\/web\/wp-json\/wp\/v2\/media\/3939"}],"wp:attachment":[{"href":"https:\/\/www.spmar.com.br\/web\/wp-json\/wp\/v2\/media?parent=118"}],"curies":[{"name":"wp","href":"https:\/\/api.w.org\/{rel}","templated":true}]}}